{"id":7976,"date":"2026-04-10T18:06:20","date_gmt":"2026-04-10T18:06:20","guid":{"rendered":"https:\/\/educaredigital.online\/loja\/produto\/produto-102\/"},"modified":"2026-04-24T20:38:35","modified_gmt":"2026-04-24T20:38:35","slug":"produto-102","status":"publish","type":"product","link":"https:\/\/educaredigital.online\/loja\/produto\/produto-102\/","title":{"rendered":"Descubra o Intruso &#8211; 50 Pe\u00e7as"},"content":{"rendered":"<p>O jogo\u00a0<strong>Descubra o Intruso &#8211; 50 Pe\u00e7as<\/strong>\u00a0\u00e9 um educativo desafio em MDF e cart\u00e3o duplex que cont\u00e9m\u00a0<strong>25 cartelas<\/strong>\u00a0e\u00a0<strong>25 cartas<\/strong>. O objetivo \u00e9 observar cada carta e identificar qual figura n\u00e3o pertence ao grupo, estimulando a percep\u00e7\u00e3o visual e a capacidade de classifica\u00e7\u00e3o. Perfeito para usar com toda a turma, j\u00e1 que a din\u00e2mica permite que a crian\u00e7a explique o porqu\u00ea da sua escolha, incentivando a argumenta\u00e7\u00e3o e a comunica\u00e7\u00e3o. Armazenado em uma pr\u00e1tica\u00a0<strong>caixa de madeira<\/strong>, o material \u00e9 dur\u00e1vel e garante longas sess\u00f5es de jogo.<\/p>\n<div class=\"details-table-wrapper\">\n<table class=\"product-details-table\">\n<tbody>\n<tr>\n<td>Marca<\/td>\n<td>BrinkMobil<\/td>\n<\/tr>\n<tr>\n<td>Material<\/td>\n<td>\u00a0Madeira<\/td>\n<\/tr>\n<tr>\n<td>Faixa Et\u00e1ria<\/td>\n<td>A partir de 4 Anos<\/td>\n<\/tr>\n<\/tbody>\n<\/table>\n<\/div>\n","protected":false},"excerpt":{"rendered":"<p>O jogo\u00a0Descubra o Intruso &#8211; 50 Pe\u00e7as\u00a0\u00e9 um educativo desafio em MDF e cart\u00e3o duplex que cont\u00e9m\u00a025 cartelas\u00a0e\u00a025 cartas. O objetivo \u00e9 observar cada carta e identificar qual figura n\u00e3o pertence ao grupo, estimulando a percep\u00e7\u00e3o visual e a capacidade<\/p>\n","protected":false},"featured_media":7975,"comment_status":"open","ping_status":"closed","template":"","meta":[],"product_brand":[232],"product_cat":[211],"product_tag":[],"class_list":{"0":"post-7976","1":"product","2":"type-product","3":"status-publish","6":"product_brand-brink-mobil","7":"product_cat-psicomotricidade-jogos-e-brinquedos","9":"first","10":"instock","11":"shipping-taxable","12":"purchasable","13":"product-type-simple"},"_links":{"self":[{"href":"https:\/\/educaredigital.online\/loja\/wp-json\/wp\/v2\/product\/7976","targetHints":{"allow":["GET"]}}],"collection":[{"href":"https:\/\/educaredigital.online\/loja\/wp-json\/wp\/v2\/product"}],"about":[{"href":"https:\/\/educaredigital.online\/loja\/wp-json\/wp\/v2\/types\/product"}],"replies":[{"embeddable":true,"href":"https:\/\/educaredigital.online\/loja\/wp-json\/wp\/v2\/comments?post=7976"}],"wp:featuredmedia":[{"embeddable":true,"href":"https:\/\/educaredigital.online\/loja\/wp-json\/wp\/v2\/media\/7975"}],"wp:attachment":[{"href":"https:\/\/educaredigital.online\/loja\/wp-json\/wp\/v2\/media?parent=7976"}],"wp:term":[{"taxonomy":"product_brand","embeddable":true,"href":"https:\/\/educaredigital.online\/loja\/wp-json\/wp\/v2\/product_brand?post=7976"},{"taxonomy":"product_cat","embeddable":true,"href":"https:\/\/educaredigital.online\/loja\/wp-json\/wp\/v2\/product_cat?post=7976"},{"taxonomy":"product_tag","embeddable":true,"href":"https:\/\/educaredigital.online\/loja\/wp-json\/wp\/v2\/product_tag?post=7976"}],"curies":[{"name":"wp","href":"https:\/\/api.w.org\/{rel}","templated":true}]}}