{"id":7972,"date":"2026-04-10T18:06:18","date_gmt":"2026-04-10T18:06:18","guid":{"rendered":"https:\/\/educaredigital.online\/loja\/produto\/produto-100\/"},"modified":"2026-04-24T20:39:55","modified_gmt":"2026-04-24T20:39:55","slug":"produto-100","status":"publish","type":"product","link":"https:\/\/educaredigital.online\/loja\/produto\/produto-100\/","title":{"rendered":"Conjunto Quebra &#8211; Cabe\u00e7a Ilustrado Com Letras &#8211; 48 Pe\u00e7as"},"content":{"rendered":"<p class=\"ds-markdown-paragraph\">\u00a0\u00c9 um material confeccionado em MDF e impresso em policromia, contendo 48 pe\u00e7as encaix\u00e1veis que se organizam em 12 quebra-cabe\u00e7as individuais. Cada pe\u00e7a montada revela uma ilustra\u00e7\u00e3o e, ao lado, a palavra correspondente, permitindo que a crian\u00e7a associe a imagem \u00e0 sua escrita de forma l\u00fadica e interativa. Acondicionado em uma pr\u00e1tica caixa de madeira, o conjunto \u00e9 dur\u00e1vel e garante f\u00e1cil armazenamento e transporte.<\/p>\n<p class=\"ds-markdown-paragraph\">O principal objetivo do brinquedo \u00e9 estimular o processo de alfabetiza\u00e7\u00e3o, desenvolvendo o reconhecimento de letras, a amplia\u00e7\u00e3o do vocabul\u00e1rio e a capacidade de associa\u00e7\u00e3o entre imagem e palavra. \u00c9 uma ferramenta valiosa para a constru\u00e7\u00e3o da leitura e escrita, tornando o aprendizado mais significativo.<\/p>\n<div class=\"details-table-wrapper\">\n<table class=\"product-details-table\">\n<tbody>\n<tr>\n<td>Marca<\/td>\n<td>Brink Mobil<\/td>\n<\/tr>\n<tr>\n<td>Material<\/td>\n<td>\u00a0MDF<\/td>\n<\/tr>\n<tr>\n<td>Faixa Et\u00e1ria<\/td>\n<td>A partir de 3 Anos<\/td>\n<\/tr>\n<\/tbody>\n<\/table>\n<\/div>\n","protected":false},"excerpt":{"rendered":"<p>\u00a0\u00c9 um material confeccionado em MDF e impresso em policromia, contendo 48 pe\u00e7as encaix\u00e1veis que se organizam em 12 quebra-cabe\u00e7as individuais. Cada pe\u00e7a montada revela uma ilustra\u00e7\u00e3o e, ao lado, a palavra correspondente, permitindo que a crian\u00e7a associe a imagem<\/p>\n","protected":false},"featured_media":7971,"comment_status":"open","ping_status":"closed","template":"","meta":[],"product_brand":[232],"product_cat":[209],"product_tag":[],"class_list":{"0":"post-7972","1":"product","2":"type-product","3":"status-publish","6":"product_brand-brink-mobil","7":"product_cat-letramento-jogos-e-brinquedos","9":"first","10":"instock","11":"shipping-taxable","12":"purchasable","13":"product-type-simple"},"_links":{"self":[{"href":"https:\/\/educaredigital.online\/loja\/wp-json\/wp\/v2\/product\/7972","targetHints":{"allow":["GET"]}}],"collection":[{"href":"https:\/\/educaredigital.online\/loja\/wp-json\/wp\/v2\/product"}],"about":[{"href":"https:\/\/educaredigital.online\/loja\/wp-json\/wp\/v2\/types\/product"}],"replies":[{"embeddable":true,"href":"https:\/\/educaredigital.online\/loja\/wp-json\/wp\/v2\/comments?post=7972"}],"wp:featuredmedia":[{"embeddable":true,"href":"https:\/\/educaredigital.online\/loja\/wp-json\/wp\/v2\/media\/7971"}],"wp:attachment":[{"href":"https:\/\/educaredigital.online\/loja\/wp-json\/wp\/v2\/media?parent=7972"}],"wp:term":[{"taxonomy":"product_brand","embeddable":true,"href":"https:\/\/educaredigital.online\/loja\/wp-json\/wp\/v2\/product_brand?post=7972"},{"taxonomy":"product_cat","embeddable":true,"href":"https:\/\/educaredigital.online\/loja\/wp-json\/wp\/v2\/product_cat?post=7972"},{"taxonomy":"product_tag","embeddable":true,"href":"https:\/\/educaredigital.online\/loja\/wp-json\/wp\/v2\/product_tag?post=7972"}],"curies":[{"name":"wp","href":"https:\/\/api.w.org\/{rel}","templated":true}]}}