{"id":7970,"date":"2026-04-10T18:06:17","date_gmt":"2026-04-10T18:06:17","guid":{"rendered":"https:\/\/educaredigital.online\/loja\/produto\/produto-99\/"},"modified":"2026-04-24T20:43:40","modified_gmt":"2026-04-24T20:43:40","slug":"produto-99","status":"publish","type":"product","link":"https:\/\/educaredigital.online\/loja\/produto\/produto-99\/","title":{"rendered":"Quebra &#8211; Cabe\u00e7a Divis\u00e3o Sil\u00e1bica Em MDF-55 P\u00e7s"},"content":{"rendered":"<p>O\u00a0<strong>Quebra-Cabe\u00e7a Divis\u00e3o Sil\u00e1bica em MDF &#8211; 55 Pe\u00e7as<\/strong>\u00a0\u00e9 um recurso confeccionado em MDF e impresso em policromia, contendo\u00a0<strong>55 pe\u00e7as encaix\u00e1veis<\/strong>\u00a0que formam\u00a0<strong>16 quebra-cabe\u00e7as individuais<\/strong>\u00a0(cada um medindo\u00a0<strong>120x110x2,8mm<\/strong>). O jogo \u00e9 acondicionado em uma pr\u00e1tica caixa de madeira e tem como principal objetivo\u00a0<strong>estimular o processo cognitivo de forma\u00e7\u00e3o de palavras<\/strong>: a crian\u00e7a deve construir a palavra que corresponde \u00e0 imagem de cada quebra-cabe\u00e7a, encaixando as s\u00edlabas que a comp\u00f5em. Dessa forma, ele trabalha diretamente a\u00a0<strong>divis\u00e3o sil\u00e1bica<\/strong>, a\u00a0<strong>leitura<\/strong>, a\u00a0<strong>escrita<\/strong>, a\u00a0<strong>coordena\u00e7\u00e3o motora<\/strong>\u00a0e o\u00a0<strong>racioc\u00ednio l\u00f3gico.<\/strong><\/p>\n<div class=\"details-table-wrapper\">\n<table class=\"product-details-table\">\n<tbody>\n<tr>\n<td>Marca<\/td>\n<td>Brink Mobil<\/td>\n<\/tr>\n<tr>\n<td>Material<\/td>\n<td>\u00a0MDF<\/td>\n<\/tr>\n<tr>\n<td>Faixa Et\u00e1ria<\/td>\n<td>A partir de 5 Anos<\/td>\n<\/tr>\n<\/tbody>\n<\/table>\n<\/div>\n","protected":false},"excerpt":{"rendered":"<p>O\u00a0Quebra-Cabe\u00e7a Divis\u00e3o Sil\u00e1bica em MDF &#8211; 55 Pe\u00e7as\u00a0\u00e9 um recurso confeccionado em MDF e impresso em policromia, contendo\u00a055 pe\u00e7as encaix\u00e1veis\u00a0que formam\u00a016 quebra-cabe\u00e7as individuais\u00a0(cada um medindo\u00a0120x110x2,8mm). O jogo \u00e9 acondicionado em uma pr\u00e1tica caixa de madeira e tem como principal objetivo\u00a0estimular<\/p>\n","protected":false},"featured_media":7969,"comment_status":"open","ping_status":"closed","template":"","meta":[],"product_brand":[232],"product_cat":[209],"product_tag":[],"class_list":{"0":"post-7970","1":"product","2":"type-product","3":"status-publish","6":"product_brand-brink-mobil","7":"product_cat-letramento-jogos-e-brinquedos","9":"first","10":"instock","11":"shipping-taxable","12":"purchasable","13":"product-type-simple"},"_links":{"self":[{"href":"https:\/\/educaredigital.online\/loja\/wp-json\/wp\/v2\/product\/7970","targetHints":{"allow":["GET"]}}],"collection":[{"href":"https:\/\/educaredigital.online\/loja\/wp-json\/wp\/v2\/product"}],"about":[{"href":"https:\/\/educaredigital.online\/loja\/wp-json\/wp\/v2\/types\/product"}],"replies":[{"embeddable":true,"href":"https:\/\/educaredigital.online\/loja\/wp-json\/wp\/v2\/comments?post=7970"}],"wp:featuredmedia":[{"embeddable":true,"href":"https:\/\/educaredigital.online\/loja\/wp-json\/wp\/v2\/media\/7969"}],"wp:attachment":[{"href":"https:\/\/educaredigital.online\/loja\/wp-json\/wp\/v2\/media?parent=7970"}],"wp:term":[{"taxonomy":"product_brand","embeddable":true,"href":"https:\/\/educaredigital.online\/loja\/wp-json\/wp\/v2\/product_brand?post=7970"},{"taxonomy":"product_cat","embeddable":true,"href":"https:\/\/educaredigital.online\/loja\/wp-json\/wp\/v2\/product_cat?post=7970"},{"taxonomy":"product_tag","embeddable":true,"href":"https:\/\/educaredigital.online\/loja\/wp-json\/wp\/v2\/product_tag?post=7970"}],"curies":[{"name":"wp","href":"https:\/\/api.w.org\/{rel}","templated":true}]}}