{"id":7968,"date":"2026-04-10T18:06:17","date_gmt":"2026-04-10T18:06:17","guid":{"rendered":"https:\/\/educaredigital.online\/loja\/produto\/produto-98\/"},"modified":"2026-04-24T20:43:05","modified_gmt":"2026-04-24T20:43:05","slug":"produto-98","status":"publish","type":"product","link":"https:\/\/educaredigital.online\/loja\/produto\/produto-98\/","title":{"rendered":"Alfabeto Divertido  Em MDF 49 P\u00e7s"},"content":{"rendered":"<p class=\"ds-markdown-paragraph\"><strong>Alfabeto Divertido em MDF &#8211; 49 Pe\u00e7as<\/strong>\u00a0da Brink Mobil \u00e9 um recurso confeccionado em MDF e impresso em policromia. As 49 pe\u00e7as se encaixam em duas partes, formando 26 quebra-cabe\u00e7as que associam uma imagem colorida \u00e0 sua letra inicial, permitindo que a crian\u00e7a explore o alfabeto de forma interativa.<\/p>\n<p class=\"ds-markdown-paragraph\">Este brinquedo \u00e9 um est\u00edmulo \u00e0 melhora da motricidade e ajuda na compreens\u00e3o e memoriza\u00e7\u00e3o do alfabeto, auxiliando no processo de escrita e leitura.<\/p>\n<div class=\"details-table-wrapper\">\n<table class=\"product-details-table\">\n<tbody>\n<tr>\n<td>Marca<\/td>\n<td>Brink Mobil<\/td>\n<\/tr>\n<tr>\n<td>Material<\/td>\n<td>\u00a0MDF<\/td>\n<\/tr>\n<tr>\n<td>Faixa Et\u00e1ria<\/td>\n<td>A partir de 4 Anos<\/td>\n<\/tr>\n<\/tbody>\n<\/table>\n<\/div>\n","protected":false},"excerpt":{"rendered":"<p>Alfabeto Divertido em MDF &#8211; 49 Pe\u00e7as\u00a0da Brink Mobil \u00e9 um recurso confeccionado em MDF e impresso em policromia. As 49 pe\u00e7as se encaixam em duas partes, formando 26 quebra-cabe\u00e7as que associam uma imagem colorida \u00e0 sua letra inicial, permitindo<\/p>\n","protected":false},"featured_media":7967,"comment_status":"open","ping_status":"closed","template":"","meta":[],"product_brand":[232],"product_cat":[209],"product_tag":[],"class_list":{"0":"post-7968","1":"product","2":"type-product","3":"status-publish","6":"product_brand-brink-mobil","7":"product_cat-letramento-jogos-e-brinquedos","9":"first","10":"instock","11":"shipping-taxable","12":"purchasable","13":"product-type-simple"},"_links":{"self":[{"href":"https:\/\/educaredigital.online\/loja\/wp-json\/wp\/v2\/product\/7968","targetHints":{"allow":["GET"]}}],"collection":[{"href":"https:\/\/educaredigital.online\/loja\/wp-json\/wp\/v2\/product"}],"about":[{"href":"https:\/\/educaredigital.online\/loja\/wp-json\/wp\/v2\/types\/product"}],"replies":[{"embeddable":true,"href":"https:\/\/educaredigital.online\/loja\/wp-json\/wp\/v2\/comments?post=7968"}],"wp:featuredmedia":[{"embeddable":true,"href":"https:\/\/educaredigital.online\/loja\/wp-json\/wp\/v2\/media\/7967"}],"wp:attachment":[{"href":"https:\/\/educaredigital.online\/loja\/wp-json\/wp\/v2\/media?parent=7968"}],"wp:term":[{"taxonomy":"product_brand","embeddable":true,"href":"https:\/\/educaredigital.online\/loja\/wp-json\/wp\/v2\/product_brand?post=7968"},{"taxonomy":"product_cat","embeddable":true,"href":"https:\/\/educaredigital.online\/loja\/wp-json\/wp\/v2\/product_cat?post=7968"},{"taxonomy":"product_tag","embeddable":true,"href":"https:\/\/educaredigital.online\/loja\/wp-json\/wp\/v2\/product_tag?post=7968"}],"curies":[{"name":"wp","href":"https:\/\/api.w.org\/{rel}","templated":true}]}}