{"id":7966,"date":"2026-04-10T18:06:13","date_gmt":"2026-04-10T18:06:13","guid":{"rendered":"https:\/\/educaredigital.online\/loja\/produto\/produto-97\/"},"modified":"2026-04-24T20:44:41","modified_gmt":"2026-04-24T20:44:41","slug":"produto-97","status":"publish","type":"product","link":"https:\/\/educaredigital.online\/loja\/produto\/produto-97\/","title":{"rendered":"Conjunto Alfanum\u00e9rico Em Pl\u00e1stico &#8211; 1000 Pe\u00e7as"},"content":{"rendered":"<p class=\"ds-markdown-paragraph\">O\u00a0<strong>Conjunto Alfanum\u00e9rico em Pl\u00e1stico &#8211; 1000 Pe\u00e7as<\/strong>\u00a0da Brink Mobil \u00e9 um vers\u00e1til recurso educativo que apresenta\u00a0<strong>26 conjuntos de n\u00fameros de 0 a 9, 26 conjuntos do alfabeto de A a Z e 13 conjuntos de vogais<\/strong>, totalizando\u00a0<strong>1000 pe\u00e7as<\/strong>\u00a0em pl\u00e1stico polietileno at\u00f3xico de alto brilho, cada uma com aproximadamente 30mm. Acondicionado em uma pr\u00e1tica sacola de PVC transparente com z\u00edper e al\u00e7a, o conjunto \u00e9 planejado para auxiliar os alunos na\u00a0<strong>compreens\u00e3o do processo de forma\u00e7\u00e3o das palavras e dos n\u00fameros<\/strong>, estimulando seu desenvolvimento psicomotor.<\/p>\n<div class=\"details-table-wrapper\">\n<table class=\"product-details-table\">\n<tbody>\n<tr>\n<td>Marca<\/td>\n<td>Brink Mobil<\/td>\n<\/tr>\n<tr>\n<td>Material<\/td>\n<td>\u00a0Pl\u00e1stico<\/td>\n<\/tr>\n<tr>\n<td>Faixa Et\u00e1ria<\/td>\n<td>A partir de 3 Anos<\/td>\n<\/tr>\n<\/tbody>\n<\/table>\n<\/div>\n","protected":false},"excerpt":{"rendered":"<p>O\u00a0Conjunto Alfanum\u00e9rico em Pl\u00e1stico &#8211; 1000 Pe\u00e7as\u00a0da Brink Mobil \u00e9 um vers\u00e1til recurso educativo que apresenta\u00a026 conjuntos de n\u00fameros de 0 a 9, 26 conjuntos do alfabeto de A a Z e 13 conjuntos de vogais, totalizando\u00a01000 pe\u00e7as\u00a0em pl\u00e1stico polietileno<\/p>\n","protected":false},"featured_media":7965,"comment_status":"open","ping_status":"closed","template":"","meta":[],"product_brand":[232],"product_cat":[213],"product_tag":[],"class_list":{"0":"post-7966","1":"product","2":"type-product","3":"status-publish","6":"product_brand-brink-mobil","7":"product_cat-brinquedos-jogos-e-brinquedos","9":"first","10":"instock","11":"shipping-taxable","12":"purchasable","13":"product-type-simple"},"_links":{"self":[{"href":"https:\/\/educaredigital.online\/loja\/wp-json\/wp\/v2\/product\/7966","targetHints":{"allow":["GET"]}}],"collection":[{"href":"https:\/\/educaredigital.online\/loja\/wp-json\/wp\/v2\/product"}],"about":[{"href":"https:\/\/educaredigital.online\/loja\/wp-json\/wp\/v2\/types\/product"}],"replies":[{"embeddable":true,"href":"https:\/\/educaredigital.online\/loja\/wp-json\/wp\/v2\/comments?post=7966"}],"wp:featuredmedia":[{"embeddable":true,"href":"https:\/\/educaredigital.online\/loja\/wp-json\/wp\/v2\/media\/7965"}],"wp:attachment":[{"href":"https:\/\/educaredigital.online\/loja\/wp-json\/wp\/v2\/media?parent=7966"}],"wp:term":[{"taxonomy":"product_brand","embeddable":true,"href":"https:\/\/educaredigital.online\/loja\/wp-json\/wp\/v2\/product_brand?post=7966"},{"taxonomy":"product_cat","embeddable":true,"href":"https:\/\/educaredigital.online\/loja\/wp-json\/wp\/v2\/product_cat?post=7966"},{"taxonomy":"product_tag","embeddable":true,"href":"https:\/\/educaredigital.online\/loja\/wp-json\/wp\/v2\/product_tag?post=7966"}],"curies":[{"name":"wp","href":"https:\/\/api.w.org\/{rel}","templated":true}]}}