{"id":7962,"date":"2026-04-10T18:06:11","date_gmt":"2026-04-10T18:06:11","guid":{"rendered":"https:\/\/educaredigital.online\/loja\/produto\/produto-95\/"},"modified":"2026-04-24T20:46:17","modified_gmt":"2026-04-24T20:46:17","slug":"produto-95","status":"publish","type":"product","link":"https:\/\/educaredigital.online\/loja\/produto\/produto-95\/","title":{"rendered":"Batalha de Opere\u00e7\u00f5es  Em MDF"},"content":{"rendered":"<p class=\"ds-markdown-paragraph\">O\u00a0<strong>Batalha de Opera\u00e7\u00f5es em MDF<\/strong>\u00a0da Brink Mobil \u00e9 um jogo educativo que transforma o aprendizado da matem\u00e1tica em uma competi\u00e7\u00e3o divertida. O conjunto \u00e9 confeccionado em MDF com impress\u00e3o em policromia e cont\u00e9m\u00a0<strong>4 placas<\/strong>, sendo 2 para registro de pontos, uma com tabela de refer\u00eancia para multiplica\u00e7\u00e3o e outra para divis\u00e3o, cada uma medindo 210x150x2,8mm, al\u00e9m de\u00a0<strong>dois dados e uma roleta de pl\u00e1stico<\/strong>, tudo acondicionado em uma pr\u00e1tica caixa de papel\u00e3o.<\/p>\n<p class=\"ds-markdown-paragraph\">Idealizado para o desenvolvimento e fortalecimento da capacidade de efetuar\u00a0<strong>c\u00e1lculos mentais envolvendo as quatro opera\u00e7\u00f5es matem\u00e1ticas b\u00e1sicas<\/strong>, o jogo incentiva os alunos n\u00e3o apenas a realizarem os c\u00e1lculos, mas tamb\u00e9m a constru\u00edrem estrat\u00e9gias de verifica\u00e7\u00e3o das respostas. \u00c9 um excelente recurso para a fixa\u00e7\u00e3o de adi\u00e7\u00e3o, subtra\u00e7\u00e3o, multiplica\u00e7\u00e3o e divis\u00e3o, estimulando o racioc\u00ednio l\u00f3gico e a agilidade mental.<\/p>\n<div class=\"details-table-wrapper\">\n<table class=\"product-details-table\">\n<tbody>\n<tr>\n<td>Marca<\/td>\n<td>Brink Mobil<\/td>\n<\/tr>\n<tr>\n<td>Material<\/td>\n<td>\u00a0MDF<\/td>\n<\/tr>\n<tr>\n<td>Faixa Et\u00e1ria<\/td>\n<td>A partir de 6 Anos<\/td>\n<\/tr>\n<\/tbody>\n<\/table>\n<\/div>\n","protected":false},"excerpt":{"rendered":"<p>O\u00a0Batalha de Opera\u00e7\u00f5es em MDF\u00a0da Brink Mobil \u00e9 um jogo educativo que transforma o aprendizado da matem\u00e1tica em uma competi\u00e7\u00e3o divertida. O conjunto \u00e9 confeccionado em MDF com impress\u00e3o em policromia e cont\u00e9m\u00a04 placas, sendo 2 para registro de pontos,<\/p>\n","protected":false},"featured_media":7961,"comment_status":"open","ping_status":"closed","template":"","meta":[],"product_brand":[232],"product_cat":[210],"product_tag":[],"class_list":{"0":"post-7962","1":"product","2":"type-product","3":"status-publish","6":"product_brand-brink-mobil","7":"product_cat-matematica-jogos-e-brinquedos","9":"first","10":"instock","11":"shipping-taxable","12":"purchasable","13":"product-type-simple"},"_links":{"self":[{"href":"https:\/\/educaredigital.online\/loja\/wp-json\/wp\/v2\/product\/7962","targetHints":{"allow":["GET"]}}],"collection":[{"href":"https:\/\/educaredigital.online\/loja\/wp-json\/wp\/v2\/product"}],"about":[{"href":"https:\/\/educaredigital.online\/loja\/wp-json\/wp\/v2\/types\/product"}],"replies":[{"embeddable":true,"href":"https:\/\/educaredigital.online\/loja\/wp-json\/wp\/v2\/comments?post=7962"}],"wp:featuredmedia":[{"embeddable":true,"href":"https:\/\/educaredigital.online\/loja\/wp-json\/wp\/v2\/media\/7961"}],"wp:attachment":[{"href":"https:\/\/educaredigital.online\/loja\/wp-json\/wp\/v2\/media?parent=7962"}],"wp:term":[{"taxonomy":"product_brand","embeddable":true,"href":"https:\/\/educaredigital.online\/loja\/wp-json\/wp\/v2\/product_brand?post=7962"},{"taxonomy":"product_cat","embeddable":true,"href":"https:\/\/educaredigital.online\/loja\/wp-json\/wp\/v2\/product_cat?post=7962"},{"taxonomy":"product_tag","embeddable":true,"href":"https:\/\/educaredigital.online\/loja\/wp-json\/wp\/v2\/product_tag?post=7962"}],"curies":[{"name":"wp","href":"https:\/\/api.w.org\/{rel}","templated":true}]}}