{"id":7960,"date":"2026-04-10T18:06:10","date_gmt":"2026-04-10T18:06:10","guid":{"rendered":"https:\/\/educaredigital.online\/loja\/produto\/produto-94\/"},"modified":"2026-04-29T12:21:34","modified_gmt":"2026-04-29T12:21:34","slug":"produto-94","status":"publish","type":"product","link":"https:\/\/educaredigital.online\/loja\/produto\/produto-94\/","title":{"rendered":"\u00c1baco Aberto Em Madeira e Pl\u00e1stico &#8211; 50 Pe\u00e7as"},"content":{"rendered":"<p>O <strong>\u00c1baco Aberto em Madeira e Pl\u00e1stico com 50 Pe\u00e7as<\/strong> \u00e9 uma ferramenta educativa cl\u00e1ssica, desenvolvida para auxiliar no aprendizado da matem\u00e1tica de forma concreta e visual. Composto por uma base e cinco hastes em madeira maci\u00e7a, o produto acompanha 50 argolas coloridas de pl\u00e1stico poliestireno at\u00f3xico de alto brilho. Sua estrutura permite que os alunos deslizem as pe\u00e7as livremente, facilitando a compreens\u00e3o de conceitos fundamentais como unidade, dezena, centena e milhar, assim como as opera\u00e7\u00f5es de adi\u00e7\u00e3o e subtra\u00e7\u00e3o.<\/p>\n<div class=\"details-table-wrapper\">\n<table class=\"product-details-table\">\n<tbody>\n<tr>\n<td>Marca<\/td>\n<td>BrinqMutti<\/td>\n<\/tr>\n<tr>\n<td>Material<\/td>\n<td>\u00a0Madeira<\/td>\n<\/tr>\n<tr>\n<td>Faixa Et\u00e1ria<\/td>\n<td>A partir de 4 Anos<\/td>\n<\/tr>\n<\/tbody>\n<\/table>\n<\/div>\n","protected":false},"excerpt":{"rendered":"<p>O \u00c1baco Aberto em Madeira e Pl\u00e1stico com 50 Pe\u00e7as \u00e9 uma ferramenta educativa cl\u00e1ssica, desenvolvida para auxiliar no aprendizado da matem\u00e1tica de forma concreta e visual. Composto por uma base e cinco hastes em madeira maci\u00e7a, o produto acompanha<\/p>\n","protected":false},"featured_media":7959,"comment_status":"open","ping_status":"closed","template":"","meta":[],"product_brand":[],"product_cat":[210],"product_tag":[],"class_list":{"0":"post-7960","1":"product","2":"type-product","3":"status-publish","6":"product_cat-matematica-jogos-e-brinquedos","8":"first","9":"instock","10":"shipping-taxable","11":"purchasable","12":"product-type-simple"},"_links":{"self":[{"href":"https:\/\/educaredigital.online\/loja\/wp-json\/wp\/v2\/product\/7960","targetHints":{"allow":["GET"]}}],"collection":[{"href":"https:\/\/educaredigital.online\/loja\/wp-json\/wp\/v2\/product"}],"about":[{"href":"https:\/\/educaredigital.online\/loja\/wp-json\/wp\/v2\/types\/product"}],"replies":[{"embeddable":true,"href":"https:\/\/educaredigital.online\/loja\/wp-json\/wp\/v2\/comments?post=7960"}],"wp:featuredmedia":[{"embeddable":true,"href":"https:\/\/educaredigital.online\/loja\/wp-json\/wp\/v2\/media\/7959"}],"wp:attachment":[{"href":"https:\/\/educaredigital.online\/loja\/wp-json\/wp\/v2\/media?parent=7960"}],"wp:term":[{"taxonomy":"product_brand","embeddable":true,"href":"https:\/\/educaredigital.online\/loja\/wp-json\/wp\/v2\/product_brand?post=7960"},{"taxonomy":"product_cat","embeddable":true,"href":"https:\/\/educaredigital.online\/loja\/wp-json\/wp\/v2\/product_cat?post=7960"},{"taxonomy":"product_tag","embeddable":true,"href":"https:\/\/educaredigital.online\/loja\/wp-json\/wp\/v2\/product_tag?post=7960"}],"curies":[{"name":"wp","href":"https:\/\/api.w.org\/{rel}","templated":true}]}}