{"id":7958,"date":"2026-04-10T18:06:09","date_gmt":"2026-04-10T18:06:09","guid":{"rendered":"https:\/\/educaredigital.online\/loja\/produto\/produto-93\/"},"modified":"2026-04-24T20:45:45","modified_gmt":"2026-04-24T20:45:45","slug":"produto-93","status":"publish","type":"product","link":"https:\/\/educaredigital.online\/loja\/produto\/produto-93\/","title":{"rendered":"Blocos L\u00f3gicos  Em Madeira &#8211; 48 Pe\u00e7as"},"content":{"rendered":"<p>Bloco L\u00f3gico com 48 Pe\u00e7as \u00e9 uma vers\u00e3o moderna e robusta do cl\u00e1ssico material pedag\u00f3gico idealizado pelo matem\u00e1tico h\u00fangaro Zolt\u00e1n Dienes. Composto por <strong>48 pe\u00e7as de madeira<\/strong>\u00a0de alta qualidade e com pintura at\u00f3xica, o conjunto \u00e9 um verdadeiro laborat\u00f3rio de matem\u00e1tica para as crian\u00e7as. As pe\u00e7as s\u00e3o organizadas a partir de\u00a0<strong>quatro atributos principais<\/strong>: 3 cores (amarelo, azul e vermelho), 4 formas geom\u00e9tricas (c\u00edrculo, quadrado, ret\u00e2ngulo e tri\u00e2ngulo), 2 tamanhos (grande e pequeno) e 2 espessuras (fino e grosso). Essa combina\u00e7\u00e3o variada permite a cria\u00e7\u00e3o de in\u00fameras atividades, estimulando desde a coordena\u00e7\u00e3o motora fina at\u00e9 o desenvolvimento do racioc\u00ednio l\u00f3gico-matem\u00e1tico.<\/p>\n<div class=\"details-table-wrapper\">\n<table class=\"product-details-table\">\n<tbody>\n<tr>\n<td>Marca<\/td>\n<td>Brink Mobil<\/td>\n<\/tr>\n<tr>\n<td>Material<\/td>\n<td>\u00a0Madeira<\/td>\n<\/tr>\n<tr>\n<td>Faixa Et\u00e1ria<\/td>\n<td>A partir de 5 Anos<\/td>\n<\/tr>\n<\/tbody>\n<\/table>\n<\/div>\n","protected":false},"excerpt":{"rendered":"<p>Bloco L\u00f3gico com 48 Pe\u00e7as \u00e9 uma vers\u00e3o moderna e robusta do cl\u00e1ssico material pedag\u00f3gico idealizado pelo matem\u00e1tico h\u00fangaro Zolt\u00e1n Dienes. Composto por 48 pe\u00e7as de madeira\u00a0de alta qualidade e com pintura at\u00f3xica, o conjunto \u00e9 um verdadeiro laborat\u00f3rio de<\/p>\n","protected":false},"featured_media":7957,"comment_status":"open","ping_status":"closed","template":"","meta":[],"product_brand":[232],"product_cat":[210],"product_tag":[],"class_list":{"0":"post-7958","1":"product","2":"type-product","3":"status-publish","6":"product_brand-brink-mobil","7":"product_cat-matematica-jogos-e-brinquedos","9":"first","10":"instock","11":"shipping-taxable","12":"purchasable","13":"product-type-simple"},"_links":{"self":[{"href":"https:\/\/educaredigital.online\/loja\/wp-json\/wp\/v2\/product\/7958","targetHints":{"allow":["GET"]}}],"collection":[{"href":"https:\/\/educaredigital.online\/loja\/wp-json\/wp\/v2\/product"}],"about":[{"href":"https:\/\/educaredigital.online\/loja\/wp-json\/wp\/v2\/types\/product"}],"replies":[{"embeddable":true,"href":"https:\/\/educaredigital.online\/loja\/wp-json\/wp\/v2\/comments?post=7958"}],"wp:featuredmedia":[{"embeddable":true,"href":"https:\/\/educaredigital.online\/loja\/wp-json\/wp\/v2\/media\/7957"}],"wp:attachment":[{"href":"https:\/\/educaredigital.online\/loja\/wp-json\/wp\/v2\/media?parent=7958"}],"wp:term":[{"taxonomy":"product_brand","embeddable":true,"href":"https:\/\/educaredigital.online\/loja\/wp-json\/wp\/v2\/product_brand?post=7958"},{"taxonomy":"product_cat","embeddable":true,"href":"https:\/\/educaredigital.online\/loja\/wp-json\/wp\/v2\/product_cat?post=7958"},{"taxonomy":"product_tag","embeddable":true,"href":"https:\/\/educaredigital.online\/loja\/wp-json\/wp\/v2\/product_tag?post=7958"}],"curies":[{"name":"wp","href":"https:\/\/api.w.org\/{rel}","templated":true}]}}