{"id":7954,"date":"2026-04-10T18:06:07","date_gmt":"2026-04-10T18:06:07","guid":{"rendered":"https:\/\/educaredigital.online\/loja\/produto\/produto-91\/"},"modified":"2026-04-24T20:47:03","modified_gmt":"2026-04-24T20:47:03","slug":"produto-91","status":"publish","type":"product","link":"https:\/\/educaredigital.online\/loja\/produto\/produto-91\/","title":{"rendered":"Disco De Fra\u00e7\u00f5es Em MDF &#8211; 96 Pe\u00e7as"},"content":{"rendered":"<p>O\u00a0<strong>Disco de Fra\u00e7\u00f5es\u00a0 com 96 Pe\u00e7as<\/strong>\u00a0\u00e9 um recurso pedag\u00f3gico completo e visualmente atraente, projetado para descomplicar o ensino das fra\u00e7\u00f5es de forma concreta e interativa. Fabricado em MDF resistente, o conjunto \u00e9 composto por discos coloridos e fracionados em partes iguais, representando fra\u00e7\u00f5es desde o inteiro at\u00e9 fra\u00e7\u00f5es menores como 1\/2, 1\/3, 1\/4, 1\/6, 1\/8 e 1\/12. Cada fra\u00e7\u00e3o possui uma cor distinta e encaixes precisos, permitindo que a crian\u00e7a sobreponha, compare e combine as pe\u00e7as para visualizar equival\u00eancias, opera\u00e7\u00f5es b\u00e1sicas (adi\u00e7\u00e3o e subtra\u00e7\u00e3o) e a rela\u00e7\u00e3o parte-todo de maneira l\u00fadica.<\/p>\n<div class=\"details-table-wrapper\">\n<table class=\"product-details-table\">\n<tbody>\n<tr>\n<td>Marca<\/td>\n<td>Brink Mobil<\/td>\n<\/tr>\n<tr>\n<td>Material<\/td>\n<td>\u00a0MDF<\/td>\n<\/tr>\n<tr>\n<td>Faixa Et\u00e1ria<\/td>\n<td>A partir de 6 Anos<\/td>\n<\/tr>\n<\/tbody>\n<\/table>\n<\/div>\n","protected":false},"excerpt":{"rendered":"<p>O\u00a0Disco de Fra\u00e7\u00f5es\u00a0 com 96 Pe\u00e7as\u00a0\u00e9 um recurso pedag\u00f3gico completo e visualmente atraente, projetado para descomplicar o ensino das fra\u00e7\u00f5es de forma concreta e interativa. Fabricado em MDF resistente, o conjunto \u00e9 composto por discos coloridos e fracionados em partes<\/p>\n","protected":false},"featured_media":7953,"comment_status":"open","ping_status":"closed","template":"","meta":[],"product_brand":[232],"product_cat":[210],"product_tag":[],"class_list":{"0":"post-7954","1":"product","2":"type-product","3":"status-publish","6":"product_brand-brink-mobil","7":"product_cat-matematica-jogos-e-brinquedos","9":"first","10":"instock","11":"shipping-taxable","12":"purchasable","13":"product-type-simple"},"_links":{"self":[{"href":"https:\/\/educaredigital.online\/loja\/wp-json\/wp\/v2\/product\/7954","targetHints":{"allow":["GET"]}}],"collection":[{"href":"https:\/\/educaredigital.online\/loja\/wp-json\/wp\/v2\/product"}],"about":[{"href":"https:\/\/educaredigital.online\/loja\/wp-json\/wp\/v2\/types\/product"}],"replies":[{"embeddable":true,"href":"https:\/\/educaredigital.online\/loja\/wp-json\/wp\/v2\/comments?post=7954"}],"wp:featuredmedia":[{"embeddable":true,"href":"https:\/\/educaredigital.online\/loja\/wp-json\/wp\/v2\/media\/7953"}],"wp:attachment":[{"href":"https:\/\/educaredigital.online\/loja\/wp-json\/wp\/v2\/media?parent=7954"}],"wp:term":[{"taxonomy":"product_brand","embeddable":true,"href":"https:\/\/educaredigital.online\/loja\/wp-json\/wp\/v2\/product_brand?post=7954"},{"taxonomy":"product_cat","embeddable":true,"href":"https:\/\/educaredigital.online\/loja\/wp-json\/wp\/v2\/product_cat?post=7954"},{"taxonomy":"product_tag","embeddable":true,"href":"https:\/\/educaredigital.online\/loja\/wp-json\/wp\/v2\/product_tag?post=7954"}],"curies":[{"name":"wp","href":"https:\/\/api.w.org\/{rel}","templated":true}]}}