{"id":7952,"date":"2026-04-10T18:06:06","date_gmt":"2026-04-10T18:06:06","guid":{"rendered":"https:\/\/educaredigital.online\/loja\/produto\/produto-90\/"},"modified":"2026-04-24T20:47:45","modified_gmt":"2026-04-24T20:47:45","slug":"produto-90","status":"publish","type":"product","link":"https:\/\/educaredigital.online\/loja\/produto\/produto-90\/","title":{"rendered":"Material Dourado Em  Pl\u00e1stico 611 Pe\u00e7as"},"content":{"rendered":"<p>O<strong> Material Dourado com 611 pe\u00e7as<\/strong> em pl\u00e1stico \u00e9 uma vers\u00e3o completa e dur\u00e1vel do cl\u00e1ssico recurso pedag\u00f3gico idealizado por Maria Montessori, projetado para descomplicar o ensino da matem\u00e1tica. Este conjunto \u00e9 composto por 500 cubinhos que representam as unidades, 100 barras para as dezenas, 10 placas para as centenas e 1 cubo grande para a unidade de milhar, seguindo uma progress\u00e3o visual clara onde cada pe\u00e7a maior equivale a dez da anterior. Ao permitir que a crian\u00e7a manipule fisicamente as quantidades, ele transforma conceitos abstratos do sistema decimal, como valor posicional e equival\u00eancia num\u00e9rica, em experi\u00eancias concretas e de f\u00e1cil compreens\u00e3o.<\/p>\n<div class=\"details-table-wrapper\">\n<table class=\"product-details-table\">\n<tbody>\n<tr>\n<td>Marca<\/td>\n<td>Brink Mobil<\/td>\n<\/tr>\n<tr>\n<td>Material<\/td>\n<td>\u00a0Pl\u00e1stico<\/td>\n<\/tr>\n<tr>\n<td>Faixa Et\u00e1ria<\/td>\n<td>A partir de 4 Anos<\/td>\n<\/tr>\n<\/tbody>\n<\/table>\n<\/div>\n","protected":false},"excerpt":{"rendered":"<p>O Material Dourado com 611 pe\u00e7as em pl\u00e1stico \u00e9 uma vers\u00e3o completa e dur\u00e1vel do cl\u00e1ssico recurso pedag\u00f3gico idealizado por Maria Montessori, projetado para descomplicar o ensino da matem\u00e1tica. Este conjunto \u00e9 composto por 500 cubinhos que representam as unidades,<\/p>\n","protected":false},"featured_media":7951,"comment_status":"open","ping_status":"closed","template":"","meta":[],"product_brand":[232],"product_cat":[210],"product_tag":[],"class_list":{"0":"post-7952","1":"product","2":"type-product","3":"status-publish","6":"product_brand-brink-mobil","7":"product_cat-matematica-jogos-e-brinquedos","9":"first","10":"instock","11":"shipping-taxable","12":"purchasable","13":"product-type-simple"},"_links":{"self":[{"href":"https:\/\/educaredigital.online\/loja\/wp-json\/wp\/v2\/product\/7952","targetHints":{"allow":["GET"]}}],"collection":[{"href":"https:\/\/educaredigital.online\/loja\/wp-json\/wp\/v2\/product"}],"about":[{"href":"https:\/\/educaredigital.online\/loja\/wp-json\/wp\/v2\/types\/product"}],"replies":[{"embeddable":true,"href":"https:\/\/educaredigital.online\/loja\/wp-json\/wp\/v2\/comments?post=7952"}],"wp:featuredmedia":[{"embeddable":true,"href":"https:\/\/educaredigital.online\/loja\/wp-json\/wp\/v2\/media\/7951"}],"wp:attachment":[{"href":"https:\/\/educaredigital.online\/loja\/wp-json\/wp\/v2\/media?parent=7952"}],"wp:term":[{"taxonomy":"product_brand","embeddable":true,"href":"https:\/\/educaredigital.online\/loja\/wp-json\/wp\/v2\/product_brand?post=7952"},{"taxonomy":"product_cat","embeddable":true,"href":"https:\/\/educaredigital.online\/loja\/wp-json\/wp\/v2\/product_cat?post=7952"},{"taxonomy":"product_tag","embeddable":true,"href":"https:\/\/educaredigital.online\/loja\/wp-json\/wp\/v2\/product_tag?post=7952"}],"curies":[{"name":"wp","href":"https:\/\/api.w.org\/{rel}","templated":true}]}}