{"id":7950,"date":"2026-04-10T18:06:05","date_gmt":"2026-04-10T18:06:05","guid":{"rendered":"https:\/\/educaredigital.online\/loja\/produto\/produto-89\/"},"modified":"2026-04-24T20:48:03","modified_gmt":"2026-04-24T20:48:03","slug":"produto-89","status":"publish","type":"product","link":"https:\/\/educaredigital.online\/loja\/produto\/produto-89\/","title":{"rendered":"Aprendendo as Horas  Em MDF-24 Pe\u00e7as"},"content":{"rendered":"<p>O brinquedo\u00a0<strong>Aprendendo as Horas com 24 Pe\u00e7as<\/strong>\u00a0\u00e9 um recurso pedag\u00f3gico l\u00fadico e resistente, projetado para introduzir a no\u00e7\u00e3o de tempo e a leitura de rel\u00f3gios de forma concreta. Fabricado em MDF de alta qualidade, o conjunto geralmente inclui um rel\u00f3gio-base com ponteiros m\u00f3veis e pe\u00e7as destac\u00e1veis que representam as horas e minutos, al\u00e9m de cart\u00f5es ou blocos com atividades de associa\u00e7\u00e3o. Com 24 pe\u00e7as, a crian\u00e7a pode praticar a correspond\u00eancia entre o hor\u00e1rio digital, o mostrador anal\u00f3gico e as rotinas di\u00e1rias (como acordar, almo\u00e7ar e dormir), desenvolvendo gradualmente a compreens\u00e3o da passagem do tempo.<\/p>\n<div class=\"details-table-wrapper\">\n<table class=\"product-details-table\">\n<tbody>\n<tr>\n<td>Marca<\/td>\n<td>Brink Mobil<\/td>\n<\/tr>\n<tr>\n<td>Material<\/td>\n<td>\u00a0MDF<\/td>\n<\/tr>\n<tr>\n<td>Faixa Et\u00e1ria<\/td>\n<td>A partir de 5 Anos<\/td>\n<\/tr>\n<\/tbody>\n<\/table>\n<\/div>\n","protected":false},"excerpt":{"rendered":"<p>O brinquedo\u00a0Aprendendo as Horas com 24 Pe\u00e7as\u00a0\u00e9 um recurso pedag\u00f3gico l\u00fadico e resistente, projetado para introduzir a no\u00e7\u00e3o de tempo e a leitura de rel\u00f3gios de forma concreta. Fabricado em MDF de alta qualidade, o conjunto geralmente inclui um rel\u00f3gio-base<\/p>\n","protected":false},"featured_media":7949,"comment_status":"open","ping_status":"closed","template":"","meta":[],"product_brand":[232],"product_cat":[211],"product_tag":[],"class_list":{"0":"post-7950","1":"product","2":"type-product","3":"status-publish","6":"product_brand-brink-mobil","7":"product_cat-psicomotricidade-jogos-e-brinquedos","9":"first","10":"instock","11":"shipping-taxable","12":"purchasable","13":"product-type-simple"},"_links":{"self":[{"href":"https:\/\/educaredigital.online\/loja\/wp-json\/wp\/v2\/product\/7950","targetHints":{"allow":["GET"]}}],"collection":[{"href":"https:\/\/educaredigital.online\/loja\/wp-json\/wp\/v2\/product"}],"about":[{"href":"https:\/\/educaredigital.online\/loja\/wp-json\/wp\/v2\/types\/product"}],"replies":[{"embeddable":true,"href":"https:\/\/educaredigital.online\/loja\/wp-json\/wp\/v2\/comments?post=7950"}],"wp:featuredmedia":[{"embeddable":true,"href":"https:\/\/educaredigital.online\/loja\/wp-json\/wp\/v2\/media\/7949"}],"wp:attachment":[{"href":"https:\/\/educaredigital.online\/loja\/wp-json\/wp\/v2\/media?parent=7950"}],"wp:term":[{"taxonomy":"product_brand","embeddable":true,"href":"https:\/\/educaredigital.online\/loja\/wp-json\/wp\/v2\/product_brand?post=7950"},{"taxonomy":"product_cat","embeddable":true,"href":"https:\/\/educaredigital.online\/loja\/wp-json\/wp\/v2\/product_cat?post=7950"},{"taxonomy":"product_tag","embeddable":true,"href":"https:\/\/educaredigital.online\/loja\/wp-json\/wp\/v2\/product_tag?post=7950"}],"curies":[{"name":"wp","href":"https:\/\/api.w.org\/{rel}","templated":true}]}}