{"id":7948,"date":"2026-04-10T18:06:03","date_gmt":"2026-04-10T18:06:03","guid":{"rendered":"https:\/\/educaredigital.online\/loja\/produto\/produto-88\/"},"modified":"2026-04-24T20:48:13","modified_gmt":"2026-04-24T20:48:13","slug":"produto-88","status":"publish","type":"product","link":"https:\/\/educaredigital.online\/loja\/produto\/produto-88\/","title":{"rendered":"Quebra &#8211; Cabe\u00e7a De Meios De Trasportes Em MDF-10 Pe\u00e7as"},"content":{"rendered":"<p>O\u00a0<strong>Quebra-Cabe\u00e7a de Meios de Transportes com 10 Pe\u00e7as<\/strong>\u00a0\u00e9 um jogo educativo encantador, projetado para apresentar \u00e0s crian\u00e7as os diferentes ve\u00edculos que circulam por terra, mar e ar. Fabricado em MDF resistente e com ilustra\u00e7\u00f5es coloridas e de alta qualidade, cada pe\u00e7a representa um meio de transporte espec\u00edfico, como carro, navio, avi\u00e3o, trem e bicicleta, entre outros. Com 10 pe\u00e7as grandes e de f\u00e1cil encaixe, o quebra-cabe\u00e7a \u00e9 ideal para m\u00e3os pequenas em desenvolvimento, estimulando o reconhecimento visual, a coordena\u00e7\u00e3o motora fina e a associa\u00e7\u00e3o de imagens aos seus respectivos nomes e contextos.<\/p>\n<div class=\"details-table-wrapper\">\n<table class=\"product-details-table\">\n<tbody>\n<tr>\n<td>Marca<\/td>\n<td>Brink Mobil<\/td>\n<\/tr>\n<tr>\n<td>Material<\/td>\n<td>\u00a0MDF<\/td>\n<\/tr>\n<tr>\n<td>Faixa Et\u00e1ria<\/td>\n<td>A partir de 2 Anos<\/td>\n<\/tr>\n<\/tbody>\n<\/table>\n<\/div>\n","protected":false},"excerpt":{"rendered":"<p>O\u00a0Quebra-Cabe\u00e7a de Meios de Transportes com 10 Pe\u00e7as\u00a0\u00e9 um jogo educativo encantador, projetado para apresentar \u00e0s crian\u00e7as os diferentes ve\u00edculos que circulam por terra, mar e ar. Fabricado em MDF resistente e com ilustra\u00e7\u00f5es coloridas e de alta qualidade, cada<\/p>\n","protected":false},"featured_media":7947,"comment_status":"open","ping_status":"closed","template":"","meta":[],"product_brand":[232],"product_cat":[211],"product_tag":[],"class_list":{"0":"post-7948","1":"product","2":"type-product","3":"status-publish","6":"product_brand-brink-mobil","7":"product_cat-psicomotricidade-jogos-e-brinquedos","9":"first","10":"instock","11":"shipping-taxable","12":"purchasable","13":"product-type-simple"},"_links":{"self":[{"href":"https:\/\/educaredigital.online\/loja\/wp-json\/wp\/v2\/product\/7948","targetHints":{"allow":["GET"]}}],"collection":[{"href":"https:\/\/educaredigital.online\/loja\/wp-json\/wp\/v2\/product"}],"about":[{"href":"https:\/\/educaredigital.online\/loja\/wp-json\/wp\/v2\/types\/product"}],"replies":[{"embeddable":true,"href":"https:\/\/educaredigital.online\/loja\/wp-json\/wp\/v2\/comments?post=7948"}],"wp:featuredmedia":[{"embeddable":true,"href":"https:\/\/educaredigital.online\/loja\/wp-json\/wp\/v2\/media\/7947"}],"wp:attachment":[{"href":"https:\/\/educaredigital.online\/loja\/wp-json\/wp\/v2\/media?parent=7948"}],"wp:term":[{"taxonomy":"product_brand","embeddable":true,"href":"https:\/\/educaredigital.online\/loja\/wp-json\/wp\/v2\/product_brand?post=7948"},{"taxonomy":"product_cat","embeddable":true,"href":"https:\/\/educaredigital.online\/loja\/wp-json\/wp\/v2\/product_cat?post=7948"},{"taxonomy":"product_tag","embeddable":true,"href":"https:\/\/educaredigital.online\/loja\/wp-json\/wp\/v2\/product_tag?post=7948"}],"curies":[{"name":"wp","href":"https:\/\/api.w.org\/{rel}","templated":true}]}}