{"id":7946,"date":"2026-04-10T18:06:02","date_gmt":"2026-04-10T18:06:02","guid":{"rendered":"https:\/\/educaredigital.online\/loja\/produto\/produto-87\/"},"modified":"2026-04-24T20:48:32","modified_gmt":"2026-04-24T20:48:32","slug":"produto-87","status":"publish","type":"product","link":"https:\/\/educaredigital.online\/loja\/produto\/produto-87\/","title":{"rendered":"Quebra &#8211; Cabe\u00e7a De Animais Em MDF &#8211; 10 Pe\u00e7as"},"content":{"rendered":"<p>O\u00a0<strong>Quebra-Cabe\u00e7a de Animais com 10 Pe\u00e7as<\/strong>\u00a0\u00e9 um brinquedo educativo encantador, desenvolvido para apresentar o fascinante mundo dos bichos \u00e0s crian\u00e7as de forma l\u00fadica e segura. Fabricado em MDF resistente e com ilustra\u00e7\u00f5es vibrantes e de alta qualidade, cada pe\u00e7a representa um animal diferente, como le\u00e3o, elefante, macaco, girafa e outros da fauna terrestre ou aqu\u00e1tica. Com 10 pe\u00e7as grandes e de f\u00e1cil encaixe, o quebra-cabe\u00e7a \u00e9 perfeitamente adaptado \u00e0s m\u00e3os pequeninas, estimulando o reconhecimento visual, a coordena\u00e7\u00e3o motora fina e a associa\u00e7\u00e3o entre imagem, nome e som dos animais.<\/p>\n<div class=\"details-table-wrapper\">\n<table class=\"product-details-table\">\n<tbody>\n<tr>\n<td>Marca<\/td>\n<td>Brink Mobil<\/td>\n<\/tr>\n<tr>\n<td>Material<\/td>\n<td>\u00a0MDF<\/td>\n<\/tr>\n<tr>\n<td>Faixa Et\u00e1ria<\/td>\n<td>A partir de 2 Anos<\/td>\n<\/tr>\n<\/tbody>\n<\/table>\n<\/div>\n","protected":false},"excerpt":{"rendered":"<p>O\u00a0Quebra-Cabe\u00e7a de Animais com 10 Pe\u00e7as\u00a0\u00e9 um brinquedo educativo encantador, desenvolvido para apresentar o fascinante mundo dos bichos \u00e0s crian\u00e7as de forma l\u00fadica e segura. Fabricado em MDF resistente e com ilustra\u00e7\u00f5es vibrantes e de alta qualidade, cada pe\u00e7a representa<\/p>\n","protected":false},"featured_media":7945,"comment_status":"open","ping_status":"closed","template":"","meta":[],"product_brand":[232],"product_cat":[211],"product_tag":[],"class_list":{"0":"post-7946","1":"product","2":"type-product","3":"status-publish","6":"product_brand-brink-mobil","7":"product_cat-psicomotricidade-jogos-e-brinquedos","9":"first","10":"instock","11":"shipping-taxable","12":"purchasable","13":"product-type-simple"},"_links":{"self":[{"href":"https:\/\/educaredigital.online\/loja\/wp-json\/wp\/v2\/product\/7946","targetHints":{"allow":["GET"]}}],"collection":[{"href":"https:\/\/educaredigital.online\/loja\/wp-json\/wp\/v2\/product"}],"about":[{"href":"https:\/\/educaredigital.online\/loja\/wp-json\/wp\/v2\/types\/product"}],"replies":[{"embeddable":true,"href":"https:\/\/educaredigital.online\/loja\/wp-json\/wp\/v2\/comments?post=7946"}],"wp:featuredmedia":[{"embeddable":true,"href":"https:\/\/educaredigital.online\/loja\/wp-json\/wp\/v2\/media\/7945"}],"wp:attachment":[{"href":"https:\/\/educaredigital.online\/loja\/wp-json\/wp\/v2\/media?parent=7946"}],"wp:term":[{"taxonomy":"product_brand","embeddable":true,"href":"https:\/\/educaredigital.online\/loja\/wp-json\/wp\/v2\/product_brand?post=7946"},{"taxonomy":"product_cat","embeddable":true,"href":"https:\/\/educaredigital.online\/loja\/wp-json\/wp\/v2\/product_cat?post=7946"},{"taxonomy":"product_tag","embeddable":true,"href":"https:\/\/educaredigital.online\/loja\/wp-json\/wp\/v2\/product_tag?post=7946"}],"curies":[{"name":"wp","href":"https:\/\/api.w.org\/{rel}","templated":true}]}}