{"id":7944,"date":"2026-04-10T18:06:01","date_gmt":"2026-04-10T18:06:01","guid":{"rendered":"https:\/\/educaredigital.online\/loja\/produto\/produto-86\/"},"modified":"2026-04-14T14:51:03","modified_gmt":"2026-04-14T14:51:03","slug":"produto-86","status":"publish","type":"product","link":"https:\/\/educaredigital.online\/loja\/produto\/produto-86\/","title":{"rendered":"Sequ\u00eancia L\u00f3gica &#8211; Transforma\u00e7\u00e3o Em MDF &#8211; 16 Pe\u00e7as"},"content":{"rendered":"<p>A\u00a0<strong>Sequ\u00eancia L\u00f3gica &#8211; Transforma\u00e7\u00e3o com 16 Pe\u00e7as<\/strong>\u00a0\u00e9 um recurso pedag\u00f3gico que desafia o racioc\u00ednio cronol\u00f3gico e a percep\u00e7\u00e3o visual da crian\u00e7a. Composto por 16 pe\u00e7as de MDF resistente e ilustra\u00e7\u00f5es coloridas, o jogo apresenta quatro sequ\u00eancias distintas de transforma\u00e7\u00e3o, como o desenvolvimento de uma planta (semente \u2192 broto \u2192 flor \u2192 fruto), a evolu\u00e7\u00e3o de um ser humano (beb\u00ea \u2192 crian\u00e7a \u2192 adulto \u2192 idoso) ou processos naturais (dia \u2192 noite, esta\u00e7\u00f5es do ano). Cada sequ\u00eancia possui 4 pe\u00e7as que devem ser organizadas na ordem correta, estimulando a crian\u00e7a a compreender a passagem do tempo e as etapas de mudan\u00e7a em diferentes contextos.<\/p>\n<div class=\"details-table-wrapper\">\n<table class=\"product-details-table\">\n<tbody>\n<tr>\n<td>Marca<\/td>\n<td>Brink Mobil<\/td>\n<\/tr>\n<tr>\n<td>Material<\/td>\n<td>\u00a0MDF<\/td>\n<\/tr>\n<tr>\n<td>Faixa Et\u00e1ria<\/td>\n<td>A partir de 4 Anos<\/td>\n<\/tr>\n<\/tbody>\n<\/table>\n<\/div>\n","protected":false},"excerpt":{"rendered":"<p>A\u00a0Sequ\u00eancia L\u00f3gica &#8211; Transforma\u00e7\u00e3o com 16 Pe\u00e7as\u00a0\u00e9 um recurso pedag\u00f3gico que desafia o racioc\u00ednio cronol\u00f3gico e a percep\u00e7\u00e3o visual da crian\u00e7a. Composto por 16 pe\u00e7as de MDF resistente e ilustra\u00e7\u00f5es coloridas, o jogo apresenta quatro sequ\u00eancias distintas de transforma\u00e7\u00e3o, como<\/p>\n","protected":false},"featured_media":7943,"comment_status":"open","ping_status":"closed","template":"","meta":[],"product_brand":[],"product_cat":[15,211],"product_tag":[],"class_list":{"0":"post-7944","1":"product","2":"type-product","3":"status-publish","6":"product_cat-livros","7":"product_cat-psicomotricidade-jogos-e-brinquedos","9":"first","10":"instock","11":"shipping-taxable","12":"purchasable","13":"product-type-simple"},"_links":{"self":[{"href":"https:\/\/educaredigital.online\/loja\/wp-json\/wp\/v2\/product\/7944","targetHints":{"allow":["GET"]}}],"collection":[{"href":"https:\/\/educaredigital.online\/loja\/wp-json\/wp\/v2\/product"}],"about":[{"href":"https:\/\/educaredigital.online\/loja\/wp-json\/wp\/v2\/types\/product"}],"replies":[{"embeddable":true,"href":"https:\/\/educaredigital.online\/loja\/wp-json\/wp\/v2\/comments?post=7944"}],"wp:featuredmedia":[{"embeddable":true,"href":"https:\/\/educaredigital.online\/loja\/wp-json\/wp\/v2\/media\/7943"}],"wp:attachment":[{"href":"https:\/\/educaredigital.online\/loja\/wp-json\/wp\/v2\/media?parent=7944"}],"wp:term":[{"taxonomy":"product_brand","embeddable":true,"href":"https:\/\/educaredigital.online\/loja\/wp-json\/wp\/v2\/product_brand?post=7944"},{"taxonomy":"product_cat","embeddable":true,"href":"https:\/\/educaredigital.online\/loja\/wp-json\/wp\/v2\/product_cat?post=7944"},{"taxonomy":"product_tag","embeddable":true,"href":"https:\/\/educaredigital.online\/loja\/wp-json\/wp\/v2\/product_tag?post=7944"}],"curies":[{"name":"wp","href":"https:\/\/api.w.org\/{rel}","templated":true}]}}