{"id":7942,"date":"2026-04-10T18:06:01","date_gmt":"2026-04-10T18:06:01","guid":{"rendered":"https:\/\/educaredigital.online\/loja\/produto\/produto-85\/"},"modified":"2026-04-24T20:48:56","modified_gmt":"2026-04-24T20:48:56","slug":"produto-85","status":"publish","type":"product","link":"https:\/\/educaredigital.online\/loja\/produto\/produto-85\/","title":{"rendered":"Sequ\u00eancia L\u00f3gica &#8211; Vida Em MDF-16 Pe\u00e7as"},"content":{"rendered":"<p>A\u00a0<strong>Sequ\u00eancia L\u00f3gica &#8211; Vida 16 Pe\u00e7as<\/strong>\u00a0\u00e9 um encantador recurso pedag\u00f3gico que convida a crian\u00e7a a explorar os ciclos e est\u00e1gios dos seres vivos de forma l\u00fadica e concreta. Fabricado em MDF resistente com ilustra\u00e7\u00f5es cuidadosas, o conjunto \u00e9 composto por 4 sequ\u00eancias diferentes, cada uma com 4 pe\u00e7as que representam etapas de transforma\u00e7\u00e3o da vida, como o ciclo do girino at\u00e9 o sapo, o desenvolvimento da borboleta (ovo \u2192 lagarta \u2192 cris\u00e1lida \u2192 borboleta), o crescimento de uma galinha e a evolu\u00e7\u00e3o de uma planta frut\u00edfera. Ao organizar as pe\u00e7as na ordem correta, a crian\u00e7a compreende a passagem do tempo, as mudan\u00e7as f\u00edsicas e a continuidade da exist\u00eancia nos reinos animal e vegetal.<\/p>\n<div class=\"details-table-wrapper\">\n<table class=\"product-details-table\">\n<tbody>\n<tr>\n<td>Marca<\/td>\n<td>Brink Mobil<\/td>\n<\/tr>\n<tr>\n<td>Material<\/td>\n<td>\u00a0MDF<\/td>\n<\/tr>\n<tr>\n<td>Faixa Et\u00e1ria<\/td>\n<td>A partir de 4 Anos<\/td>\n<\/tr>\n<\/tbody>\n<\/table>\n<\/div>\n","protected":false},"excerpt":{"rendered":"<p>A\u00a0Sequ\u00eancia L\u00f3gica &#8211; Vida 16 Pe\u00e7as\u00a0\u00e9 um encantador recurso pedag\u00f3gico que convida a crian\u00e7a a explorar os ciclos e est\u00e1gios dos seres vivos de forma l\u00fadica e concreta. Fabricado em MDF resistente com ilustra\u00e7\u00f5es cuidadosas, o conjunto \u00e9 composto por<\/p>\n","protected":false},"featured_media":7941,"comment_status":"open","ping_status":"closed","template":"","meta":[],"product_brand":[232],"product_cat":[211],"product_tag":[],"class_list":{"0":"post-7942","1":"product","2":"type-product","3":"status-publish","6":"product_brand-brink-mobil","7":"product_cat-psicomotricidade-jogos-e-brinquedos","9":"first","10":"instock","11":"shipping-taxable","12":"purchasable","13":"product-type-simple"},"_links":{"self":[{"href":"https:\/\/educaredigital.online\/loja\/wp-json\/wp\/v2\/product\/7942","targetHints":{"allow":["GET"]}}],"collection":[{"href":"https:\/\/educaredigital.online\/loja\/wp-json\/wp\/v2\/product"}],"about":[{"href":"https:\/\/educaredigital.online\/loja\/wp-json\/wp\/v2\/types\/product"}],"replies":[{"embeddable":true,"href":"https:\/\/educaredigital.online\/loja\/wp-json\/wp\/v2\/comments?post=7942"}],"wp:featuredmedia":[{"embeddable":true,"href":"https:\/\/educaredigital.online\/loja\/wp-json\/wp\/v2\/media\/7941"}],"wp:attachment":[{"href":"https:\/\/educaredigital.online\/loja\/wp-json\/wp\/v2\/media?parent=7942"}],"wp:term":[{"taxonomy":"product_brand","embeddable":true,"href":"https:\/\/educaredigital.online\/loja\/wp-json\/wp\/v2\/product_brand?post=7942"},{"taxonomy":"product_cat","embeddable":true,"href":"https:\/\/educaredigital.online\/loja\/wp-json\/wp\/v2\/product_cat?post=7942"},{"taxonomy":"product_tag","embeddable":true,"href":"https:\/\/educaredigital.online\/loja\/wp-json\/wp\/v2\/product_tag?post=7942"}],"curies":[{"name":"wp","href":"https:\/\/api.w.org\/{rel}","templated":true}]}}