{"id":7938,"date":"2026-04-10T18:05:58","date_gmt":"2026-04-10T18:05:58","guid":{"rendered":"https:\/\/educaredigital.online\/loja\/produto\/produto-83\/"},"modified":"2026-04-24T20:49:27","modified_gmt":"2026-04-24T20:49:27","slug":"produto-83","status":"publish","type":"product","link":"https:\/\/educaredigital.online\/loja\/produto\/produto-83\/","title":{"rendered":"Alinhavos De Inicia\u00e7\u00e3o Em MDF- 10 Placas"},"content":{"rendered":"<p>O\u00a0<strong>Alinhavos de Inicia\u00e7\u00e3o com 10 Placas<\/strong>\u00a0\u00e9 um brinquedo pedag\u00f3gico que transforma o aprendizado da coordena\u00e7\u00e3o motora em uma atividade l\u00fadica e criativa. O conjunto \u00e9 composto por 10 placas de MDF resistente, cada uma medindo cerca de 16&#215;16 cm ou 20&#215;20 cm, com ilustra\u00e7\u00f5es e orif\u00edcios que contornam desenhos de linhas e formas, como as que servem de base para a escrita. Acompanham tamb\u00e9m 10 cadar\u00e7os de poli\u00e9ster coloridos, com aproximadamente 70 cm de comprimento, que ser\u00e3o a ferramenta de trabalho da crian\u00e7a.<\/p>\n<div class=\"details-table-wrapper\">\n<table class=\"product-details-table\">\n<tbody>\n<tr>\n<td>Marca<\/td>\n<td>Brink Mobil<\/td>\n<\/tr>\n<tr>\n<td>Material<\/td>\n<td>\u00a0MDF<\/td>\n<\/tr>\n<tr>\n<td>Faixa Et\u00e1ria<\/td>\n<td>A partir de 3 Anos<\/td>\n<\/tr>\n<\/tbody>\n<\/table>\n<\/div>\n","protected":false},"excerpt":{"rendered":"<p>O\u00a0Alinhavos de Inicia\u00e7\u00e3o com 10 Placas\u00a0\u00e9 um brinquedo pedag\u00f3gico que transforma o aprendizado da coordena\u00e7\u00e3o motora em uma atividade l\u00fadica e criativa. O conjunto \u00e9 composto por 10 placas de MDF resistente, cada uma medindo cerca de 16&#215;16 cm ou<\/p>\n","protected":false},"featured_media":7937,"comment_status":"open","ping_status":"closed","template":"","meta":[],"product_brand":[232],"product_cat":[211],"product_tag":[],"class_list":{"0":"post-7938","1":"product","2":"type-product","3":"status-publish","6":"product_brand-brink-mobil","7":"product_cat-psicomotricidade-jogos-e-brinquedos","9":"first","10":"instock","11":"shipping-taxable","12":"purchasable","13":"product-type-simple"},"_links":{"self":[{"href":"https:\/\/educaredigital.online\/loja\/wp-json\/wp\/v2\/product\/7938","targetHints":{"allow":["GET"]}}],"collection":[{"href":"https:\/\/educaredigital.online\/loja\/wp-json\/wp\/v2\/product"}],"about":[{"href":"https:\/\/educaredigital.online\/loja\/wp-json\/wp\/v2\/types\/product"}],"replies":[{"embeddable":true,"href":"https:\/\/educaredigital.online\/loja\/wp-json\/wp\/v2\/comments?post=7938"}],"wp:featuredmedia":[{"embeddable":true,"href":"https:\/\/educaredigital.online\/loja\/wp-json\/wp\/v2\/media\/7937"}],"wp:attachment":[{"href":"https:\/\/educaredigital.online\/loja\/wp-json\/wp\/v2\/media?parent=7938"}],"wp:term":[{"taxonomy":"product_brand","embeddable":true,"href":"https:\/\/educaredigital.online\/loja\/wp-json\/wp\/v2\/product_brand?post=7938"},{"taxonomy":"product_cat","embeddable":true,"href":"https:\/\/educaredigital.online\/loja\/wp-json\/wp\/v2\/product_cat?post=7938"},{"taxonomy":"product_tag","embeddable":true,"href":"https:\/\/educaredigital.online\/loja\/wp-json\/wp\/v2\/product_tag?post=7938"}],"curies":[{"name":"wp","href":"https:\/\/api.w.org\/{rel}","templated":true}]}}