{"id":7936,"date":"2026-04-10T18:05:57","date_gmt":"2026-04-10T18:05:57","guid":{"rendered":"https:\/\/educaredigital.online\/loja\/produto\/produto-82\/"},"modified":"2026-04-24T20:49:42","modified_gmt":"2026-04-24T20:49:42","slug":"produto-82","status":"publish","type":"product","link":"https:\/\/educaredigital.online\/loja\/produto\/produto-82\/","title":{"rendered":"Cubos Educativos -10 Pe\u00e7as"},"content":{"rendered":"<div class=\"ds-message _63c77b1\">\n<div class=\"ds-markdown\">\n<p class=\"ds-markdown-paragraph\">Os\u00a0<strong>Cubos Educativos com 10 Pe\u00e7as<\/strong> s\u00e3o um brinquedo sensorial e pedag\u00f3gico, geralmente confeccionados em espuma macia revestida de tecido ou PVC, tornando-os seguros e leves para as m\u00e3os dos pequenos. Cada cubo, com aproximadamente 8 a 10 cm, \u00e9 repleto de est\u00edmulos em todas as suas seis faces, apresentando ilustra\u00e7\u00f5es coloridas de letras, n\u00fameros, animais, frutas e objetos do cotidiano.<\/p>\n<p class=\"ds-markdown-paragraph\">Este conjunto de 10 cubos \u00e9 uma ferramenta vers\u00e1til que acompanha o crescimento da crian\u00e7a, oferecendo diferentes n\u00edveis de desafio. Nos primeiros meses, estimula a percep\u00e7\u00e3o visual, a coordena\u00e7\u00e3o motora e o tato atrav\u00e9s do empilhamento e da explora\u00e7\u00e3o livre. Conforme a crian\u00e7a cresce, os cubos se transformam em um recurso valioso para o aprendizado de conceitos como associa\u00e7\u00e3o de imagens, primeiras palavras, contagem e at\u00e9 mesmo a montagem de um quebra-cabe\u00e7a, desenvolvendo o racioc\u00ednio l\u00f3gico, a aten\u00e7\u00e3o e a linguagem de forma l\u00fadica e divertida.<\/p>\n<div class=\"details-table-wrapper\">\n<table class=\"product-details-table\">\n<tbody>\n<tr>\n<td>Marca<\/td>\n<td>Brink Mobil<\/td>\n<\/tr>\n<tr>\n<td>Material<\/td>\n<td>\u00a0Espuma, tecido e PVC<\/td>\n<\/tr>\n<tr>\n<td>Faixa Et\u00e1ria<\/td>\n<td>A partir de 3 Meses<\/td>\n<\/tr>\n<\/tbody>\n<\/table>\n<\/div>\n<\/div>\n<\/div>\n","protected":false},"excerpt":{"rendered":"<p>Os\u00a0Cubos Educativos com 10 Pe\u00e7as s\u00e3o um brinquedo sensorial e pedag\u00f3gico, geralmente confeccionados em espuma macia revestida de tecido ou PVC, tornando-os seguros e leves para as m\u00e3os dos pequenos. Cada cubo, com aproximadamente 8 a 10 cm, \u00e9 repleto<\/p>\n","protected":false},"featured_media":7935,"comment_status":"open","ping_status":"closed","template":"","meta":[],"product_brand":[232],"product_cat":[213],"product_tag":[],"class_list":{"0":"post-7936","1":"product","2":"type-product","3":"status-publish","6":"product_brand-brink-mobil","7":"product_cat-brinquedos-jogos-e-brinquedos","9":"first","10":"instock","11":"shipping-taxable","12":"purchasable","13":"product-type-simple"},"_links":{"self":[{"href":"https:\/\/educaredigital.online\/loja\/wp-json\/wp\/v2\/product\/7936","targetHints":{"allow":["GET"]}}],"collection":[{"href":"https:\/\/educaredigital.online\/loja\/wp-json\/wp\/v2\/product"}],"about":[{"href":"https:\/\/educaredigital.online\/loja\/wp-json\/wp\/v2\/types\/product"}],"replies":[{"embeddable":true,"href":"https:\/\/educaredigital.online\/loja\/wp-json\/wp\/v2\/comments?post=7936"}],"wp:featuredmedia":[{"embeddable":true,"href":"https:\/\/educaredigital.online\/loja\/wp-json\/wp\/v2\/media\/7935"}],"wp:attachment":[{"href":"https:\/\/educaredigital.online\/loja\/wp-json\/wp\/v2\/media?parent=7936"}],"wp:term":[{"taxonomy":"product_brand","embeddable":true,"href":"https:\/\/educaredigital.online\/loja\/wp-json\/wp\/v2\/product_brand?post=7936"},{"taxonomy":"product_cat","embeddable":true,"href":"https:\/\/educaredigital.online\/loja\/wp-json\/wp\/v2\/product_cat?post=7936"},{"taxonomy":"product_tag","embeddable":true,"href":"https:\/\/educaredigital.online\/loja\/wp-json\/wp\/v2\/product_tag?post=7936"}],"curies":[{"name":"wp","href":"https:\/\/api.w.org\/{rel}","templated":true}]}}