{"id":7741,"date":"2026-04-09T12:06:31","date_gmt":"2026-04-09T12:06:31","guid":{"rendered":"https:\/\/educaredigital.online\/loja\/produto\/produto-79\/"},"modified":"2026-04-24T17:50:40","modified_gmt":"2026-04-24T17:50:40","slug":"produto-79","status":"publish","type":"product","link":"https:\/\/educaredigital.online\/loja\/produto\/produto-79\/","title":{"rendered":"Torre Desafio Caixa Papel\u00e3o"},"content":{"rendered":"<p><strong>Torre Desafio de Caixa de Papel\u00e3o<\/strong>\u00a0\u00e9 um brinquedo sustent\u00e1vel e interativo, constru\u00eddo a partir de caixas de papel\u00e3o empilhadas ou encaixadas, formando uma estrutura vertical inst\u00e1vel. O objetivo do jogo \u00e9 retirar ou reposicionar cuidadosamente as caixas (seguindo desafios como cores, n\u00fameros ou perguntas desenhadas nelas) sem derrubar a torre, promovendo equil\u00edbrio, racioc\u00ednio l\u00f3gico e coordena\u00e7\u00e3o motora. Ideal para crian\u00e7as e adultos, estimula a criatividade na constru\u00e7\u00e3o, o trabalho em equipe e a consci\u00eancia ecol\u00f3gica, j\u00e1 que reaproveita materiais recicl\u00e1veis de forma l\u00fadica e desafiadora.<\/p>\n<div class=\"details-table-wrapper\">\n<table class=\"product-details-table\">\n<tbody>\n<tr>\n<td>Marca<\/td>\n<td>Carimbras<\/td>\n<\/tr>\n<tr>\n<td>Material<\/td>\n<td>\u00a0MDF<\/td>\n<\/tr>\n<tr>\n<td>Faixa Et\u00e1ria<\/td>\n<td>A partir de 3 Anos<\/td>\n<\/tr>\n<tr>\n<td>Quantidade De Jogadores<\/td>\n<td>2 a 6 Jogadores<\/td>\n<\/tr>\n<\/tbody>\n<\/table>\n<\/div>\n","protected":false},"excerpt":{"rendered":"<p>Torre Desafio de Caixa de Papel\u00e3o\u00a0\u00e9 um brinquedo sustent\u00e1vel e interativo, constru\u00eddo a partir de caixas de papel\u00e3o empilhadas ou encaixadas, formando uma estrutura vertical inst\u00e1vel. O objetivo do jogo \u00e9 retirar ou reposicionar cuidadosamente as caixas (seguindo desafios como<\/p>\n","protected":false},"featured_media":7740,"comment_status":"open","ping_status":"closed","template":"","meta":[],"product_brand":[227],"product_cat":[211],"product_tag":[],"class_list":{"0":"post-7741","1":"product","2":"type-product","3":"status-publish","6":"product_brand-carimbras","7":"product_cat-psicomotricidade-jogos-e-brinquedos","9":"first","10":"instock","11":"shipping-taxable","12":"purchasable","13":"product-type-simple"},"_links":{"self":[{"href":"https:\/\/educaredigital.online\/loja\/wp-json\/wp\/v2\/product\/7741","targetHints":{"allow":["GET"]}}],"collection":[{"href":"https:\/\/educaredigital.online\/loja\/wp-json\/wp\/v2\/product"}],"about":[{"href":"https:\/\/educaredigital.online\/loja\/wp-json\/wp\/v2\/types\/product"}],"replies":[{"embeddable":true,"href":"https:\/\/educaredigital.online\/loja\/wp-json\/wp\/v2\/comments?post=7741"}],"wp:featuredmedia":[{"embeddable":true,"href":"https:\/\/educaredigital.online\/loja\/wp-json\/wp\/v2\/media\/7740"}],"wp:attachment":[{"href":"https:\/\/educaredigital.online\/loja\/wp-json\/wp\/v2\/media?parent=7741"}],"wp:term":[{"taxonomy":"product_brand","embeddable":true,"href":"https:\/\/educaredigital.online\/loja\/wp-json\/wp\/v2\/product_brand?post=7741"},{"taxonomy":"product_cat","embeddable":true,"href":"https:\/\/educaredigital.online\/loja\/wp-json\/wp\/v2\/product_cat?post=7741"},{"taxonomy":"product_tag","embeddable":true,"href":"https:\/\/educaredigital.online\/loja\/wp-json\/wp\/v2\/product_tag?post=7741"}],"curies":[{"name":"wp","href":"https:\/\/api.w.org\/{rel}","templated":true}]}}