{"id":7739,"date":"2026-04-09T12:05:56","date_gmt":"2026-04-09T12:05:56","guid":{"rendered":"https:\/\/educaredigital.online\/loja\/produto\/produto-78\/"},"modified":"2026-04-24T20:50:57","modified_gmt":"2026-04-24T20:50:57","slug":"produto-78","status":"publish","type":"product","link":"https:\/\/educaredigital.online\/loja\/produto\/produto-78\/","title":{"rendered":"Quebra-Cabe\u00e7a Alfabeto"},"content":{"rendered":"<p><strong>Quebra-Cabe\u00e7a Alfabeto<\/strong> \u00e9 um brinquedo educativo em madeira que combina aprendizado e divers\u00e3o. Este jogo pedag\u00f3gico tem como principal objetivo ensinar o alfabeto de forma l\u00fadica, desafiando a crian\u00e7a a encaixar as 26 pe\u00e7as das letras mai\u00fasculas na placa ilustrada, promovendo o reconhecimento das letras, a associa\u00e7\u00e3o com seus sons e a compreens\u00e3o da ordem alfab\u00e9tica . Al\u00e9m de estimular a alfabetiza\u00e7\u00e3o e a coordena\u00e7\u00e3o motora fina, a vers\u00e3o &#8220;Alfabeto Ilustrado&#8221; da marca expande o aprendizado com 78 pe\u00e7as que formam conjuntos de imagem, letra inicial e palavra correspondente, desenvolvendo o vocabul\u00e1rio e a memoriza\u00e7\u00e3o.<\/p>\n<div class=\"details-table-wrapper\">\n<table class=\"product-details-table\">\n<tbody>\n<tr>\n<td>Marca<\/td>\n<td>Carimbras<\/td>\n<\/tr>\n<tr>\n<td>Material<\/td>\n<td>\u00a0MDF<\/td>\n<\/tr>\n<tr>\n<td>Faixa Et\u00e1ria<\/td>\n<td>A partir de 3 Anos<\/td>\n<\/tr>\n<\/tbody>\n<\/table>\n<\/div>\n","protected":false},"excerpt":{"rendered":"<p>Quebra-Cabe\u00e7a Alfabeto \u00e9 um brinquedo educativo em madeira que combina aprendizado e divers\u00e3o. Este jogo pedag\u00f3gico tem como principal objetivo ensinar o alfabeto de forma l\u00fadica, desafiando a crian\u00e7a a encaixar as 26 pe\u00e7as das letras mai\u00fasculas na placa ilustrada,<\/p>\n","protected":false},"featured_media":7738,"comment_status":"open","ping_status":"closed","template":"","meta":[],"product_brand":[227],"product_cat":[209],"product_tag":[],"class_list":{"0":"post-7739","1":"product","2":"type-product","3":"status-publish","6":"product_brand-carimbras","7":"product_cat-letramento-jogos-e-brinquedos","9":"first","10":"instock","11":"shipping-taxable","12":"purchasable","13":"product-type-simple"},"_links":{"self":[{"href":"https:\/\/educaredigital.online\/loja\/wp-json\/wp\/v2\/product\/7739","targetHints":{"allow":["GET"]}}],"collection":[{"href":"https:\/\/educaredigital.online\/loja\/wp-json\/wp\/v2\/product"}],"about":[{"href":"https:\/\/educaredigital.online\/loja\/wp-json\/wp\/v2\/types\/product"}],"replies":[{"embeddable":true,"href":"https:\/\/educaredigital.online\/loja\/wp-json\/wp\/v2\/comments?post=7739"}],"wp:featuredmedia":[{"embeddable":true,"href":"https:\/\/educaredigital.online\/loja\/wp-json\/wp\/v2\/media\/7738"}],"wp:attachment":[{"href":"https:\/\/educaredigital.online\/loja\/wp-json\/wp\/v2\/media?parent=7739"}],"wp:term":[{"taxonomy":"product_brand","embeddable":true,"href":"https:\/\/educaredigital.online\/loja\/wp-json\/wp\/v2\/product_brand?post=7739"},{"taxonomy":"product_cat","embeddable":true,"href":"https:\/\/educaredigital.online\/loja\/wp-json\/wp\/v2\/product_cat?post=7739"},{"taxonomy":"product_tag","embeddable":true,"href":"https:\/\/educaredigital.online\/loja\/wp-json\/wp\/v2\/product_tag?post=7739"}],"curies":[{"name":"wp","href":"https:\/\/api.w.org\/{rel}","templated":true}]}}