{"id":7730,"date":"2026-04-09T11:55:45","date_gmt":"2026-04-09T11:55:45","guid":{"rendered":"https:\/\/educaredigital.online\/loja\/produto\/produto-76\/"},"modified":"2026-04-24T17:28:32","modified_gmt":"2026-04-24T17:28:32","slug":"produto-76","status":"publish","type":"product","link":"https:\/\/educaredigital.online\/loja\/produto\/produto-76\/","title":{"rendered":"Domin\u00f3 de Divis\u00e3o"},"content":{"rendered":"<p><strong>Domin\u00f3 de Divis\u00e3o<\/strong>\u00a0\u00e9 um jogo educativo projetado para ensinar e fixar as opera\u00e7\u00f5es matem\u00e1ticas de divis\u00e3o de forma l\u00fadica\u00a0. O produto \u00e9 composto por\u00a0<strong>28 pe\u00e7as<\/strong> fabricadas em madeira ou MDF com tinta at\u00f3xica, medindo 70mm x 35mm cada, acondicionadas em uma caixa tipo estojo de madeira . Seguindo a mec\u00e2nica tradicional do domin\u00f3, cada pe\u00e7a apresenta de um lado uma opera\u00e7\u00e3o de divis\u00e3o e do outro o resultado correspondente, desafiando os jogadores a combinarem corretamente as contas aos seus quocientes . O jogo desenvolve o racioc\u00ednio l\u00f3gico, a memoriza\u00e7\u00e3o da tabuada, a aten\u00e7\u00e3o e as habilidades sociais.<\/p>\n<div class=\"details-table-wrapper\">\n<table class=\"product-details-table\">\n<tbody>\n<tr>\n<td>Marca<\/td>\n<td>Carimbras<\/td>\n<\/tr>\n<tr>\n<td>Material<\/td>\n<td>\u00a0MDF<\/td>\n<\/tr>\n<tr>\n<td>Faixa Et\u00e1ria<\/td>\n<td>A partir de 6 Anos<\/td>\n<\/tr>\n<\/tbody>\n<\/table>\n<\/div>\n","protected":false},"excerpt":{"rendered":"<p>Domin\u00f3 de Divis\u00e3o\u00a0\u00e9 um jogo educativo projetado para ensinar e fixar as opera\u00e7\u00f5es matem\u00e1ticas de divis\u00e3o de forma l\u00fadica\u00a0. O produto \u00e9 composto por\u00a028 pe\u00e7as fabricadas em madeira ou MDF com tinta at\u00f3xica, medindo 70mm x 35mm cada, acondicionadas em<\/p>\n","protected":false},"featured_media":7728,"comment_status":"open","ping_status":"closed","template":"","meta":[],"product_brand":[227],"product_cat":[210],"product_tag":[],"class_list":{"0":"post-7730","1":"product","2":"type-product","3":"status-publish","6":"product_brand-carimbras","7":"product_cat-matematica-jogos-e-brinquedos","9":"first","10":"instock","11":"shipping-taxable","12":"purchasable","13":"product-type-simple"},"_links":{"self":[{"href":"https:\/\/educaredigital.online\/loja\/wp-json\/wp\/v2\/product\/7730","targetHints":{"allow":["GET"]}}],"collection":[{"href":"https:\/\/educaredigital.online\/loja\/wp-json\/wp\/v2\/product"}],"about":[{"href":"https:\/\/educaredigital.online\/loja\/wp-json\/wp\/v2\/types\/product"}],"replies":[{"embeddable":true,"href":"https:\/\/educaredigital.online\/loja\/wp-json\/wp\/v2\/comments?post=7730"}],"wp:featuredmedia":[{"embeddable":true,"href":"https:\/\/educaredigital.online\/loja\/wp-json\/wp\/v2\/media\/7728"}],"wp:attachment":[{"href":"https:\/\/educaredigital.online\/loja\/wp-json\/wp\/v2\/media?parent=7730"}],"wp:term":[{"taxonomy":"product_brand","embeddable":true,"href":"https:\/\/educaredigital.online\/loja\/wp-json\/wp\/v2\/product_brand?post=7730"},{"taxonomy":"product_cat","embeddable":true,"href":"https:\/\/educaredigital.online\/loja\/wp-json\/wp\/v2\/product_cat?post=7730"},{"taxonomy":"product_tag","embeddable":true,"href":"https:\/\/educaredigital.online\/loja\/wp-json\/wp\/v2\/product_tag?post=7730"}],"curies":[{"name":"wp","href":"https:\/\/api.w.org\/{rel}","templated":true}]}}