{"id":7729,"date":"2026-04-09T11:55:44","date_gmt":"2026-04-09T11:55:44","guid":{"rendered":"https:\/\/educaredigital.online\/loja\/produto\/produto-75\/"},"modified":"2026-04-24T17:28:32","modified_gmt":"2026-04-24T17:28:32","slug":"produto-75","status":"publish","type":"product","link":"https:\/\/educaredigital.online\/loja\/produto\/produto-75\/","title":{"rendered":"Domin\u00f3 de Subtra\u00e7\u00e3o"},"content":{"rendered":"<p><strong>Domin\u00f3 de Subtra\u00e7\u00e3o<\/strong>\u00a0da marca\u00a0<strong>Carimbras<\/strong>\u00a0\u00e9 um jogo educativo em madeira que transforma o aprendizado da matem\u00e1tica em uma atividade l\u00fadica e interativa\u00a0. Composto por\u00a0<strong>28 pe\u00e7as<\/strong> (cada uma medindo 70mm x 35mm), o jogo apresenta de um lado da pe\u00e7a uma opera\u00e7\u00e3o de subtra\u00e7\u00e3o e do outro o resultado correspondente, desafiando os jogadores a fazerem a associa\u00e7\u00e3o correta . Acondicionado em uma pr\u00e1tica caixa tipo estojo de madeira, o domin\u00f3 trabalha o racioc\u00ednio l\u00f3gico, o c\u00e1lculo mental, a memoriza\u00e7\u00e3o e a aten\u00e7\u00e3o.<\/p>\n<div class=\"details-table-wrapper\">\n<table class=\"product-details-table\">\n<tbody>\n<tr>\n<td>Marca<\/td>\n<td>Carimbras<\/td>\n<\/tr>\n<tr>\n<td>Material<\/td>\n<td>\u00a0MDF<\/td>\n<\/tr>\n<tr>\n<td>Faixa Et\u00e1ria<\/td>\n<td>A partir de 6 Anos<\/td>\n<\/tr>\n<\/tbody>\n<\/table>\n<\/div>\n","protected":false},"excerpt":{"rendered":"<p>Domin\u00f3 de Subtra\u00e7\u00e3o\u00a0da marca\u00a0Carimbras\u00a0\u00e9 um jogo educativo em madeira que transforma o aprendizado da matem\u00e1tica em uma atividade l\u00fadica e interativa\u00a0. Composto por\u00a028 pe\u00e7as (cada uma medindo 70mm x 35mm), o jogo apresenta de um lado da pe\u00e7a uma opera\u00e7\u00e3o<\/p>\n","protected":false},"featured_media":7728,"comment_status":"open","ping_status":"closed","template":"","meta":[],"product_brand":[227],"product_cat":[210],"product_tag":[],"class_list":{"0":"post-7729","1":"product","2":"type-product","3":"status-publish","6":"product_brand-carimbras","7":"product_cat-matematica-jogos-e-brinquedos","9":"first","10":"instock","11":"shipping-taxable","12":"purchasable","13":"product-type-simple"},"_links":{"self":[{"href":"https:\/\/educaredigital.online\/loja\/wp-json\/wp\/v2\/product\/7729","targetHints":{"allow":["GET"]}}],"collection":[{"href":"https:\/\/educaredigital.online\/loja\/wp-json\/wp\/v2\/product"}],"about":[{"href":"https:\/\/educaredigital.online\/loja\/wp-json\/wp\/v2\/types\/product"}],"replies":[{"embeddable":true,"href":"https:\/\/educaredigital.online\/loja\/wp-json\/wp\/v2\/comments?post=7729"}],"wp:featuredmedia":[{"embeddable":true,"href":"https:\/\/educaredigital.online\/loja\/wp-json\/wp\/v2\/media\/7728"}],"wp:attachment":[{"href":"https:\/\/educaredigital.online\/loja\/wp-json\/wp\/v2\/media?parent=7729"}],"wp:term":[{"taxonomy":"product_brand","embeddable":true,"href":"https:\/\/educaredigital.online\/loja\/wp-json\/wp\/v2\/product_brand?post=7729"},{"taxonomy":"product_cat","embeddable":true,"href":"https:\/\/educaredigital.online\/loja\/wp-json\/wp\/v2\/product_cat?post=7729"},{"taxonomy":"product_tag","embeddable":true,"href":"https:\/\/educaredigital.online\/loja\/wp-json\/wp\/v2\/product_tag?post=7729"}],"curies":[{"name":"wp","href":"https:\/\/api.w.org\/{rel}","templated":true}]}}