{"id":7727,"date":"2026-04-09T11:55:32","date_gmt":"2026-04-09T11:55:32","guid":{"rendered":"https:\/\/educaredigital.online\/loja\/produto\/produto-74\/"},"modified":"2026-04-24T17:50:40","modified_gmt":"2026-04-24T17:50:40","slug":"produto-74","status":"publish","type":"product","link":"https:\/\/educaredigital.online\/loja\/produto\/produto-74\/","title":{"rendered":"Torre Serial"},"content":{"rendered":"<p><strong>Torre Serial<\/strong>\u00a0da marca\u00a0<strong>Carimbras<\/strong> \u00e9 um brinquedo educativo em madeira composto por uma base e 12 pe\u00e7as coloridas em formatos cil\u00edndrico e c\u00f4nico, com medidas diversas, que devem ser encaixadas em uma haste para formar uma torre . O jogo trabalha a coordena\u00e7\u00e3o motora bimanual, o controle de for\u00e7a, a criatividade, o reconhecimento de cores, formas e tamanhos.<\/p>\n<div class=\"details-table-wrapper\">\n<table class=\"product-details-table\">\n<tbody>\n<tr>\n<td>Marca<\/td>\n<td>Carimbras<\/td>\n<\/tr>\n<tr>\n<td>Material<\/td>\n<td>\u00a0MDF<\/td>\n<\/tr>\n<tr>\n<td>Faixa Et\u00e1ria<\/td>\n<td>A partir de 1 Anos<\/td>\n<\/tr>\n<\/tbody>\n<\/table>\n<\/div>\n","protected":false},"excerpt":{"rendered":"<p>Torre Serial\u00a0da marca\u00a0Carimbras \u00e9 um brinquedo educativo em madeira composto por uma base e 12 pe\u00e7as coloridas em formatos cil\u00edndrico e c\u00f4nico, com medidas diversas, que devem ser encaixadas em uma haste para formar uma torre . O jogo trabalha<\/p>\n","protected":false},"featured_media":7726,"comment_status":"open","ping_status":"closed","template":"","meta":[],"product_brand":[227],"product_cat":[211],"product_tag":[],"class_list":{"0":"post-7727","1":"product","2":"type-product","3":"status-publish","6":"product_brand-carimbras","7":"product_cat-psicomotricidade-jogos-e-brinquedos","9":"first","10":"instock","11":"shipping-taxable","12":"purchasable","13":"product-type-simple"},"_links":{"self":[{"href":"https:\/\/educaredigital.online\/loja\/wp-json\/wp\/v2\/product\/7727","targetHints":{"allow":["GET"]}}],"collection":[{"href":"https:\/\/educaredigital.online\/loja\/wp-json\/wp\/v2\/product"}],"about":[{"href":"https:\/\/educaredigital.online\/loja\/wp-json\/wp\/v2\/types\/product"}],"replies":[{"embeddable":true,"href":"https:\/\/educaredigital.online\/loja\/wp-json\/wp\/v2\/comments?post=7727"}],"wp:featuredmedia":[{"embeddable":true,"href":"https:\/\/educaredigital.online\/loja\/wp-json\/wp\/v2\/media\/7726"}],"wp:attachment":[{"href":"https:\/\/educaredigital.online\/loja\/wp-json\/wp\/v2\/media?parent=7727"}],"wp:term":[{"taxonomy":"product_brand","embeddable":true,"href":"https:\/\/educaredigital.online\/loja\/wp-json\/wp\/v2\/product_brand?post=7727"},{"taxonomy":"product_cat","embeddable":true,"href":"https:\/\/educaredigital.online\/loja\/wp-json\/wp\/v2\/product_cat?post=7727"},{"taxonomy":"product_tag","embeddable":true,"href":"https:\/\/educaredigital.online\/loja\/wp-json\/wp\/v2\/product_tag?post=7727"}],"curies":[{"name":"wp","href":"https:\/\/api.w.org\/{rel}","templated":true}]}}