{"id":7725,"date":"2026-04-09T11:55:31","date_gmt":"2026-04-09T11:55:31","guid":{"rendered":"https:\/\/educaredigital.online\/loja\/produto\/produto-73\/"},"modified":"2026-04-24T17:20:39","modified_gmt":"2026-04-24T17:20:39","slug":"produto-73","status":"publish","type":"product","link":"https:\/\/educaredigital.online\/loja\/produto\/produto-73\/","title":{"rendered":"Boneco Geom\u00e9trico"},"content":{"rendered":"<div class=\"ds-message _63c77b1\">\n<div class=\"ds-markdown\">\n<p class=\"ds-markdown-paragraph\">\u00a0<strong>Boneco Geom\u00e9trico<\/strong> \u00e9 um brinquedo educativo em madeira composto por uma prancha de 238mm x 140mm x 55mm e 20 formas geom\u00e9tricas (08 ret\u00e2ngulos, 04 quadrados, 04 tri\u00e2ngulos e 04 c\u00edrculos) nas cores verde, amarela, azul e vermelha, sendo que os c\u00edrculos possuem express\u00f5es faciais impressas . O objetivo \u00e9 encaixar as pe\u00e7as na prancha para formar um boneco, trabalhando a associa\u00e7\u00e3o de formas, cores e posi\u00e7\u00f5es . Indicado para crian\u00e7as a partir de 18 meses, o brinquedo desenvolve a coordena\u00e7\u00e3o motora, a criatividade, a montagem e desmontagem, podendo ainda ser reproduzido em papel e colorido pela crian\u00e7a.<\/p>\n<div class=\"details-table-wrapper\">\n<table class=\"product-details-table\">\n<tbody>\n<tr>\n<td>Marca<\/td>\n<td>Carimbras<\/td>\n<\/tr>\n<tr>\n<td>Material<\/td>\n<td>\u00a0MDF<\/td>\n<\/tr>\n<tr>\n<td>Faixa Et\u00e1ria<\/td>\n<td>A partir de 2 Anos<\/td>\n<\/tr>\n<\/tbody>\n<\/table>\n<\/div>\n<\/div>\n<\/div>\n","protected":false},"excerpt":{"rendered":"<p>\u00a0Boneco Geom\u00e9trico \u00e9 um brinquedo educativo em madeira composto por uma prancha de 238mm x 140mm x 55mm e 20 formas geom\u00e9tricas (08 ret\u00e2ngulos, 04 quadrados, 04 tri\u00e2ngulos e 04 c\u00edrculos) nas cores verde, amarela, azul e vermelha, sendo que<\/p>\n","protected":false},"featured_media":7724,"comment_status":"open","ping_status":"closed","template":"","meta":[],"product_brand":[227],"product_cat":[211],"product_tag":[],"class_list":{"0":"post-7725","1":"product","2":"type-product","3":"status-publish","6":"product_brand-carimbras","7":"product_cat-psicomotricidade-jogos-e-brinquedos","9":"first","10":"instock","11":"shipping-taxable","12":"purchasable","13":"product-type-simple"},"_links":{"self":[{"href":"https:\/\/educaredigital.online\/loja\/wp-json\/wp\/v2\/product\/7725","targetHints":{"allow":["GET"]}}],"collection":[{"href":"https:\/\/educaredigital.online\/loja\/wp-json\/wp\/v2\/product"}],"about":[{"href":"https:\/\/educaredigital.online\/loja\/wp-json\/wp\/v2\/types\/product"}],"replies":[{"embeddable":true,"href":"https:\/\/educaredigital.online\/loja\/wp-json\/wp\/v2\/comments?post=7725"}],"wp:featuredmedia":[{"embeddable":true,"href":"https:\/\/educaredigital.online\/loja\/wp-json\/wp\/v2\/media\/7724"}],"wp:attachment":[{"href":"https:\/\/educaredigital.online\/loja\/wp-json\/wp\/v2\/media?parent=7725"}],"wp:term":[{"taxonomy":"product_brand","embeddable":true,"href":"https:\/\/educaredigital.online\/loja\/wp-json\/wp\/v2\/product_brand?post=7725"},{"taxonomy":"product_cat","embeddable":true,"href":"https:\/\/educaredigital.online\/loja\/wp-json\/wp\/v2\/product_cat?post=7725"},{"taxonomy":"product_tag","embeddable":true,"href":"https:\/\/educaredigital.online\/loja\/wp-json\/wp\/v2\/product_tag?post=7725"}],"curies":[{"name":"wp","href":"https:\/\/api.w.org\/{rel}","templated":true}]}}