{"id":7723,"date":"2026-04-09T11:55:29","date_gmt":"2026-04-09T11:55:29","guid":{"rendered":"https:\/\/educaredigital.online\/loja\/produto\/produto-72\/"},"modified":"2026-04-24T17:27:19","modified_gmt":"2026-04-24T17:27:19","slug":"produto-72","status":"publish","type":"product","link":"https:\/\/educaredigital.online\/loja\/produto\/produto-72\/","title":{"rendered":"Desafio Tetris"},"content":{"rendered":"<p>O produto \u00e9 composto por uma base quadrada de 23x23cm,\u00a0<strong>16 pe\u00e7as coloridas<\/strong>\u00a0em MDF e\u00a0<strong>4 fichas frente e verso<\/strong>\u00a0que oferecem\u00a0<strong>8 propostas de montagem<\/strong> em 4 n\u00edveis de dificuldade (3 dicas, 2 dicas, 1 dica e sem dicas) . O objetivo do jogo \u00e9 encaixar todas as pe\u00e7as nos espa\u00e7os em branco do tabuleiro, de modo que os c\u00edrculos e quadrados vazados nas pe\u00e7as coincidam com as cores e formas impressas nas fichas ,o jogo pode ser disputado entre m\u00faltiplos jogadores (quem completar primeiro vence) ou jogado individualmente como um desafio pessoal . O brinquedo trabalha o desenvolvimento cognitivo, o racioc\u00ednio l\u00f3gico, a no\u00e7\u00e3o espacial, a percep\u00e7\u00e3o de cores e formas, a concentra\u00e7\u00e3o e a resolu\u00e7\u00e3o de problemas.<\/p>\n<div class=\"details-table-wrapper\">\n<table class=\"product-details-table\">\n<tbody>\n<tr>\n<td>Marca<\/td>\n<td>Carimbras<\/td>\n<\/tr>\n<tr>\n<td>Material<\/td>\n<td>\u00a0MDF<\/td>\n<\/tr>\n<tr>\n<td>Faixa Et\u00e1ria<\/td>\n<td>A partir de 3 Anos<\/td>\n<\/tr>\n<\/tbody>\n<\/table>\n<\/div>\n","protected":false},"excerpt":{"rendered":"<p>O produto \u00e9 composto por uma base quadrada de 23x23cm,\u00a016 pe\u00e7as coloridas\u00a0em MDF e\u00a04 fichas frente e verso\u00a0que oferecem\u00a08 propostas de montagem em 4 n\u00edveis de dificuldade (3 dicas, 2 dicas, 1 dica e sem dicas) . O objetivo do<\/p>\n","protected":false},"featured_media":7722,"comment_status":"open","ping_status":"closed","template":"","meta":[],"product_brand":[227],"product_cat":[211],"product_tag":[],"class_list":{"0":"post-7723","1":"product","2":"type-product","3":"status-publish","6":"product_brand-carimbras","7":"product_cat-psicomotricidade-jogos-e-brinquedos","9":"first","10":"instock","11":"shipping-taxable","12":"purchasable","13":"product-type-simple"},"_links":{"self":[{"href":"https:\/\/educaredigital.online\/loja\/wp-json\/wp\/v2\/product\/7723","targetHints":{"allow":["GET"]}}],"collection":[{"href":"https:\/\/educaredigital.online\/loja\/wp-json\/wp\/v2\/product"}],"about":[{"href":"https:\/\/educaredigital.online\/loja\/wp-json\/wp\/v2\/types\/product"}],"replies":[{"embeddable":true,"href":"https:\/\/educaredigital.online\/loja\/wp-json\/wp\/v2\/comments?post=7723"}],"wp:featuredmedia":[{"embeddable":true,"href":"https:\/\/educaredigital.online\/loja\/wp-json\/wp\/v2\/media\/7722"}],"wp:attachment":[{"href":"https:\/\/educaredigital.online\/loja\/wp-json\/wp\/v2\/media?parent=7723"}],"wp:term":[{"taxonomy":"product_brand","embeddable":true,"href":"https:\/\/educaredigital.online\/loja\/wp-json\/wp\/v2\/product_brand?post=7723"},{"taxonomy":"product_cat","embeddable":true,"href":"https:\/\/educaredigital.online\/loja\/wp-json\/wp\/v2\/product_cat?post=7723"},{"taxonomy":"product_tag","embeddable":true,"href":"https:\/\/educaredigital.online\/loja\/wp-json\/wp\/v2\/product_tag?post=7723"}],"curies":[{"name":"wp","href":"https:\/\/api.w.org\/{rel}","templated":true}]}}