{"id":7721,"date":"2026-04-09T11:55:28","date_gmt":"2026-04-09T11:55:28","guid":{"rendered":"https:\/\/educaredigital.online\/loja\/produto\/produto-71\/"},"modified":"2026-04-24T17:31:50","modified_gmt":"2026-04-24T17:31:50","slug":"produto-71","status":"publish","type":"product","link":"https:\/\/educaredigital.online\/loja\/produto\/produto-71\/","title":{"rendered":"Equilibrando"},"content":{"rendered":"<div class=\"ds-message _63c77b1\">\n<div class=\"ds-markdown\">\n<p class=\"ds-markdown-paragraph\"><strong>Equilibrando<\/strong>\u00a0da marca\u00a0<strong>Carimbras<\/strong>\u00a0\u00e9 um jogo de habilidade composto por\u00a0<strong>34 pe\u00e7as de madeira<\/strong> (MDF), sendo 24 pe\u00e7as coloridas e ilustradas e 10 pe\u00e7as azuis de tamanhos variados, acondicionadas em uma caixa de madeira tipo estojo . O objetivo \u00e9 empilhar as pe\u00e7as com cuidado, formando uma torre est\u00e1vel sem derrubar os &#8220;bichinhos&#8221;, promovendo um desafio progressivo de equil\u00edbrio . E que pode ser jogado por <strong>1 ou mais pessoas<\/strong>, o brinquedo trabalha a coordena\u00e7\u00e3o motora fina, a percep\u00e7\u00e3o visomotora, a aten\u00e7\u00e3o, a concentra\u00e7\u00e3o e a explora\u00e7\u00e3o de cores e formas.<\/p>\n<div class=\"details-table-wrapper\">\n<table class=\"product-details-table\">\n<tbody>\n<tr>\n<td>Marca<\/td>\n<td>Carimbras<\/td>\n<\/tr>\n<tr>\n<td>Material<\/td>\n<td>\u00a0MDF<\/td>\n<\/tr>\n<tr>\n<td>Faixa Et\u00e1ria<\/td>\n<td>A partir de 3 Anos<\/td>\n<\/tr>\n<\/tbody>\n<\/table>\n<\/div>\n<\/div>\n<\/div>\n","protected":false},"excerpt":{"rendered":"<p>Equilibrando\u00a0da marca\u00a0Carimbras\u00a0\u00e9 um jogo de habilidade composto por\u00a034 pe\u00e7as de madeira (MDF), sendo 24 pe\u00e7as coloridas e ilustradas e 10 pe\u00e7as azuis de tamanhos variados, acondicionadas em uma caixa de madeira tipo estojo . O objetivo \u00e9 empilhar as pe\u00e7as<\/p>\n","protected":false},"featured_media":7720,"comment_status":"open","ping_status":"closed","template":"","meta":[],"product_brand":[227],"product_cat":[211],"product_tag":[],"class_list":{"0":"post-7721","1":"product","2":"type-product","3":"status-publish","6":"product_brand-carimbras","7":"product_cat-psicomotricidade-jogos-e-brinquedos","9":"first","10":"instock","11":"shipping-taxable","12":"purchasable","13":"product-type-simple"},"_links":{"self":[{"href":"https:\/\/educaredigital.online\/loja\/wp-json\/wp\/v2\/product\/7721","targetHints":{"allow":["GET"]}}],"collection":[{"href":"https:\/\/educaredigital.online\/loja\/wp-json\/wp\/v2\/product"}],"about":[{"href":"https:\/\/educaredigital.online\/loja\/wp-json\/wp\/v2\/types\/product"}],"replies":[{"embeddable":true,"href":"https:\/\/educaredigital.online\/loja\/wp-json\/wp\/v2\/comments?post=7721"}],"wp:featuredmedia":[{"embeddable":true,"href":"https:\/\/educaredigital.online\/loja\/wp-json\/wp\/v2\/media\/7720"}],"wp:attachment":[{"href":"https:\/\/educaredigital.online\/loja\/wp-json\/wp\/v2\/media?parent=7721"}],"wp:term":[{"taxonomy":"product_brand","embeddable":true,"href":"https:\/\/educaredigital.online\/loja\/wp-json\/wp\/v2\/product_brand?post=7721"},{"taxonomy":"product_cat","embeddable":true,"href":"https:\/\/educaredigital.online\/loja\/wp-json\/wp\/v2\/product_cat?post=7721"},{"taxonomy":"product_tag","embeddable":true,"href":"https:\/\/educaredigital.online\/loja\/wp-json\/wp\/v2\/product_tag?post=7721"}],"curies":[{"name":"wp","href":"https:\/\/api.w.org\/{rel}","templated":true}]}}