{"id":7717,"date":"2026-04-09T11:55:26","date_gmt":"2026-04-09T11:55:26","guid":{"rendered":"https:\/\/educaredigital.online\/loja\/produto\/produto-69\/"},"modified":"2026-04-24T17:47:40","modified_gmt":"2026-04-24T17:47:40","slug":"produto-69","status":"publish","type":"product","link":"https:\/\/educaredigital.online\/loja\/produto\/produto-69\/","title":{"rendered":"Pe\u00e7as Dama e Trilha"},"content":{"rendered":"<p>O\u00a0<strong>Pe\u00e7as Dama e Trilha<\/strong> \u00a0geralmente se refere a um\u00a0<strong>jogo de tabuleiro 2 em 1<\/strong>, composto por um tabuleiro de madeira ou MDF que combina os dois jogos cl\u00e1ssicos em um \u00fanico produto. Acompanha um conjunto de pe\u00e7as, normalmente\u00a0<strong>24 pe\u00e7as redondas<\/strong>\u00a0(sendo 12 claras e 12 escuras) que servem tanto para o jogo de Dama quanto para o jogo de Trilha (Moinho).<\/p>\n<div class=\"details-table-wrapper\">\n<table class=\"product-details-table\">\n<tbody>\n<tr>\n<td>Marca<\/td>\n<td>Carimbras<\/td>\n<\/tr>\n<tr>\n<td>Material<\/td>\n<td>\u00a0MDF<\/td>\n<\/tr>\n<tr>\n<td>Faixa Et\u00e1ria<\/td>\n<td>A partir de 6 Anos<\/td>\n<\/tr>\n<\/tbody>\n<\/table>\n<\/div>\n","protected":false},"excerpt":{"rendered":"<p>O\u00a0Pe\u00e7as Dama e Trilha \u00a0geralmente se refere a um\u00a0jogo de tabuleiro 2 em 1, composto por um tabuleiro de madeira ou MDF que combina os dois jogos cl\u00e1ssicos em um \u00fanico produto. Acompanha um conjunto de pe\u00e7as, normalmente\u00a024 pe\u00e7as redondas\u00a0(sendo<\/p>\n","protected":false},"featured_media":7716,"comment_status":"open","ping_status":"closed","template":"","meta":[],"product_brand":[227],"product_cat":[212],"product_tag":[],"class_list":{"0":"post-7717","1":"product","2":"type-product","3":"status-publish","6":"product_brand-carimbras","7":"product_cat-tabuleiros-jogos-e-brinquedos","9":"first","10":"instock","11":"shipping-taxable","12":"purchasable","13":"product-type-simple"},"_links":{"self":[{"href":"https:\/\/educaredigital.online\/loja\/wp-json\/wp\/v2\/product\/7717","targetHints":{"allow":["GET"]}}],"collection":[{"href":"https:\/\/educaredigital.online\/loja\/wp-json\/wp\/v2\/product"}],"about":[{"href":"https:\/\/educaredigital.online\/loja\/wp-json\/wp\/v2\/types\/product"}],"replies":[{"embeddable":true,"href":"https:\/\/educaredigital.online\/loja\/wp-json\/wp\/v2\/comments?post=7717"}],"wp:featuredmedia":[{"embeddable":true,"href":"https:\/\/educaredigital.online\/loja\/wp-json\/wp\/v2\/media\/7716"}],"wp:attachment":[{"href":"https:\/\/educaredigital.online\/loja\/wp-json\/wp\/v2\/media?parent=7717"}],"wp:term":[{"taxonomy":"product_brand","embeddable":true,"href":"https:\/\/educaredigital.online\/loja\/wp-json\/wp\/v2\/product_brand?post=7717"},{"taxonomy":"product_cat","embeddable":true,"href":"https:\/\/educaredigital.online\/loja\/wp-json\/wp\/v2\/product_cat?post=7717"},{"taxonomy":"product_tag","embeddable":true,"href":"https:\/\/educaredigital.online\/loja\/wp-json\/wp\/v2\/product_tag?post=7717"}],"curies":[{"name":"wp","href":"https:\/\/api.w.org\/{rel}","templated":true}]}}