{"id":7715,"date":"2026-04-09T11:55:25","date_gmt":"2026-04-09T11:55:25","guid":{"rendered":"https:\/\/educaredigital.online\/loja\/produto\/produto-68\/"},"modified":"2026-04-24T17:47:08","modified_gmt":"2026-04-24T17:47:08","slug":"produto-68","status":"publish","type":"product","link":"https:\/\/educaredigital.online\/loja\/produto\/produto-68\/","title":{"rendered":"Passe e Lace o T\u00eanis"},"content":{"rendered":"<p><strong>Passe e Lace o T\u00eanis<\/strong>\u00a0 \u00e9 um brinquedo educativo em madeira composto por <strong>01 par de t\u00eanis pintado e estampado<\/strong>\u00a0com cord\u00f5es para aprender a passar, amarrar e la\u00e7ar\u00a0. Medindo aproximadamente\u00a0<strong>110mm x 50mm x 78mm<\/strong>, o produto trabalha a\u00a0<strong>coordena\u00e7\u00e3o motora fina<\/strong>, a agilidade, a percep\u00e7\u00e3o, a concentra\u00e7\u00e3o e a explora\u00e7\u00e3o do faz de conta.<\/p>\n<div class=\"details-table-wrapper\">\n<table class=\"product-details-table\">\n<tbody>\n<tr>\n<td>Marca<\/td>\n<td>Carimbras<\/td>\n<\/tr>\n<tr>\n<td>Material<\/td>\n<td>\u00a0MDF<\/td>\n<\/tr>\n<tr>\n<td>Faixa Et\u00e1ria<\/td>\n<td>A partir de 3 Anos<\/td>\n<\/tr>\n<\/tbody>\n<\/table>\n<\/div>\n","protected":false},"excerpt":{"rendered":"<p>Passe e Lace o T\u00eanis\u00a0 \u00e9 um brinquedo educativo em madeira composto por 01 par de t\u00eanis pintado e estampado\u00a0com cord\u00f5es para aprender a passar, amarrar e la\u00e7ar\u00a0. Medindo aproximadamente\u00a0110mm x 50mm x 78mm, o produto trabalha a\u00a0coordena\u00e7\u00e3o motora fina,<\/p>\n","protected":false},"featured_media":7714,"comment_status":"open","ping_status":"closed","template":"","meta":[],"product_brand":[227],"product_cat":[211],"product_tag":[],"class_list":{"0":"post-7715","1":"product","2":"type-product","3":"status-publish","6":"product_brand-carimbras","7":"product_cat-psicomotricidade-jogos-e-brinquedos","9":"first","10":"instock","11":"shipping-taxable","12":"purchasable","13":"product-type-simple"},"_links":{"self":[{"href":"https:\/\/educaredigital.online\/loja\/wp-json\/wp\/v2\/product\/7715","targetHints":{"allow":["GET"]}}],"collection":[{"href":"https:\/\/educaredigital.online\/loja\/wp-json\/wp\/v2\/product"}],"about":[{"href":"https:\/\/educaredigital.online\/loja\/wp-json\/wp\/v2\/types\/product"}],"replies":[{"embeddable":true,"href":"https:\/\/educaredigital.online\/loja\/wp-json\/wp\/v2\/comments?post=7715"}],"wp:featuredmedia":[{"embeddable":true,"href":"https:\/\/educaredigital.online\/loja\/wp-json\/wp\/v2\/media\/7714"}],"wp:attachment":[{"href":"https:\/\/educaredigital.online\/loja\/wp-json\/wp\/v2\/media?parent=7715"}],"wp:term":[{"taxonomy":"product_brand","embeddable":true,"href":"https:\/\/educaredigital.online\/loja\/wp-json\/wp\/v2\/product_brand?post=7715"},{"taxonomy":"product_cat","embeddable":true,"href":"https:\/\/educaredigital.online\/loja\/wp-json\/wp\/v2\/product_cat?post=7715"},{"taxonomy":"product_tag","embeddable":true,"href":"https:\/\/educaredigital.online\/loja\/wp-json\/wp\/v2\/product_tag?post=7715"}],"curies":[{"name":"wp","href":"https:\/\/api.w.org\/{rel}","templated":true}]}}