{"id":7713,"date":"2026-04-09T11:55:23","date_gmt":"2026-04-09T11:55:23","guid":{"rendered":"https:\/\/educaredigital.online\/loja\/produto\/produto-67\/"},"modified":"2026-04-24T17:27:19","modified_gmt":"2026-04-24T17:27:19","slug":"produto-67","status":"publish","type":"product","link":"https:\/\/educaredigital.online\/loja\/produto\/produto-67\/","title":{"rendered":"Cursores Magn\u00e9ticos"},"content":{"rendered":"<div class=\"ds-message _63c77b1\">\n<div class=\"ds-markdown\">\n<p class=\"ds-markdown-paragraph\">A crian\u00e7a utiliza o cursor magn\u00e9tico para conduzir as bolinhas uma a uma pelos caminhos, posicionando-as nos espa\u00e7os de acordo com as figuras indicadas . O jogo desenvolve a coordena\u00e7\u00e3o motora fina, a concentra\u00e7\u00e3o, o racioc\u00ednio l\u00f3gico, a precis\u00e3o e a paci\u00eancia, sendo um excelente exerc\u00edcio de pr\u00e9-escrita, pois o movimento da caneta simula o tra\u00e7ado do l\u00e1pis , estimulando a autonomia e a supera\u00e7\u00e3o pessoal.<\/p>\n<div class=\"details-table-wrapper\">\n<table class=\"product-details-table\">\n<tbody>\n<tr>\n<td>Marca<\/td>\n<td>Carimbras<\/td>\n<\/tr>\n<tr>\n<td>Material<\/td>\n<td>\u00a0MDF<\/td>\n<\/tr>\n<tr>\n<td>Faixa Et\u00e1ria<\/td>\n<td>A partir de 3 Anos<\/td>\n<\/tr>\n<\/tbody>\n<\/table>\n<\/div>\n<\/div>\n<\/div>\n","protected":false},"excerpt":{"rendered":"<p>A crian\u00e7a utiliza o cursor magn\u00e9tico para conduzir as bolinhas uma a uma pelos caminhos, posicionando-as nos espa\u00e7os de acordo com as figuras indicadas . O jogo desenvolve a coordena\u00e7\u00e3o motora fina, a concentra\u00e7\u00e3o, o racioc\u00ednio l\u00f3gico, a precis\u00e3o e<\/p>\n","protected":false},"featured_media":7712,"comment_status":"open","ping_status":"closed","template":"","meta":[],"product_brand":[227],"product_cat":[211],"product_tag":[],"class_list":{"0":"post-7713","1":"product","2":"type-product","3":"status-publish","6":"product_brand-carimbras","7":"product_cat-psicomotricidade-jogos-e-brinquedos","9":"first","10":"instock","11":"shipping-taxable","12":"purchasable","13":"product-type-simple"},"_links":{"self":[{"href":"https:\/\/educaredigital.online\/loja\/wp-json\/wp\/v2\/product\/7713","targetHints":{"allow":["GET"]}}],"collection":[{"href":"https:\/\/educaredigital.online\/loja\/wp-json\/wp\/v2\/product"}],"about":[{"href":"https:\/\/educaredigital.online\/loja\/wp-json\/wp\/v2\/types\/product"}],"replies":[{"embeddable":true,"href":"https:\/\/educaredigital.online\/loja\/wp-json\/wp\/v2\/comments?post=7713"}],"wp:featuredmedia":[{"embeddable":true,"href":"https:\/\/educaredigital.online\/loja\/wp-json\/wp\/v2\/media\/7712"}],"wp:attachment":[{"href":"https:\/\/educaredigital.online\/loja\/wp-json\/wp\/v2\/media?parent=7713"}],"wp:term":[{"taxonomy":"product_brand","embeddable":true,"href":"https:\/\/educaredigital.online\/loja\/wp-json\/wp\/v2\/product_brand?post=7713"},{"taxonomy":"product_cat","embeddable":true,"href":"https:\/\/educaredigital.online\/loja\/wp-json\/wp\/v2\/product_cat?post=7713"},{"taxonomy":"product_tag","embeddable":true,"href":"https:\/\/educaredigital.online\/loja\/wp-json\/wp\/v2\/product_tag?post=7713"}],"curies":[{"name":"wp","href":"https:\/\/api.w.org\/{rel}","templated":true}]}}