{"id":7711,"date":"2026-04-09T11:55:22","date_gmt":"2026-04-09T11:55:22","guid":{"rendered":"https:\/\/educaredigital.online\/loja\/produto\/produto-66\/"},"modified":"2026-04-24T17:32:39","modified_gmt":"2026-04-24T17:32:39","slug":"produto-66","status":"publish","type":"product","link":"https:\/\/educaredigital.online\/loja\/produto\/produto-66\/","title":{"rendered":"Imagem e Escrita"},"content":{"rendered":"<div class=\"ds-message _63c77b1\">\n<div class=\"ds-markdown\">\n<p class=\"ds-markdown-paragraph\"><strong>Imagem e Escrita<\/strong> \u00e9 um jogo educativo em madeira o objetivo \u00e9 associar cada imagem \u00e0 sua grafia correta, escolhendo e encaixando as letras necess\u00e1rias para escrever o nome da figura representada .O\u00a0jogo trabalha o desenvolvimento do vocabul\u00e1rio, o reconhecimento da escrita e da leitura, a aten\u00e7\u00e3o, a concentra\u00e7\u00e3o e a intera\u00e7\u00e3o social, sendo amplamente utilizado tanto em casa quanto em escolas\u00a0. As pe\u00e7as s\u00e3o acondicionadas em uma pr\u00e1tica caixa tipo estojo de madeira, facilitando a organiza\u00e7\u00e3o e o transporte\u00a0.<\/p>\n<div class=\"details-table-wrapper\">\n<table class=\"product-details-table\">\n<tbody>\n<tr>\n<td>Marca<\/td>\n<td>Carimbras<\/td>\n<\/tr>\n<tr>\n<td>Material<\/td>\n<td>\u00a0Madeira<\/td>\n<\/tr>\n<tr>\n<td>Faixa Et\u00e1ria<\/td>\n<td>A partir de 3 Anos<\/td>\n<\/tr>\n<\/tbody>\n<\/table>\n<\/div>\n<\/div>\n<\/div>\n","protected":false},"excerpt":{"rendered":"<p>Imagem e Escrita \u00e9 um jogo educativo em madeira o objetivo \u00e9 associar cada imagem \u00e0 sua grafia correta, escolhendo e encaixando as letras necess\u00e1rias para escrever o nome da figura representada .O\u00a0jogo trabalha o desenvolvimento do vocabul\u00e1rio, o reconhecimento<\/p>\n","protected":false},"featured_media":7710,"comment_status":"open","ping_status":"closed","template":"","meta":[],"product_brand":[227],"product_cat":[209],"product_tag":[],"class_list":{"0":"post-7711","1":"product","2":"type-product","3":"status-publish","6":"product_brand-carimbras","7":"product_cat-letramento-jogos-e-brinquedos","9":"first","10":"instock","11":"shipping-taxable","12":"purchasable","13":"product-type-simple"},"_links":{"self":[{"href":"https:\/\/educaredigital.online\/loja\/wp-json\/wp\/v2\/product\/7711","targetHints":{"allow":["GET"]}}],"collection":[{"href":"https:\/\/educaredigital.online\/loja\/wp-json\/wp\/v2\/product"}],"about":[{"href":"https:\/\/educaredigital.online\/loja\/wp-json\/wp\/v2\/types\/product"}],"replies":[{"embeddable":true,"href":"https:\/\/educaredigital.online\/loja\/wp-json\/wp\/v2\/comments?post=7711"}],"wp:featuredmedia":[{"embeddable":true,"href":"https:\/\/educaredigital.online\/loja\/wp-json\/wp\/v2\/media\/7710"}],"wp:attachment":[{"href":"https:\/\/educaredigital.online\/loja\/wp-json\/wp\/v2\/media?parent=7711"}],"wp:term":[{"taxonomy":"product_brand","embeddable":true,"href":"https:\/\/educaredigital.online\/loja\/wp-json\/wp\/v2\/product_brand?post=7711"},{"taxonomy":"product_cat","embeddable":true,"href":"https:\/\/educaredigital.online\/loja\/wp-json\/wp\/v2\/product_cat?post=7711"},{"taxonomy":"product_tag","embeddable":true,"href":"https:\/\/educaredigital.online\/loja\/wp-json\/wp\/v2\/product_tag?post=7711"}],"curies":[{"name":"wp","href":"https:\/\/api.w.org\/{rel}","templated":true}]}}