{"id":7709,"date":"2026-04-09T11:55:21","date_gmt":"2026-04-09T11:55:21","guid":{"rendered":"https:\/\/educaredigital.online\/loja\/produto\/produto-65\/"},"modified":"2026-04-24T17:40:37","modified_gmt":"2026-04-24T17:40:37","slug":"produto-65","status":"publish","type":"product","link":"https:\/\/educaredigital.online\/loja\/produto\/produto-65\/","title":{"rendered":"Mem\u00f3ria de Legumes e Frutas"},"content":{"rendered":"<div class=\"ds-message _63c77b1\">\n<div class=\"ds-markdown\">\n<p class=\"ds-markdown-paragraph\"><strong>Mem\u00f3ria de Legumes e Frutas<\/strong> \u00a0\u00e9 um jogo educativo em madeira ,\u00a0o objetivo do jogo \u00e9 encontrar os pares correspondentes, virando duas pe\u00e7as por vez e exercitando a mem\u00f3ria visual\u00a0. Indicado para crian\u00e7as a partir de\u00a0<strong>3 anos<\/strong>, pode ser jogado por\u00a0<strong>1 ou mais participantes<\/strong> e trabalha a percep\u00e7\u00e3o visual, a concentra\u00e7\u00e3o, o racioc\u00ednio l\u00f3gico, o reconhecimento de alimentos saud\u00e1veis e ainda pode auxiliar na introdu\u00e7\u00e3o de um novo idioma ao ensinar os nomes das frutas e legumes.<\/p>\n<div class=\"details-table-wrapper\">\n<table class=\"product-details-table\">\n<tbody>\n<tr>\n<td>Marca<\/td>\n<td>Carimbras<\/td>\n<\/tr>\n<tr>\n<td>Material<\/td>\n<td>\u00a0Madeira<\/td>\n<\/tr>\n<tr>\n<td>Faixa Et\u00e1ria<\/td>\n<td>A partir de 3 Anos<\/td>\n<\/tr>\n<\/tbody>\n<\/table>\n<\/div>\n<\/div>\n<\/div>\n","protected":false},"excerpt":{"rendered":"<p>Mem\u00f3ria de Legumes e Frutas \u00a0\u00e9 um jogo educativo em madeira ,\u00a0o objetivo do jogo \u00e9 encontrar os pares correspondentes, virando duas pe\u00e7as por vez e exercitando a mem\u00f3ria visual\u00a0. Indicado para crian\u00e7as a partir de\u00a03 anos, pode ser jogado<\/p>\n","protected":false},"featured_media":7708,"comment_status":"open","ping_status":"closed","template":"","meta":[],"product_brand":[227],"product_cat":[211],"product_tag":[],"class_list":{"0":"post-7709","1":"product","2":"type-product","3":"status-publish","6":"product_brand-carimbras","7":"product_cat-psicomotricidade-jogos-e-brinquedos","9":"first","10":"instock","11":"shipping-taxable","12":"purchasable","13":"product-type-simple"},"_links":{"self":[{"href":"https:\/\/educaredigital.online\/loja\/wp-json\/wp\/v2\/product\/7709","targetHints":{"allow":["GET"]}}],"collection":[{"href":"https:\/\/educaredigital.online\/loja\/wp-json\/wp\/v2\/product"}],"about":[{"href":"https:\/\/educaredigital.online\/loja\/wp-json\/wp\/v2\/types\/product"}],"replies":[{"embeddable":true,"href":"https:\/\/educaredigital.online\/loja\/wp-json\/wp\/v2\/comments?post=7709"}],"wp:featuredmedia":[{"embeddable":true,"href":"https:\/\/educaredigital.online\/loja\/wp-json\/wp\/v2\/media\/7708"}],"wp:attachment":[{"href":"https:\/\/educaredigital.online\/loja\/wp-json\/wp\/v2\/media?parent=7709"}],"wp:term":[{"taxonomy":"product_brand","embeddable":true,"href":"https:\/\/educaredigital.online\/loja\/wp-json\/wp\/v2\/product_brand?post=7709"},{"taxonomy":"product_cat","embeddable":true,"href":"https:\/\/educaredigital.online\/loja\/wp-json\/wp\/v2\/product_cat?post=7709"},{"taxonomy":"product_tag","embeddable":true,"href":"https:\/\/educaredigital.online\/loja\/wp-json\/wp\/v2\/product_tag?post=7709"}],"curies":[{"name":"wp","href":"https:\/\/api.w.org\/{rel}","templated":true}]}}