{"id":7707,"date":"2026-04-09T11:55:20","date_gmt":"2026-04-09T11:55:20","guid":{"rendered":"https:\/\/educaredigital.online\/loja\/produto\/produto-64\/"},"modified":"2026-04-24T17:50:40","modified_gmt":"2026-04-24T17:50:40","slug":"produto-64","status":"publish","type":"product","link":"https:\/\/educaredigital.online\/loja\/produto\/produto-64\/","title":{"rendered":"Torre Inteligente"},"content":{"rendered":"<div class=\"ds-message _63c77b1\">\n<div class=\"ds-markdown\">\n<p class=\"ds-markdown-paragraph\">Cada base indica, por meio de c\u00edrculos coloridos, a quantidade e a cor dos cilindros que devem ser posicionados verticalmente sobre ela . Ap\u00f3s colocar os cilindros, uma nova base \u00e9 disposta sobre eles, repetindo o processo sucessivamente at\u00e9 formar a torre completa . O jogo pode ser disputado individualmente ou em grupo, trabalhando habilidades como coordena\u00e7\u00e3o motora, agilidade, percep\u00e7\u00e3o visual, trabalho em equipe e compreens\u00e3o de regras .<\/p>\n<div class=\"details-table-wrapper\">\n<table class=\"product-details-table\">\n<tbody>\n<tr>\n<td>Marca<\/td>\n<td>Carimbras<\/td>\n<\/tr>\n<tr>\n<td>Material<\/td>\n<td>\u00a0Madeira<\/td>\n<\/tr>\n<tr>\n<td>Faixa Et\u00e1ria<\/td>\n<td>A partir de 4 Anos<\/td>\n<\/tr>\n<\/tbody>\n<\/table>\n<\/div>\n<\/div>\n<\/div>\n","protected":false},"excerpt":{"rendered":"<p>Cada base indica, por meio de c\u00edrculos coloridos, a quantidade e a cor dos cilindros que devem ser posicionados verticalmente sobre ela . Ap\u00f3s colocar os cilindros, uma nova base \u00e9 disposta sobre eles, repetindo o processo sucessivamente at\u00e9 formar<\/p>\n","protected":false},"featured_media":7706,"comment_status":"open","ping_status":"closed","template":"","meta":[],"product_brand":[227],"product_cat":[211],"product_tag":[],"class_list":{"0":"post-7707","1":"product","2":"type-product","3":"status-publish","6":"product_brand-carimbras","7":"product_cat-psicomotricidade-jogos-e-brinquedos","9":"first","10":"instock","11":"shipping-taxable","12":"purchasable","13":"product-type-simple"},"_links":{"self":[{"href":"https:\/\/educaredigital.online\/loja\/wp-json\/wp\/v2\/product\/7707","targetHints":{"allow":["GET"]}}],"collection":[{"href":"https:\/\/educaredigital.online\/loja\/wp-json\/wp\/v2\/product"}],"about":[{"href":"https:\/\/educaredigital.online\/loja\/wp-json\/wp\/v2\/types\/product"}],"replies":[{"embeddable":true,"href":"https:\/\/educaredigital.online\/loja\/wp-json\/wp\/v2\/comments?post=7707"}],"wp:featuredmedia":[{"embeddable":true,"href":"https:\/\/educaredigital.online\/loja\/wp-json\/wp\/v2\/media\/7706"}],"wp:attachment":[{"href":"https:\/\/educaredigital.online\/loja\/wp-json\/wp\/v2\/media?parent=7707"}],"wp:term":[{"taxonomy":"product_brand","embeddable":true,"href":"https:\/\/educaredigital.online\/loja\/wp-json\/wp\/v2\/product_brand?post=7707"},{"taxonomy":"product_cat","embeddable":true,"href":"https:\/\/educaredigital.online\/loja\/wp-json\/wp\/v2\/product_cat?post=7707"},{"taxonomy":"product_tag","embeddable":true,"href":"https:\/\/educaredigital.online\/loja\/wp-json\/wp\/v2\/product_tag?post=7707"}],"curies":[{"name":"wp","href":"https:\/\/api.w.org\/{rel}","templated":true}]}}