{"id":7705,"date":"2026-04-09T11:55:19","date_gmt":"2026-04-09T11:55:19","guid":{"rendered":"https:\/\/educaredigital.online\/loja\/produto\/produto-63\/"},"modified":"2026-04-24T17:19:18","modified_gmt":"2026-04-24T17:19:18","slug":"produto-63","status":"publish","type":"product","link":"https:\/\/educaredigital.online\/loja\/produto\/produto-63\/","title":{"rendered":"\u00c1baco 10 colunas"},"content":{"rendered":"<div class=\"ds-message _63c77b1\">\n<div class=\"ds-markdown\">\n<p class=\"ds-markdown-paragraph\"><strong>\u00c1baco de 10 Colunas<\/strong>\u00a0da marca\u00a0<strong>Carimbras<\/strong> \u00e9 um material pedag\u00f3gico estruturado e \u00a0Desenvolvido para o ensino fundamental da matem\u00e1tica, o instrumento trabalha as <strong>quatro opera\u00e7\u00f5es<\/strong>\u00a0(adi\u00e7\u00e3o, subtra\u00e7\u00e3o, multiplica\u00e7\u00e3o e divis\u00e3o), al\u00e9m de conceitos de\u00a0<strong>classe e ordem num\u00e9rica<\/strong> (unidade, dezena, centena, milhar), oferecendo uma compreens\u00e3o visual e t\u00e1til do sistema decimal.<\/p>\n<div class=\"details-table-wrapper\">\n<table class=\"product-details-table\">\n<tbody>\n<tr>\n<td>Marca<\/td>\n<td>Carimbras<\/td>\n<\/tr>\n<tr>\n<td>Material<\/td>\n<td>\u00a0MDF<\/td>\n<\/tr>\n<tr>\n<td>Faixa Et\u00e1ria<\/td>\n<td>A partir de 3 Anos<\/td>\n<\/tr>\n<\/tbody>\n<\/table>\n<\/div>\n<\/div>\n<\/div>\n","protected":false},"excerpt":{"rendered":"<p>\u00c1baco de 10 Colunas\u00a0da marca\u00a0Carimbras \u00e9 um material pedag\u00f3gico estruturado e \u00a0Desenvolvido para o ensino fundamental da matem\u00e1tica, o instrumento trabalha as quatro opera\u00e7\u00f5es\u00a0(adi\u00e7\u00e3o, subtra\u00e7\u00e3o, multiplica\u00e7\u00e3o e divis\u00e3o), al\u00e9m de conceitos de\u00a0classe e ordem num\u00e9rica (unidade, dezena, centena, milhar), oferecendo<\/p>\n","protected":false},"featured_media":7704,"comment_status":"open","ping_status":"closed","template":"","meta":[],"product_brand":[227],"product_cat":[210],"product_tag":[],"class_list":{"0":"post-7705","1":"product","2":"type-product","3":"status-publish","6":"product_brand-carimbras","7":"product_cat-matematica-jogos-e-brinquedos","9":"first","10":"instock","11":"shipping-taxable","12":"purchasable","13":"product-type-simple"},"_links":{"self":[{"href":"https:\/\/educaredigital.online\/loja\/wp-json\/wp\/v2\/product\/7705","targetHints":{"allow":["GET"]}}],"collection":[{"href":"https:\/\/educaredigital.online\/loja\/wp-json\/wp\/v2\/product"}],"about":[{"href":"https:\/\/educaredigital.online\/loja\/wp-json\/wp\/v2\/types\/product"}],"replies":[{"embeddable":true,"href":"https:\/\/educaredigital.online\/loja\/wp-json\/wp\/v2\/comments?post=7705"}],"wp:featuredmedia":[{"embeddable":true,"href":"https:\/\/educaredigital.online\/loja\/wp-json\/wp\/v2\/media\/7704"}],"wp:attachment":[{"href":"https:\/\/educaredigital.online\/loja\/wp-json\/wp\/v2\/media?parent=7705"}],"wp:term":[{"taxonomy":"product_brand","embeddable":true,"href":"https:\/\/educaredigital.online\/loja\/wp-json\/wp\/v2\/product_brand?post=7705"},{"taxonomy":"product_cat","embeddable":true,"href":"https:\/\/educaredigital.online\/loja\/wp-json\/wp\/v2\/product_cat?post=7705"},{"taxonomy":"product_tag","embeddable":true,"href":"https:\/\/educaredigital.online\/loja\/wp-json\/wp\/v2\/product_tag?post=7705"}],"curies":[{"name":"wp","href":"https:\/\/api.w.org\/{rel}","templated":true}]}}