{"id":7703,"date":"2026-04-09T11:55:18","date_gmt":"2026-04-09T11:55:18","guid":{"rendered":"https:\/\/educaredigital.online\/loja\/produto\/produto-62\/"},"modified":"2026-04-24T17:29:27","modified_gmt":"2026-04-24T17:29:27","slug":"produto-62","status":"publish","type":"product","link":"https:\/\/educaredigital.online\/loja\/produto\/produto-62\/","title":{"rendered":"Domin\u00f3 de Frutas"},"content":{"rendered":"<p><strong>Domin\u00f3 de Frutas<\/strong>\u00a0\u00e9 um jogo educativo em madeira (MDF) composto por <strong>28 pe\u00e7as<\/strong> medindo 70mm x 35mm, cada uma estampada com ilustra\u00e7\u00f5es de diferentes frutas . O objetivo cl\u00e1ssico do domin\u00f3 \u00e9 encaixar as pe\u00e7as combinando as imagens correspondentes, e quem ficar sem pe\u00e7as primeiro vence . O jogo trabalha a memoriza\u00e7\u00e3o, o racioc\u00ednio l\u00f3gico, a coordena\u00e7\u00e3o motora, a associa\u00e7\u00e3o de imagens e as rela\u00e7\u00f5es interpessoais, auxiliando em todas as fases da aprendizagem.<\/p>\n<div class=\"details-table-wrapper\">\n<table class=\"product-details-table\">\n<tbody>\n<tr>\n<td>Marca<\/td>\n<td>Carimbras<\/td>\n<\/tr>\n<tr>\n<td>Material<\/td>\n<td>\u00a0MDF<\/td>\n<\/tr>\n<tr>\n<td>Faixa Et\u00e1ria<\/td>\n<td>A partir de 3 Anos<\/td>\n<\/tr>\n<\/tbody>\n<\/table>\n<\/div>\n","protected":false},"excerpt":{"rendered":"<p>Domin\u00f3 de Frutas\u00a0\u00e9 um jogo educativo em madeira (MDF) composto por 28 pe\u00e7as medindo 70mm x 35mm, cada uma estampada com ilustra\u00e7\u00f5es de diferentes frutas . O objetivo cl\u00e1ssico do domin\u00f3 \u00e9 encaixar as pe\u00e7as combinando as imagens correspondentes, e<\/p>\n","protected":false},"featured_media":7702,"comment_status":"open","ping_status":"closed","template":"","meta":[],"product_brand":[227],"product_cat":[211],"product_tag":[],"class_list":{"0":"post-7703","1":"product","2":"type-product","3":"status-publish","6":"product_brand-carimbras","7":"product_cat-psicomotricidade-jogos-e-brinquedos","9":"first","10":"instock","11":"shipping-taxable","12":"purchasable","13":"product-type-simple"},"_links":{"self":[{"href":"https:\/\/educaredigital.online\/loja\/wp-json\/wp\/v2\/product\/7703","targetHints":{"allow":["GET"]}}],"collection":[{"href":"https:\/\/educaredigital.online\/loja\/wp-json\/wp\/v2\/product"}],"about":[{"href":"https:\/\/educaredigital.online\/loja\/wp-json\/wp\/v2\/types\/product"}],"replies":[{"embeddable":true,"href":"https:\/\/educaredigital.online\/loja\/wp-json\/wp\/v2\/comments?post=7703"}],"wp:featuredmedia":[{"embeddable":true,"href":"https:\/\/educaredigital.online\/loja\/wp-json\/wp\/v2\/media\/7702"}],"wp:attachment":[{"href":"https:\/\/educaredigital.online\/loja\/wp-json\/wp\/v2\/media?parent=7703"}],"wp:term":[{"taxonomy":"product_brand","embeddable":true,"href":"https:\/\/educaredigital.online\/loja\/wp-json\/wp\/v2\/product_brand?post=7703"},{"taxonomy":"product_cat","embeddable":true,"href":"https:\/\/educaredigital.online\/loja\/wp-json\/wp\/v2\/product_cat?post=7703"},{"taxonomy":"product_tag","embeddable":true,"href":"https:\/\/educaredigital.online\/loja\/wp-json\/wp\/v2\/product_tag?post=7703"}],"curies":[{"name":"wp","href":"https:\/\/api.w.org\/{rel}","templated":true}]}}