{"id":7701,"date":"2026-04-09T11:55:17","date_gmt":"2026-04-09T11:55:17","guid":{"rendered":"https:\/\/educaredigital.online\/loja\/produto\/produto-61\/"},"modified":"2026-04-24T20:51:27","modified_gmt":"2026-04-24T20:51:27","slug":"produto-61","status":"publish","type":"product","link":"https:\/\/educaredigital.online\/loja\/produto\/produto-61\/","title":{"rendered":"Quebra-Cabe\u00e7a Sil\u00e1bico"},"content":{"rendered":"<p><strong>Quebra-Cabe\u00e7a Sil\u00e1bico<\/strong> \u00e9 um brinquedo educativo que desafia a crian\u00e7a a montar imagens e formar suas s\u00edlabas correspondentes, associando letras e palavras de forma l\u00fadica, o jogo trabalha a alfabetiza\u00e7\u00e3o, a cogni\u00e7\u00e3o, a percep\u00e7\u00e3o visual e o racioc\u00ednio l\u00f3gico.<\/p>\n<div class=\"details-table-wrapper\">\n<table class=\"product-details-table\">\n<tbody>\n<tr>\n<td>Marca<\/td>\n<td>Carimbras<\/td>\n<\/tr>\n<tr>\n<td>Material<\/td>\n<td>\u00a0MDF<\/td>\n<\/tr>\n<tr>\n<td>Faixa Et\u00e1ria<\/td>\n<td>A partir de 3 Anos<\/td>\n<\/tr>\n<\/tbody>\n<\/table>\n<\/div>\n","protected":false},"excerpt":{"rendered":"<p>Quebra-Cabe\u00e7a Sil\u00e1bico \u00e9 um brinquedo educativo que desafia a crian\u00e7a a montar imagens e formar suas s\u00edlabas correspondentes, associando letras e palavras de forma l\u00fadica, o jogo trabalha a alfabetiza\u00e7\u00e3o, a cogni\u00e7\u00e3o, a percep\u00e7\u00e3o visual e o racioc\u00ednio l\u00f3gico. Marca<\/p>\n","protected":false},"featured_media":7700,"comment_status":"open","ping_status":"closed","template":"","meta":[],"product_brand":[227],"product_cat":[209],"product_tag":[],"class_list":{"0":"post-7701","1":"product","2":"type-product","3":"status-publish","6":"product_brand-carimbras","7":"product_cat-letramento-jogos-e-brinquedos","9":"first","10":"instock","11":"shipping-taxable","12":"purchasable","13":"product-type-simple"},"_links":{"self":[{"href":"https:\/\/educaredigital.online\/loja\/wp-json\/wp\/v2\/product\/7701","targetHints":{"allow":["GET"]}}],"collection":[{"href":"https:\/\/educaredigital.online\/loja\/wp-json\/wp\/v2\/product"}],"about":[{"href":"https:\/\/educaredigital.online\/loja\/wp-json\/wp\/v2\/types\/product"}],"replies":[{"embeddable":true,"href":"https:\/\/educaredigital.online\/loja\/wp-json\/wp\/v2\/comments?post=7701"}],"wp:featuredmedia":[{"embeddable":true,"href":"https:\/\/educaredigital.online\/loja\/wp-json\/wp\/v2\/media\/7700"}],"wp:attachment":[{"href":"https:\/\/educaredigital.online\/loja\/wp-json\/wp\/v2\/media?parent=7701"}],"wp:term":[{"taxonomy":"product_brand","embeddable":true,"href":"https:\/\/educaredigital.online\/loja\/wp-json\/wp\/v2\/product_brand?post=7701"},{"taxonomy":"product_cat","embeddable":true,"href":"https:\/\/educaredigital.online\/loja\/wp-json\/wp\/v2\/product_cat?post=7701"},{"taxonomy":"product_tag","embeddable":true,"href":"https:\/\/educaredigital.online\/loja\/wp-json\/wp\/v2\/product_tag?post=7701"}],"curies":[{"name":"wp","href":"https:\/\/api.w.org\/{rel}","templated":true}]}}