{"id":7699,"date":"2026-04-09T11:55:16","date_gmt":"2026-04-09T11:55:16","guid":{"rendered":"https:\/\/educaredigital.online\/loja\/produto\/produto-60\/"},"modified":"2026-04-24T17:21:18","modified_gmt":"2026-04-24T17:21:18","slug":"produto-60","status":"publish","type":"product","link":"https:\/\/educaredigital.online\/loja\/produto\/produto-60\/","title":{"rendered":"Blocos L\u00f3gicos"},"content":{"rendered":"<div class=\"ds-message _63c77b1\">\n<div class=\"ds-markdown\">\n<p class=\"ds-markdown-paragraph\"><strong>Blocos L\u00f3gicos<\/strong>\u00a0da marca\u00a0<strong>Carimbras<\/strong>\u00a0 a condicionado em uma pr\u00e1tica caixa tipo estojo de madeira medindo 330mm x 210mm x 44mm, o material acompanha um manual de instru\u00e7\u00e3o com sugest\u00f5es de atividades e desafios de associa\u00e7\u00e3o, seria\u00e7\u00e3o e classifica\u00e7\u00e3o , pode ser jogado por <strong>1 ou mais participantes<\/strong> e trabalha o racioc\u00ednio l\u00f3gico, a percep\u00e7\u00e3o visual, a introdu\u00e7\u00e3o \u00e0 matem\u00e1tica e conceitos b\u00e1sicos de conjuntos, sendo amplamente utilizado em escolas e no refor\u00e7o pedag\u00f3gico domiciliar.<\/p>\n<div class=\"details-table-wrapper\">\n<table class=\"product-details-table\">\n<tbody>\n<tr>\n<td>Marca<\/td>\n<td>Carimbras<\/td>\n<\/tr>\n<tr>\n<td>Material<\/td>\n<td>\u00a0MDF<\/td>\n<\/tr>\n<tr>\n<td>Faixa Et\u00e1ria<\/td>\n<td>A partir de 3 Anos<\/td>\n<\/tr>\n<\/tbody>\n<\/table>\n<\/div>\n<\/div>\n<\/div>\n","protected":false},"excerpt":{"rendered":"<p>Blocos L\u00f3gicos\u00a0da marca\u00a0Carimbras\u00a0 a condicionado em uma pr\u00e1tica caixa tipo estojo de madeira medindo 330mm x 210mm x 44mm, o material acompanha um manual de instru\u00e7\u00e3o com sugest\u00f5es de atividades e desafios de associa\u00e7\u00e3o, seria\u00e7\u00e3o e classifica\u00e7\u00e3o , pode ser<\/p>\n","protected":false},"featured_media":7698,"comment_status":"open","ping_status":"closed","template":"","meta":[],"product_brand":[227],"product_cat":[210],"product_tag":[],"class_list":{"0":"post-7699","1":"product","2":"type-product","3":"status-publish","6":"product_brand-carimbras","7":"product_cat-matematica-jogos-e-brinquedos","9":"first","10":"instock","11":"shipping-taxable","12":"purchasable","13":"product-type-simple"},"_links":{"self":[{"href":"https:\/\/educaredigital.online\/loja\/wp-json\/wp\/v2\/product\/7699","targetHints":{"allow":["GET"]}}],"collection":[{"href":"https:\/\/educaredigital.online\/loja\/wp-json\/wp\/v2\/product"}],"about":[{"href":"https:\/\/educaredigital.online\/loja\/wp-json\/wp\/v2\/types\/product"}],"replies":[{"embeddable":true,"href":"https:\/\/educaredigital.online\/loja\/wp-json\/wp\/v2\/comments?post=7699"}],"wp:featuredmedia":[{"embeddable":true,"href":"https:\/\/educaredigital.online\/loja\/wp-json\/wp\/v2\/media\/7698"}],"wp:attachment":[{"href":"https:\/\/educaredigital.online\/loja\/wp-json\/wp\/v2\/media?parent=7699"}],"wp:term":[{"taxonomy":"product_brand","embeddable":true,"href":"https:\/\/educaredigital.online\/loja\/wp-json\/wp\/v2\/product_brand?post=7699"},{"taxonomy":"product_cat","embeddable":true,"href":"https:\/\/educaredigital.online\/loja\/wp-json\/wp\/v2\/product_cat?post=7699"},{"taxonomy":"product_tag","embeddable":true,"href":"https:\/\/educaredigital.online\/loja\/wp-json\/wp\/v2\/product_tag?post=7699"}],"curies":[{"name":"wp","href":"https:\/\/api.w.org\/{rel}","templated":true}]}}