{"id":7666,"date":"2026-04-08T20:43:31","date_gmt":"2026-04-08T20:43:31","guid":{"rendered":"https:\/\/educaredigital.online\/loja\/produto\/produto-58\/"},"modified":"2026-04-24T17:17:28","modified_gmt":"2026-04-24T17:17:28","slug":"produto-58","status":"publish","type":"product","link":"https:\/\/educaredigital.online\/loja\/produto\/produto-58\/","title":{"rendered":"Alfabeto ilustrado"},"content":{"rendered":"<div class=\"ds-message _63c77b1\">\n<div class=\"ds-markdown\">\n<p class=\"ds-markdown-paragraph\"><strong>Alfabeto Ilustrado<\/strong> o objetivo \u00e9 associar cada figura \u00e0 sua letra inicial e \u00e0 palavra completa, promovendo o reconhecimento do alfabeto, a associa\u00e7\u00e3o fon\u00e9tica, a memoriza\u00e7\u00e3o e o desenvolvimento do vocabul\u00e1rio de forma l\u00fadica e interativa ,o brinquedo trabalha a aten\u00e7\u00e3o, o racioc\u00ednio l\u00f3gico, a coordena\u00e7\u00e3o motora e \u00e9 amplamente utilizado tanto em casa quanto em escolas para auxiliar no processo de alfabetiza\u00e7\u00e3o\u00a0.<\/p>\n<div class=\"details-table-wrapper\">\n<table class=\"product-details-table\">\n<tbody>\n<tr>\n<td>Marca<\/td>\n<td>Carimbras<\/td>\n<\/tr>\n<tr>\n<td>Material<\/td>\n<td>\u00a0MDF<\/td>\n<\/tr>\n<tr>\n<td>Faixa Et\u00e1ria<\/td>\n<td>A partir de 3 Anos<\/td>\n<\/tr>\n<\/tbody>\n<\/table>\n<\/div>\n<\/div>\n<\/div>\n","protected":false},"excerpt":{"rendered":"<p>Alfabeto Ilustrado o objetivo \u00e9 associar cada figura \u00e0 sua letra inicial e \u00e0 palavra completa, promovendo o reconhecimento do alfabeto, a associa\u00e7\u00e3o fon\u00e9tica, a memoriza\u00e7\u00e3o e o desenvolvimento do vocabul\u00e1rio de forma l\u00fadica e interativa ,o brinquedo trabalha a<\/p>\n","protected":false},"featured_media":7665,"comment_status":"open","ping_status":"closed","template":"","meta":[],"product_brand":[227],"product_cat":[209],"product_tag":[],"class_list":{"0":"post-7666","1":"product","2":"type-product","3":"status-publish","6":"product_brand-carimbras","7":"product_cat-letramento-jogos-e-brinquedos","9":"first","10":"instock","11":"shipping-taxable","12":"purchasable","13":"product-type-simple"},"_links":{"self":[{"href":"https:\/\/educaredigital.online\/loja\/wp-json\/wp\/v2\/product\/7666","targetHints":{"allow":["GET"]}}],"collection":[{"href":"https:\/\/educaredigital.online\/loja\/wp-json\/wp\/v2\/product"}],"about":[{"href":"https:\/\/educaredigital.online\/loja\/wp-json\/wp\/v2\/types\/product"}],"replies":[{"embeddable":true,"href":"https:\/\/educaredigital.online\/loja\/wp-json\/wp\/v2\/comments?post=7666"}],"wp:featuredmedia":[{"embeddable":true,"href":"https:\/\/educaredigital.online\/loja\/wp-json\/wp\/v2\/media\/7665"}],"wp:attachment":[{"href":"https:\/\/educaredigital.online\/loja\/wp-json\/wp\/v2\/media?parent=7666"}],"wp:term":[{"taxonomy":"product_brand","embeddable":true,"href":"https:\/\/educaredigital.online\/loja\/wp-json\/wp\/v2\/product_brand?post=7666"},{"taxonomy":"product_cat","embeddable":true,"href":"https:\/\/educaredigital.online\/loja\/wp-json\/wp\/v2\/product_cat?post=7666"},{"taxonomy":"product_tag","embeddable":true,"href":"https:\/\/educaredigital.online\/loja\/wp-json\/wp\/v2\/product_tag?post=7666"}],"curies":[{"name":"wp","href":"https:\/\/api.w.org\/{rel}","templated":true}]}}