{"id":7664,"date":"2026-04-08T20:43:30","date_gmt":"2026-04-08T20:43:30","guid":{"rendered":"https:\/\/educaredigital.online\/loja\/produto\/produto-57\/"},"modified":"2026-04-24T17:30:24","modified_gmt":"2026-04-24T17:30:24","slug":"produto-57","status":"publish","type":"product","link":"https:\/\/educaredigital.online\/loja\/produto\/produto-57\/","title":{"rendered":"Domin\u00f3 de Figuras e Letras"},"content":{"rendered":"<p><strong>Domin\u00f3 de Figuras e Letras<\/strong>\u00a0da marca\u00a0<strong>Carimbras<\/strong> o objetivo \u00e9 associar cada figura \u00e0 sua letra inicial correspondente, e ganha quem conseguir baixar todas as pe\u00e7as primeiro . Acondicionado em uma caixa tipo estojo de madeira (170mm x 95mm x 45mm), o jogo trabalha a memoriza\u00e7\u00e3o, o racioc\u00ednio l\u00f3gico, a coordena\u00e7\u00e3o motora, o reconhecimento visual e fon\u00e9tico das letras e a socializa\u00e7\u00e3o.<\/p>\n<div class=\"details-table-wrapper\">\n<table class=\"product-details-table\">\n<tbody>\n<tr>\n<td>Marca<\/td>\n<td>Carimbras<\/td>\n<\/tr>\n<tr>\n<td>Material<\/td>\n<td>\u00a0MDF<\/td>\n<\/tr>\n<tr>\n<td>Faixa Et\u00e1ria<\/td>\n<td>A partir de 3 Anos<\/td>\n<\/tr>\n<\/tbody>\n<\/table>\n<\/div>\n","protected":false},"excerpt":{"rendered":"<p>Domin\u00f3 de Figuras e Letras\u00a0da marca\u00a0Carimbras o objetivo \u00e9 associar cada figura \u00e0 sua letra inicial correspondente, e ganha quem conseguir baixar todas as pe\u00e7as primeiro . Acondicionado em uma caixa tipo estojo de madeira (170mm x 95mm x 45mm),<\/p>\n","protected":false},"featured_media":7663,"comment_status":"open","ping_status":"closed","template":"","meta":[],"product_brand":[227],"product_cat":[209],"product_tag":[],"class_list":{"0":"post-7664","1":"product","2":"type-product","3":"status-publish","6":"product_brand-carimbras","7":"product_cat-letramento-jogos-e-brinquedos","9":"first","10":"instock","11":"shipping-taxable","12":"purchasable","13":"product-type-simple"},"_links":{"self":[{"href":"https:\/\/educaredigital.online\/loja\/wp-json\/wp\/v2\/product\/7664","targetHints":{"allow":["GET"]}}],"collection":[{"href":"https:\/\/educaredigital.online\/loja\/wp-json\/wp\/v2\/product"}],"about":[{"href":"https:\/\/educaredigital.online\/loja\/wp-json\/wp\/v2\/types\/product"}],"replies":[{"embeddable":true,"href":"https:\/\/educaredigital.online\/loja\/wp-json\/wp\/v2\/comments?post=7664"}],"wp:featuredmedia":[{"embeddable":true,"href":"https:\/\/educaredigital.online\/loja\/wp-json\/wp\/v2\/media\/7663"}],"wp:attachment":[{"href":"https:\/\/educaredigital.online\/loja\/wp-json\/wp\/v2\/media?parent=7664"}],"wp:term":[{"taxonomy":"product_brand","embeddable":true,"href":"https:\/\/educaredigital.online\/loja\/wp-json\/wp\/v2\/product_brand?post=7664"},{"taxonomy":"product_cat","embeddable":true,"href":"https:\/\/educaredigital.online\/loja\/wp-json\/wp\/v2\/product_cat?post=7664"},{"taxonomy":"product_tag","embeddable":true,"href":"https:\/\/educaredigital.online\/loja\/wp-json\/wp\/v2\/product_tag?post=7664"}],"curies":[{"name":"wp","href":"https:\/\/api.w.org\/{rel}","templated":true}]}}