{"id":7660,"date":"2026-04-08T20:43:27","date_gmt":"2026-04-08T20:43:27","guid":{"rendered":"https:\/\/educaredigital.online\/loja\/produto\/produto-55\/"},"modified":"2026-04-24T17:37:17","modified_gmt":"2026-04-24T17:37:17","slug":"produto-55","status":"publish","type":"product","link":"https:\/\/educaredigital.online\/loja\/produto\/produto-55\/","title":{"rendered":"Labirinto Inteligente"},"content":{"rendered":"<div class=\"ds-message _63c77b1\">\n<div class=\"ds-markdown\">\n<p class=\"ds-markdown-paragraph\">\u00a0<strong>Labirinto Inteligente<\/strong> objetivo do jogo \u00e9 reproduzir no tabuleiro a combina\u00e7\u00e3o de cores e posi\u00e7\u00f5es exibida em cada plaquinha, movendo as pe\u00e7as pelos caminhos do labirinto at\u00e9 formar a figura correta , o jogo desenvolve o racioc\u00ednio l\u00f3gico, a coordena\u00e7\u00e3o motora fina, a percep\u00e7\u00e3o visual, a concentra\u00e7\u00e3o e o reconhecimento de cores e formas, sendo amplamente utilizado tanto em casa quanto em cl\u00ednicas pedag\u00f3gicas e escolas\u00a0.<\/p>\n<div class=\"details-table-wrapper\">\n<table class=\"product-details-table\">\n<tbody>\n<tr>\n<td>Marca<\/td>\n<td>Carimbras<\/td>\n<\/tr>\n<tr>\n<td>Material<\/td>\n<td>\u00a0MDF<\/td>\n<\/tr>\n<tr>\n<td>Faixa Et\u00e1ria<\/td>\n<td>A partir de 3 Anos<\/td>\n<\/tr>\n<\/tbody>\n<\/table>\n<\/div>\n<\/div>\n<\/div>\n","protected":false},"excerpt":{"rendered":"<p>\u00a0Labirinto Inteligente objetivo do jogo \u00e9 reproduzir no tabuleiro a combina\u00e7\u00e3o de cores e posi\u00e7\u00f5es exibida em cada plaquinha, movendo as pe\u00e7as pelos caminhos do labirinto at\u00e9 formar a figura correta , o jogo desenvolve o racioc\u00ednio l\u00f3gico, a coordena\u00e7\u00e3o<\/p>\n","protected":false},"featured_media":7659,"comment_status":"open","ping_status":"closed","template":"","meta":[],"product_brand":[227],"product_cat":[211],"product_tag":[],"class_list":{"0":"post-7660","1":"product","2":"type-product","3":"status-publish","6":"product_brand-carimbras","7":"product_cat-psicomotricidade-jogos-e-brinquedos","9":"first","10":"instock","11":"shipping-taxable","12":"purchasable","13":"product-type-simple"},"_links":{"self":[{"href":"https:\/\/educaredigital.online\/loja\/wp-json\/wp\/v2\/product\/7660","targetHints":{"allow":["GET"]}}],"collection":[{"href":"https:\/\/educaredigital.online\/loja\/wp-json\/wp\/v2\/product"}],"about":[{"href":"https:\/\/educaredigital.online\/loja\/wp-json\/wp\/v2\/types\/product"}],"replies":[{"embeddable":true,"href":"https:\/\/educaredigital.online\/loja\/wp-json\/wp\/v2\/comments?post=7660"}],"wp:featuredmedia":[{"embeddable":true,"href":"https:\/\/educaredigital.online\/loja\/wp-json\/wp\/v2\/media\/7659"}],"wp:attachment":[{"href":"https:\/\/educaredigital.online\/loja\/wp-json\/wp\/v2\/media?parent=7660"}],"wp:term":[{"taxonomy":"product_brand","embeddable":true,"href":"https:\/\/educaredigital.online\/loja\/wp-json\/wp\/v2\/product_brand?post=7660"},{"taxonomy":"product_cat","embeddable":true,"href":"https:\/\/educaredigital.online\/loja\/wp-json\/wp\/v2\/product_cat?post=7660"},{"taxonomy":"product_tag","embeddable":true,"href":"https:\/\/educaredigital.online\/loja\/wp-json\/wp\/v2\/product_tag?post=7660"}],"curies":[{"name":"wp","href":"https:\/\/api.w.org\/{rel}","templated":true}]}}