{"id":7658,"date":"2026-04-08T20:43:25","date_gmt":"2026-04-08T20:43:25","guid":{"rendered":"https:\/\/educaredigital.online\/loja\/produto\/produto-54\/"},"modified":"2026-04-24T17:22:43","modified_gmt":"2026-04-24T17:22:43","slug":"produto-54","status":"publish","type":"product","link":"https:\/\/educaredigital.online\/loja\/produto\/produto-54\/","title":{"rendered":"Caixinha Veste Bem ELA"},"content":{"rendered":"<div class=\"ds-message _63c77b1\">\n<div class=\"ds-markdown\">\n<p class=\"ds-markdown-paragraph\"><strong>Caixinha Veste Bem Ela<\/strong> \u00e9 um brinquedo educativo em madeira composto por uma caixa ilustrada com um personagem feminino,\u00a0<strong>4 express\u00f5es faciais intercambi\u00e1veis<\/strong>\u00a0e\u00a0<strong>pe\u00e7as de tecido com cores e estampas variadas<\/strong>\u00a0para compor diferentes figurinos. O objetivo \u00e9 vestir a personagem e trocar suas express\u00f5es, estimulando a criatividade, a coordena\u00e7\u00e3o motora fina, a percep\u00e7\u00e3o visual e a intelig\u00eancia emocional ao associar roupas a sentimentos e criar narrativas.<\/p>\n<div class=\"details-table-wrapper\">\n<table class=\"product-details-table\">\n<tbody>\n<tr>\n<td>Marca<\/td>\n<td>Carimbras<\/td>\n<\/tr>\n<tr>\n<td>Material<\/td>\n<td>\u00a0MDF<\/td>\n<\/tr>\n<tr>\n<td>Faixa Et\u00e1ria<\/td>\n<td>A partir de 3 Anos<\/td>\n<\/tr>\n<\/tbody>\n<\/table>\n<\/div>\n<\/div>\n<\/div>\n","protected":false},"excerpt":{"rendered":"<p>Caixinha Veste Bem Ela \u00e9 um brinquedo educativo em madeira composto por uma caixa ilustrada com um personagem feminino,\u00a04 express\u00f5es faciais intercambi\u00e1veis\u00a0e\u00a0pe\u00e7as de tecido com cores e estampas variadas\u00a0para compor diferentes figurinos. O objetivo \u00e9 vestir a personagem e trocar<\/p>\n","protected":false},"featured_media":7657,"comment_status":"open","ping_status":"closed","template":"","meta":[],"product_brand":[227],"product_cat":[211],"product_tag":[],"class_list":{"0":"post-7658","1":"product","2":"type-product","3":"status-publish","6":"product_brand-carimbras","7":"product_cat-psicomotricidade-jogos-e-brinquedos","9":"first","10":"instock","11":"shipping-taxable","12":"purchasable","13":"product-type-simple"},"_links":{"self":[{"href":"https:\/\/educaredigital.online\/loja\/wp-json\/wp\/v2\/product\/7658","targetHints":{"allow":["GET"]}}],"collection":[{"href":"https:\/\/educaredigital.online\/loja\/wp-json\/wp\/v2\/product"}],"about":[{"href":"https:\/\/educaredigital.online\/loja\/wp-json\/wp\/v2\/types\/product"}],"replies":[{"embeddable":true,"href":"https:\/\/educaredigital.online\/loja\/wp-json\/wp\/v2\/comments?post=7658"}],"wp:featuredmedia":[{"embeddable":true,"href":"https:\/\/educaredigital.online\/loja\/wp-json\/wp\/v2\/media\/7657"}],"wp:attachment":[{"href":"https:\/\/educaredigital.online\/loja\/wp-json\/wp\/v2\/media?parent=7658"}],"wp:term":[{"taxonomy":"product_brand","embeddable":true,"href":"https:\/\/educaredigital.online\/loja\/wp-json\/wp\/v2\/product_brand?post=7658"},{"taxonomy":"product_cat","embeddable":true,"href":"https:\/\/educaredigital.online\/loja\/wp-json\/wp\/v2\/product_cat?post=7658"},{"taxonomy":"product_tag","embeddable":true,"href":"https:\/\/educaredigital.online\/loja\/wp-json\/wp\/v2\/product_tag?post=7658"}],"curies":[{"name":"wp","href":"https:\/\/api.w.org\/{rel}","templated":true}]}}