{"id":7652,"date":"2026-04-08T20:43:11","date_gmt":"2026-04-08T20:43:11","guid":{"rendered":"https:\/\/educaredigital.online\/loja\/produto\/produto-51\/"},"modified":"2026-04-24T17:41:31","modified_gmt":"2026-04-24T17:41:31","slug":"produto-51","status":"publish","type":"product","link":"https:\/\/educaredigital.online\/loja\/produto\/produto-51\/","title":{"rendered":"Mem\u00f3ria de S\u00edlabas"},"content":{"rendered":"<p><strong>Mem\u00f3ria de S\u00edlabas<\/strong> \u00e9 um jogo educativo seguindo a mec\u00e2nica cl\u00e1ssica do jogo da mem\u00f3ria, o objetivo \u00e9 encontrar os pares associando cada figura \u00e0 sua s\u00edlaba inicial, promovendo a alfabetiza\u00e7\u00e3o, a percep\u00e7\u00e3o visual, a concentra\u00e7\u00e3o e o racioc\u00ednio l\u00f3gico de forma l\u00fadica.<\/p>\n<div class=\"details-table-wrapper\">\n<table class=\"product-details-table\">\n<tbody>\n<tr>\n<td>Marca<\/td>\n<td>Carimbras<\/td>\n<\/tr>\n<tr>\n<td>Material<\/td>\n<td>\u00a0MDF<\/td>\n<\/tr>\n<tr>\n<td>Faixa Et\u00e1ria<\/td>\n<td>A partir de 3 Anos<\/td>\n<\/tr>\n<\/tbody>\n<\/table>\n<\/div>\n","protected":false},"excerpt":{"rendered":"<p>Mem\u00f3ria de S\u00edlabas \u00e9 um jogo educativo seguindo a mec\u00e2nica cl\u00e1ssica do jogo da mem\u00f3ria, o objetivo \u00e9 encontrar os pares associando cada figura \u00e0 sua s\u00edlaba inicial, promovendo a alfabetiza\u00e7\u00e3o, a percep\u00e7\u00e3o visual, a concentra\u00e7\u00e3o e o racioc\u00ednio l\u00f3gico<\/p>\n","protected":false},"featured_media":7651,"comment_status":"open","ping_status":"closed","template":"","meta":[],"product_brand":[227],"product_cat":[209],"product_tag":[],"class_list":{"0":"post-7652","1":"product","2":"type-product","3":"status-publish","6":"product_brand-carimbras","7":"product_cat-letramento-jogos-e-brinquedos","9":"first","10":"instock","11":"shipping-taxable","12":"purchasable","13":"product-type-simple"},"_links":{"self":[{"href":"https:\/\/educaredigital.online\/loja\/wp-json\/wp\/v2\/product\/7652","targetHints":{"allow":["GET"]}}],"collection":[{"href":"https:\/\/educaredigital.online\/loja\/wp-json\/wp\/v2\/product"}],"about":[{"href":"https:\/\/educaredigital.online\/loja\/wp-json\/wp\/v2\/types\/product"}],"replies":[{"embeddable":true,"href":"https:\/\/educaredigital.online\/loja\/wp-json\/wp\/v2\/comments?post=7652"}],"wp:featuredmedia":[{"embeddable":true,"href":"https:\/\/educaredigital.online\/loja\/wp-json\/wp\/v2\/media\/7651"}],"wp:attachment":[{"href":"https:\/\/educaredigital.online\/loja\/wp-json\/wp\/v2\/media?parent=7652"}],"wp:term":[{"taxonomy":"product_brand","embeddable":true,"href":"https:\/\/educaredigital.online\/loja\/wp-json\/wp\/v2\/product_brand?post=7652"},{"taxonomy":"product_cat","embeddable":true,"href":"https:\/\/educaredigital.online\/loja\/wp-json\/wp\/v2\/product_cat?post=7652"},{"taxonomy":"product_tag","embeddable":true,"href":"https:\/\/educaredigital.online\/loja\/wp-json\/wp\/v2\/product_tag?post=7652"}],"curies":[{"name":"wp","href":"https:\/\/api.w.org\/{rel}","templated":true}]}}