{"id":7650,"date":"2026-04-08T20:43:10","date_gmt":"2026-04-08T20:43:10","guid":{"rendered":"https:\/\/educaredigital.online\/loja\/produto\/produto-50\/"},"modified":"2026-04-24T17:23:14","modified_gmt":"2026-04-24T17:23:14","slug":"produto-50","status":"publish","type":"product","link":"https:\/\/educaredigital.online\/loja\/produto\/produto-50\/","title":{"rendered":"Caminh\u00e3o Zootrans"},"content":{"rendered":"<div class=\"ds-message _63c77b1\">\n<div class=\"ds-markdown\">\n<p class=\"ds-markdown-paragraph\"><strong>Caminh\u00e3o Zootrans<\/strong> \u00a0\u00e9 um brinquedo educativo em madeira composto por um caminh\u00e3o com\u00a0<strong>04 eixos<\/strong>, cabine vermelha de aproximadamente 40cm x 22,5cm x 9cm, que acompanha\u00a0<strong>12 animais representativos em MDF<\/strong>\u00a0e uma\u00a0<strong>cartela de adesivos<\/strong> para personaliza\u00e7\u00e3o. O objetivo \u00e9 transportar os animais na carroceria, estimulando a imagina\u00e7\u00e3o, o faz de conta, a coordena\u00e7\u00e3o motora, a percep\u00e7\u00e3o visual e o aprendizado de cores, formas, tamanhos e nomea\u00e7\u00e3o das figuras.<\/p>\n<div class=\"details-table-wrapper\">\n<table class=\"product-details-table\">\n<tbody>\n<tr>\n<td>Marca<\/td>\n<td>Carimbras<\/td>\n<\/tr>\n<tr>\n<td>Material<\/td>\n<td>\u00a0MDF<\/td>\n<\/tr>\n<tr>\n<td>Faixa Et\u00e1ria<\/td>\n<td>A partir de 1 Ano<\/td>\n<\/tr>\n<\/tbody>\n<\/table>\n<\/div>\n<\/div>\n<\/div>\n","protected":false},"excerpt":{"rendered":"<p>Caminh\u00e3o Zootrans \u00a0\u00e9 um brinquedo educativo em madeira composto por um caminh\u00e3o com\u00a004 eixos, cabine vermelha de aproximadamente 40cm x 22,5cm x 9cm, que acompanha\u00a012 animais representativos em MDF\u00a0e uma\u00a0cartela de adesivos para personaliza\u00e7\u00e3o. O objetivo \u00e9 transportar os animais<\/p>\n","protected":false},"featured_media":7649,"comment_status":"open","ping_status":"closed","template":"","meta":[],"product_brand":[227],"product_cat":[213],"product_tag":[],"class_list":{"0":"post-7650","1":"product","2":"type-product","3":"status-publish","6":"product_brand-carimbras","7":"product_cat-brinquedos-jogos-e-brinquedos","9":"first","10":"instock","11":"shipping-taxable","12":"purchasable","13":"product-type-simple"},"_links":{"self":[{"href":"https:\/\/educaredigital.online\/loja\/wp-json\/wp\/v2\/product\/7650","targetHints":{"allow":["GET"]}}],"collection":[{"href":"https:\/\/educaredigital.online\/loja\/wp-json\/wp\/v2\/product"}],"about":[{"href":"https:\/\/educaredigital.online\/loja\/wp-json\/wp\/v2\/types\/product"}],"replies":[{"embeddable":true,"href":"https:\/\/educaredigital.online\/loja\/wp-json\/wp\/v2\/comments?post=7650"}],"wp:featuredmedia":[{"embeddable":true,"href":"https:\/\/educaredigital.online\/loja\/wp-json\/wp\/v2\/media\/7649"}],"wp:attachment":[{"href":"https:\/\/educaredigital.online\/loja\/wp-json\/wp\/v2\/media?parent=7650"}],"wp:term":[{"taxonomy":"product_brand","embeddable":true,"href":"https:\/\/educaredigital.online\/loja\/wp-json\/wp\/v2\/product_brand?post=7650"},{"taxonomy":"product_cat","embeddable":true,"href":"https:\/\/educaredigital.online\/loja\/wp-json\/wp\/v2\/product_cat?post=7650"},{"taxonomy":"product_tag","embeddable":true,"href":"https:\/\/educaredigital.online\/loja\/wp-json\/wp\/v2\/product_tag?post=7650"}],"curies":[{"name":"wp","href":"https:\/\/api.w.org\/{rel}","templated":true}]}}