{"id":7648,"date":"2026-04-08T20:43:08","date_gmt":"2026-04-08T20:43:08","guid":{"rendered":"https:\/\/educaredigital.online\/loja\/produto\/produto-49\/"},"modified":"2026-04-24T17:19:18","modified_gmt":"2026-04-24T17:19:18","slug":"produto-49","status":"publish","type":"product","link":"https:\/\/educaredigital.online\/loja\/produto\/produto-49\/","title":{"rendered":"Aprendendo as opera\u00e7\u00f5es"},"content":{"rendered":"<div class=\"ds-message _63c77b1\">\n<div class=\"ds-markdown\">\n<p class=\"ds-markdown-paragraph\"><strong>Aprendendo as Opera\u00e7\u00f5es<\/strong> \u00e9 um kit matem\u00e1tico seu principal objetivo \u00e9 ensinar de forma l\u00fadica as <strong>quatro opera\u00e7\u00f5es matem\u00e1ticas<\/strong> (adi\u00e7\u00e3o, subtra\u00e7\u00e3o, multiplica\u00e7\u00e3o e divis\u00e3o), permitindo que a crian\u00e7a reproduza contas e encontre os resultados enquanto desenvolve concentra\u00e7\u00e3o, no\u00e7\u00e3o de orienta\u00e7\u00e3o, associa\u00e7\u00e3o de quantidades, compreens\u00e3o de conjuntos e conceitos de tempo e espa\u00e7o. O\u00a0brinquedo \u00e9 amplamente utilizado em escolas e em casa como ferramenta de apoio pedag\u00f3gico, facilitando a alfabetiza\u00e7\u00e3o matem\u00e1tica de forma interativa e divertida.<\/p>\n<div class=\"details-table-wrapper\">\n<table class=\"product-details-table\">\n<tbody>\n<tr>\n<td>Marca<\/td>\n<td>Carimbras<\/td>\n<\/tr>\n<tr>\n<td>Material<\/td>\n<td>\u00a0Pl\u00e1stico<\/td>\n<\/tr>\n<tr>\n<td>Faixa Et\u00e1ria<\/td>\n<td>A partir de 3 Anos<\/td>\n<\/tr>\n<\/tbody>\n<\/table>\n<\/div>\n<\/div>\n<\/div>\n","protected":false},"excerpt":{"rendered":"<p>Aprendendo as Opera\u00e7\u00f5es \u00e9 um kit matem\u00e1tico seu principal objetivo \u00e9 ensinar de forma l\u00fadica as quatro opera\u00e7\u00f5es matem\u00e1ticas (adi\u00e7\u00e3o, subtra\u00e7\u00e3o, multiplica\u00e7\u00e3o e divis\u00e3o), permitindo que a crian\u00e7a reproduza contas e encontre os resultados enquanto desenvolve concentra\u00e7\u00e3o, no\u00e7\u00e3o de orienta\u00e7\u00e3o,<\/p>\n","protected":false},"featured_media":7647,"comment_status":"open","ping_status":"closed","template":"","meta":[],"product_brand":[227],"product_cat":[210],"product_tag":[],"class_list":{"0":"post-7648","1":"product","2":"type-product","3":"status-publish","6":"product_brand-carimbras","7":"product_cat-matematica-jogos-e-brinquedos","9":"first","10":"instock","11":"shipping-taxable","12":"purchasable","13":"product-type-simple"},"_links":{"self":[{"href":"https:\/\/educaredigital.online\/loja\/wp-json\/wp\/v2\/product\/7648","targetHints":{"allow":["GET"]}}],"collection":[{"href":"https:\/\/educaredigital.online\/loja\/wp-json\/wp\/v2\/product"}],"about":[{"href":"https:\/\/educaredigital.online\/loja\/wp-json\/wp\/v2\/types\/product"}],"replies":[{"embeddable":true,"href":"https:\/\/educaredigital.online\/loja\/wp-json\/wp\/v2\/comments?post=7648"}],"wp:featuredmedia":[{"embeddable":true,"href":"https:\/\/educaredigital.online\/loja\/wp-json\/wp\/v2\/media\/7647"}],"wp:attachment":[{"href":"https:\/\/educaredigital.online\/loja\/wp-json\/wp\/v2\/media?parent=7648"}],"wp:term":[{"taxonomy":"product_brand","embeddable":true,"href":"https:\/\/educaredigital.online\/loja\/wp-json\/wp\/v2\/product_brand?post=7648"},{"taxonomy":"product_cat","embeddable":true,"href":"https:\/\/educaredigital.online\/loja\/wp-json\/wp\/v2\/product_cat?post=7648"},{"taxonomy":"product_tag","embeddable":true,"href":"https:\/\/educaredigital.online\/loja\/wp-json\/wp\/v2\/product_tag?post=7648"}],"curies":[{"name":"wp","href":"https:\/\/api.w.org\/{rel}","templated":true}]}}