{"id":7646,"date":"2026-04-08T20:43:07","date_gmt":"2026-04-08T20:43:07","guid":{"rendered":"https:\/\/educaredigital.online\/loja\/produto\/produto-48\/"},"modified":"2026-04-24T17:31:50","modified_gmt":"2026-04-24T17:31:50","slug":"produto-48","status":"publish","type":"product","link":"https:\/\/educaredigital.online\/loja\/produto\/produto-48\/","title":{"rendered":"Encaixe Vertical"},"content":{"rendered":"<p><strong>Encaixe Vertical<\/strong> \u00a0\u00e9 um brinquedo educativo em madeira composto por uma base retangular com pinos verticais e\u00a0<strong>13 pe\u00e7as coloridas<\/strong>\u00a0de diferentes formatos e tamanhos, sendo 6 delas decoradas com figuras. O objetivo \u00e9 encaixar as pe\u00e7as nos pinos, explorando no\u00e7\u00f5es de equil\u00edbrio, espessura e ordena\u00e7\u00e3o, enquanto a crian\u00e7a desenvolve a\u00a0<strong>coordena\u00e7\u00e3o motora fina, o reconhecimento de cores e formas, o racioc\u00ednio l\u00f3gico e a concentra\u00e7\u00e3o<\/strong>. Pode ser utilizado individualmente ou em grupo e \u00e9 amplamente recomendado por psicopedagogos e educadores como recurso terap\u00eautico e pedag\u00f3gico.<\/p>\n<div class=\"details-table-wrapper\">\n<table class=\"product-details-table\">\n<tbody>\n<tr>\n<td>Marca<\/td>\n<td>Carimbras<\/td>\n<\/tr>\n<tr>\n<td>Material<\/td>\n<td>\u00a0MDF<\/td>\n<\/tr>\n<tr>\n<td>Faixa Et\u00e1ria<\/td>\n<td>A partir de 1 Ano<\/td>\n<\/tr>\n<\/tbody>\n<\/table>\n<\/div>\n","protected":false},"excerpt":{"rendered":"<p>Encaixe Vertical \u00a0\u00e9 um brinquedo educativo em madeira composto por uma base retangular com pinos verticais e\u00a013 pe\u00e7as coloridas\u00a0de diferentes formatos e tamanhos, sendo 6 delas decoradas com figuras. O objetivo \u00e9 encaixar as pe\u00e7as nos pinos, explorando no\u00e7\u00f5es de<\/p>\n","protected":false},"featured_media":7645,"comment_status":"open","ping_status":"closed","template":"","meta":[],"product_brand":[227],"product_cat":[211],"product_tag":[],"class_list":{"0":"post-7646","1":"product","2":"type-product","3":"status-publish","6":"product_brand-carimbras","7":"product_cat-psicomotricidade-jogos-e-brinquedos","9":"first","10":"instock","11":"shipping-taxable","12":"purchasable","13":"product-type-simple"},"_links":{"self":[{"href":"https:\/\/educaredigital.online\/loja\/wp-json\/wp\/v2\/product\/7646","targetHints":{"allow":["GET"]}}],"collection":[{"href":"https:\/\/educaredigital.online\/loja\/wp-json\/wp\/v2\/product"}],"about":[{"href":"https:\/\/educaredigital.online\/loja\/wp-json\/wp\/v2\/types\/product"}],"replies":[{"embeddable":true,"href":"https:\/\/educaredigital.online\/loja\/wp-json\/wp\/v2\/comments?post=7646"}],"wp:featuredmedia":[{"embeddable":true,"href":"https:\/\/educaredigital.online\/loja\/wp-json\/wp\/v2\/media\/7645"}],"wp:attachment":[{"href":"https:\/\/educaredigital.online\/loja\/wp-json\/wp\/v2\/media?parent=7646"}],"wp:term":[{"taxonomy":"product_brand","embeddable":true,"href":"https:\/\/educaredigital.online\/loja\/wp-json\/wp\/v2\/product_brand?post=7646"},{"taxonomy":"product_cat","embeddable":true,"href":"https:\/\/educaredigital.online\/loja\/wp-json\/wp\/v2\/product_cat?post=7646"},{"taxonomy":"product_tag","embeddable":true,"href":"https:\/\/educaredigital.online\/loja\/wp-json\/wp\/v2\/product_tag?post=7646"}],"curies":[{"name":"wp","href":"https:\/\/api.w.org\/{rel}","templated":true}]}}