{"id":7644,"date":"2026-04-08T20:43:06","date_gmt":"2026-04-08T20:43:06","guid":{"rendered":"https:\/\/educaredigital.online\/loja\/produto\/produto-47\/"},"modified":"2026-04-24T17:47:08","modified_gmt":"2026-04-24T17:47:08","slug":"produto-47","status":"publish","type":"product","link":"https:\/\/educaredigital.online\/loja\/produto\/produto-47\/","title":{"rendered":"Passa C\u00edrculos"},"content":{"rendered":"<div class=\"ds-message _63c77b1\">\n<div class=\"ds-markdown\">\n<p class=\"ds-markdown-paragraph\"><strong>Passa C\u00edrculos<\/strong>\u00a0\u00e9 um brinquedo educativo de madeira que desafia a crian\u00e7a a encaixar e rosquear 16 c\u00edrculos coloridos em uma prancha com pinos. Este processo desenvolve a <strong>coordena\u00e7\u00e3o bimanual<\/strong>, a\u00a0<strong>motricidade fina<\/strong>, a\u00a0<strong>percep\u00e7\u00e3o espacial<\/strong>\u00a0e a\u00a0<strong>l\u00f3gica.<\/strong><\/p>\n<div class=\"details-table-wrapper\">\n<table class=\"product-details-table\">\n<tbody>\n<tr>\n<td>Marca<\/td>\n<td>Carimbras<\/td>\n<\/tr>\n<tr>\n<td>Material<\/td>\n<td>\u00a0Madeira<\/td>\n<\/tr>\n<tr>\n<td>Faixa Et\u00e1ria<\/td>\n<td>A partir de 3 Anos<\/td>\n<\/tr>\n<\/tbody>\n<\/table>\n<\/div>\n<\/div>\n<\/div>\n","protected":false},"excerpt":{"rendered":"<p>Passa C\u00edrculos\u00a0\u00e9 um brinquedo educativo de madeira que desafia a crian\u00e7a a encaixar e rosquear 16 c\u00edrculos coloridos em uma prancha com pinos. Este processo desenvolve a coordena\u00e7\u00e3o bimanual, a\u00a0motricidade fina, a\u00a0percep\u00e7\u00e3o espacial\u00a0e a\u00a0l\u00f3gica. Marca Carimbras Material \u00a0Madeira Faixa Et\u00e1ria<\/p>\n","protected":false},"featured_media":7643,"comment_status":"open","ping_status":"closed","template":"","meta":[],"product_brand":[227],"product_cat":[211],"product_tag":[],"class_list":{"0":"post-7644","1":"product","2":"type-product","3":"status-publish","6":"product_brand-carimbras","7":"product_cat-psicomotricidade-jogos-e-brinquedos","9":"first","10":"instock","11":"shipping-taxable","12":"purchasable","13":"product-type-simple"},"_links":{"self":[{"href":"https:\/\/educaredigital.online\/loja\/wp-json\/wp\/v2\/product\/7644","targetHints":{"allow":["GET"]}}],"collection":[{"href":"https:\/\/educaredigital.online\/loja\/wp-json\/wp\/v2\/product"}],"about":[{"href":"https:\/\/educaredigital.online\/loja\/wp-json\/wp\/v2\/types\/product"}],"replies":[{"embeddable":true,"href":"https:\/\/educaredigital.online\/loja\/wp-json\/wp\/v2\/comments?post=7644"}],"wp:featuredmedia":[{"embeddable":true,"href":"https:\/\/educaredigital.online\/loja\/wp-json\/wp\/v2\/media\/7643"}],"wp:attachment":[{"href":"https:\/\/educaredigital.online\/loja\/wp-json\/wp\/v2\/media?parent=7644"}],"wp:term":[{"taxonomy":"product_brand","embeddable":true,"href":"https:\/\/educaredigital.online\/loja\/wp-json\/wp\/v2\/product_brand?post=7644"},{"taxonomy":"product_cat","embeddable":true,"href":"https:\/\/educaredigital.online\/loja\/wp-json\/wp\/v2\/product_cat?post=7644"},{"taxonomy":"product_tag","embeddable":true,"href":"https:\/\/educaredigital.online\/loja\/wp-json\/wp\/v2\/product_tag?post=7644"}],"curies":[{"name":"wp","href":"https:\/\/api.w.org\/{rel}","templated":true}]}}