{"id":7636,"date":"2026-04-08T20:42:58","date_gmt":"2026-04-08T20:42:58","guid":{"rendered":"https:\/\/educaredigital.online\/loja\/produto\/produto-43\/"},"modified":"2026-04-24T17:35:14","modified_gmt":"2026-04-24T17:35:14","slug":"produto-43","status":"publish","type":"product","link":"https:\/\/educaredigital.online\/loja\/produto\/produto-43\/","title":{"rendered":"Jogo R\u00e1pido"},"content":{"rendered":"<p><strong>Jogo R\u00e1pido <\/strong>\u00e9 um jogo de tabuleiro din\u00e2mico e interativo que desafia os reflexos e o racioc\u00ednio l\u00f3gico. Seu principal objetivo \u00e9 ser o primeiro a associar corretamente as figuras das suas fichas com as imagens nos tabuleiros, cobrindo cada combina\u00e7\u00e3o com um pino da sua cor. Esta din\u00e2mica de velocidade promove o desenvolvimento da agilidade mental, da percep\u00e7\u00e3o visual e da capacidade de tomar decis\u00f5es r\u00e1pidas em um ambiente de competi\u00e7\u00e3o saud\u00e1vel.<\/p>\n<div class=\"details-table-wrapper\">\n<table class=\"product-details-table\">\n<tbody>\n<tr>\n<td>Marca<\/td>\n<td>Carimbras<\/td>\n<\/tr>\n<tr>\n<td>Material<\/td>\n<td>\u00a0MDF<\/td>\n<\/tr>\n<tr>\n<td>Faixa Et\u00e1ria<\/td>\n<td>A partir de 7 Anos<\/td>\n<\/tr>\n<\/tbody>\n<\/table>\n<\/div>\n","protected":false},"excerpt":{"rendered":"<p>Jogo R\u00e1pido \u00e9 um jogo de tabuleiro din\u00e2mico e interativo que desafia os reflexos e o racioc\u00ednio l\u00f3gico. Seu principal objetivo \u00e9 ser o primeiro a associar corretamente as figuras das suas fichas com as imagens nos tabuleiros, cobrindo cada<\/p>\n","protected":false},"featured_media":7635,"comment_status":"open","ping_status":"closed","template":"","meta":[],"product_brand":[227],"product_cat":[212],"product_tag":[],"class_list":{"0":"post-7636","1":"product","2":"type-product","3":"status-publish","6":"product_brand-carimbras","7":"product_cat-tabuleiros-jogos-e-brinquedos","9":"first","10":"instock","11":"shipping-taxable","12":"purchasable","13":"product-type-simple"},"_links":{"self":[{"href":"https:\/\/educaredigital.online\/loja\/wp-json\/wp\/v2\/product\/7636","targetHints":{"allow":["GET"]}}],"collection":[{"href":"https:\/\/educaredigital.online\/loja\/wp-json\/wp\/v2\/product"}],"about":[{"href":"https:\/\/educaredigital.online\/loja\/wp-json\/wp\/v2\/types\/product"}],"replies":[{"embeddable":true,"href":"https:\/\/educaredigital.online\/loja\/wp-json\/wp\/v2\/comments?post=7636"}],"wp:featuredmedia":[{"embeddable":true,"href":"https:\/\/educaredigital.online\/loja\/wp-json\/wp\/v2\/media\/7635"}],"wp:attachment":[{"href":"https:\/\/educaredigital.online\/loja\/wp-json\/wp\/v2\/media?parent=7636"}],"wp:term":[{"taxonomy":"product_brand","embeddable":true,"href":"https:\/\/educaredigital.online\/loja\/wp-json\/wp\/v2\/product_brand?post=7636"},{"taxonomy":"product_cat","embeddable":true,"href":"https:\/\/educaredigital.online\/loja\/wp-json\/wp\/v2\/product_cat?post=7636"},{"taxonomy":"product_tag","embeddable":true,"href":"https:\/\/educaredigital.online\/loja\/wp-json\/wp\/v2\/product_tag?post=7636"}],"curies":[{"name":"wp","href":"https:\/\/api.w.org\/{rel}","templated":true}]}}