{"id":7634,"date":"2026-04-08T20:42:56","date_gmt":"2026-04-08T20:42:56","guid":{"rendered":"https:\/\/educaredigital.online\/loja\/produto\/produto-42\/"},"modified":"2026-04-24T17:25:25","modified_gmt":"2026-04-24T17:25:25","slug":"produto-42","status":"publish","type":"product","link":"https:\/\/educaredigital.online\/loja\/produto\/produto-42\/","title":{"rendered":"Cores e Formas"},"content":{"rendered":"<div class=\"ds-message _63c77b1\">\n<div class=\"ds-markdown\">\n<p class=\"ds-markdown-paragraph\"><strong>Cores e Formas<\/strong> \u00e9 um jogo educativo em madeira composto por 1 base, 6 pe\u00e7as geom\u00e9tricas (quadrado, c\u00edrculo, ret\u00e2ngulo e tri\u00e2ngulo) e 16 cards de desafio. O objetivo \u00e9 escolher um card, observar a posi\u00e7\u00e3o e a cor das figuras representadas e encaixar as pe\u00e7as vazadas sobre os ret\u00e2ngulos coloridos da base, reproduzindo exatamente o modelo, o brinquedo trabalha o reconhecimento de cores e formas geom\u00e9tricas, a interpreta\u00e7\u00e3o de informa\u00e7\u00f5es, a associa\u00e7\u00e3o de cores, o racioc\u00ednio l\u00f3gico e a coordena\u00e7\u00e3o motora<\/p>\n<div class=\"details-table-wrapper\">\n<table class=\"product-details-table\">\n<tbody>\n<tr>\n<td>Marca<\/td>\n<td>Carimbras<\/td>\n<\/tr>\n<tr>\n<td>Material<\/td>\n<td>\u00a0MDF<\/td>\n<\/tr>\n<tr>\n<td>Faixa Et\u00e1ria<\/td>\n<td>A partir de 1 Ano<\/td>\n<\/tr>\n<\/tbody>\n<\/table>\n<\/div>\n<\/div>\n<\/div>\n","protected":false},"excerpt":{"rendered":"<p>Cores e Formas \u00e9 um jogo educativo em madeira composto por 1 base, 6 pe\u00e7as geom\u00e9tricas (quadrado, c\u00edrculo, ret\u00e2ngulo e tri\u00e2ngulo) e 16 cards de desafio. O objetivo \u00e9 escolher um card, observar a posi\u00e7\u00e3o e a cor das figuras<\/p>\n","protected":false},"featured_media":7633,"comment_status":"open","ping_status":"closed","template":"","meta":[],"product_brand":[227],"product_cat":[211],"product_tag":[],"class_list":{"0":"post-7634","1":"product","2":"type-product","3":"status-publish","6":"product_brand-carimbras","7":"product_cat-psicomotricidade-jogos-e-brinquedos","9":"first","10":"instock","11":"shipping-taxable","12":"purchasable","13":"product-type-simple"},"_links":{"self":[{"href":"https:\/\/educaredigital.online\/loja\/wp-json\/wp\/v2\/product\/7634","targetHints":{"allow":["GET"]}}],"collection":[{"href":"https:\/\/educaredigital.online\/loja\/wp-json\/wp\/v2\/product"}],"about":[{"href":"https:\/\/educaredigital.online\/loja\/wp-json\/wp\/v2\/types\/product"}],"replies":[{"embeddable":true,"href":"https:\/\/educaredigital.online\/loja\/wp-json\/wp\/v2\/comments?post=7634"}],"wp:featuredmedia":[{"embeddable":true,"href":"https:\/\/educaredigital.online\/loja\/wp-json\/wp\/v2\/media\/7633"}],"wp:attachment":[{"href":"https:\/\/educaredigital.online\/loja\/wp-json\/wp\/v2\/media?parent=7634"}],"wp:term":[{"taxonomy":"product_brand","embeddable":true,"href":"https:\/\/educaredigital.online\/loja\/wp-json\/wp\/v2\/product_brand?post=7634"},{"taxonomy":"product_cat","embeddable":true,"href":"https:\/\/educaredigital.online\/loja\/wp-json\/wp\/v2\/product_cat?post=7634"},{"taxonomy":"product_tag","embeddable":true,"href":"https:\/\/educaredigital.online\/loja\/wp-json\/wp\/v2\/product_tag?post=7634"}],"curies":[{"name":"wp","href":"https:\/\/api.w.org\/{rel}","templated":true}]}}