{"id":7632,"date":"2026-04-08T20:42:55","date_gmt":"2026-04-08T20:42:55","guid":{"rendered":"https:\/\/educaredigital.online\/loja\/produto\/produto-41\/"},"modified":"2026-04-24T17:25:25","modified_gmt":"2026-04-24T17:25:25","slug":"produto-41","status":"publish","type":"product","link":"https:\/\/educaredigital.online\/loja\/produto\/produto-41\/","title":{"rendered":"Cores e Posi\u00e7\u00f5es"},"content":{"rendered":"<div class=\"ds-message _63c77b1\">\n<div class=\"ds-markdown\">\n<p class=\"ds-markdown-paragraph\"><strong>Cores e Posi\u00e7\u00f5es<\/strong> \u00e9 um brinquedo educativo composto por uma pr\u00e1tica caixa tipo estojo em cuja tampa se transforma em um tabuleiro. O objetivo do jogo \u00e9 escolher uma ficha, observar a posi\u00e7\u00e3o de cada &#8220;bonequinho&#8221; e a cor do c\u00edrculo que representa sua cabe\u00e7a, e ent\u00e3o colocar uma esfera pl\u00e1stica da mesma cor nos orif\u00edcios do tabuleiro correspondentes \u00e0 posi\u00e7\u00e3o de todos os bonequinhos, sempre utilizando quatro esferas de cada cor. Dessa forma, o brinquedo trabalha o desenvolvimento cognitivo, os conceitos b\u00e1sicos da Matem\u00e1tica, a coordena\u00e7\u00e3o motora e a correspond\u00eancia entre cores e n\u00fameros.<\/p>\n<div class=\"details-table-wrapper\">\n<table class=\"product-details-table\">\n<tbody>\n<tr>\n<td>Marca<\/td>\n<td>Carimbras<\/td>\n<\/tr>\n<tr>\n<td>Material<\/td>\n<td>\u00a0MDF<\/td>\n<\/tr>\n<tr>\n<td>Faixa Et\u00e1ria<\/td>\n<td>A partir de 3 Anos<\/td>\n<\/tr>\n<\/tbody>\n<\/table>\n<\/div>\n<\/div>\n<\/div>\n","protected":false},"excerpt":{"rendered":"<p>Cores e Posi\u00e7\u00f5es \u00e9 um brinquedo educativo composto por uma pr\u00e1tica caixa tipo estojo em cuja tampa se transforma em um tabuleiro. O objetivo do jogo \u00e9 escolher uma ficha, observar a posi\u00e7\u00e3o de cada &#8220;bonequinho&#8221; e a cor do<\/p>\n","protected":false},"featured_media":7631,"comment_status":"open","ping_status":"closed","template":"","meta":[],"product_brand":[227],"product_cat":[211],"product_tag":[],"class_list":{"0":"post-7632","1":"product","2":"type-product","3":"status-publish","6":"product_brand-carimbras","7":"product_cat-psicomotricidade-jogos-e-brinquedos","9":"first","10":"instock","11":"shipping-taxable","12":"purchasable","13":"product-type-simple"},"_links":{"self":[{"href":"https:\/\/educaredigital.online\/loja\/wp-json\/wp\/v2\/product\/7632","targetHints":{"allow":["GET"]}}],"collection":[{"href":"https:\/\/educaredigital.online\/loja\/wp-json\/wp\/v2\/product"}],"about":[{"href":"https:\/\/educaredigital.online\/loja\/wp-json\/wp\/v2\/types\/product"}],"replies":[{"embeddable":true,"href":"https:\/\/educaredigital.online\/loja\/wp-json\/wp\/v2\/comments?post=7632"}],"wp:featuredmedia":[{"embeddable":true,"href":"https:\/\/educaredigital.online\/loja\/wp-json\/wp\/v2\/media\/7631"}],"wp:attachment":[{"href":"https:\/\/educaredigital.online\/loja\/wp-json\/wp\/v2\/media?parent=7632"}],"wp:term":[{"taxonomy":"product_brand","embeddable":true,"href":"https:\/\/educaredigital.online\/loja\/wp-json\/wp\/v2\/product_brand?post=7632"},{"taxonomy":"product_cat","embeddable":true,"href":"https:\/\/educaredigital.online\/loja\/wp-json\/wp\/v2\/product_cat?post=7632"},{"taxonomy":"product_tag","embeddable":true,"href":"https:\/\/educaredigital.online\/loja\/wp-json\/wp\/v2\/product_tag?post=7632"}],"curies":[{"name":"wp","href":"https:\/\/api.w.org\/{rel}","templated":true}]}}