{"id":7628,"date":"2026-04-08T20:42:49","date_gmt":"2026-04-08T20:42:49","guid":{"rendered":"https:\/\/educaredigital.online\/loja\/produto\/produto-39\/"},"modified":"2026-04-24T17:50:40","modified_gmt":"2026-04-24T17:50:40","slug":"produto-39","status":"publish","type":"product","link":"https:\/\/educaredigital.online\/loja\/produto\/produto-39\/","title":{"rendered":"Treino Cerebral"},"content":{"rendered":"<div class=\"ds-message _63c77b1\">\n<div class=\"ds-markdown\">\n<p class=\"ds-markdown-paragraph\"><strong>Treino Cerebral<\/strong> \u00a0O objetivo do jogo \u00e9 reproduzir as ilustra\u00e7\u00f5es mostradas nas placas modelo, posicionando os pinos coloridos nos orif\u00edcios da placa-gabarito conforme a cor e a posi\u00e7\u00e3o indicadas, desafiando a crian\u00e7a a planejar e executar cada composi\u00e7\u00e3o\u00a0, o brinquedo pode ser utilizado individualmente e trabalha a <strong>coordena\u00e7\u00e3o motora fina<\/strong>, a\u00a0<strong>discrimina\u00e7\u00e3o visual<\/strong>, a\u00a0<strong>classifica\u00e7\u00e3o de cores<\/strong>, o\u00a0<strong>racioc\u00ednio l\u00f3gico<\/strong>, a\u00a0<strong>concentra\u00e7\u00e3o<\/strong>\u00a0e a\u00a0<strong>percep\u00e7\u00e3o t\u00e1til<\/strong> de forma l\u00fadica e desafiadora.<\/p>\n<div class=\"details-table-wrapper\">\n<table class=\"product-details-table\">\n<tbody>\n<tr>\n<td>Marca<\/td>\n<td>Carimbras<\/td>\n<\/tr>\n<tr>\n<td>Material<\/td>\n<td>MDF<\/td>\n<\/tr>\n<tr>\n<td>Faixa Et\u00e1ria<\/td>\n<td>A partir de 3 Anos<\/td>\n<\/tr>\n<\/tbody>\n<\/table>\n<\/div>\n<\/div>\n<\/div>\n","protected":false},"excerpt":{"rendered":"<p>Treino Cerebral \u00a0O objetivo do jogo \u00e9 reproduzir as ilustra\u00e7\u00f5es mostradas nas placas modelo, posicionando os pinos coloridos nos orif\u00edcios da placa-gabarito conforme a cor e a posi\u00e7\u00e3o indicadas, desafiando a crian\u00e7a a planejar e executar cada composi\u00e7\u00e3o\u00a0, o brinquedo<\/p>\n","protected":false},"featured_media":7627,"comment_status":"open","ping_status":"closed","template":"","meta":[],"product_brand":[227],"product_cat":[211],"product_tag":[],"class_list":{"0":"post-7628","1":"product","2":"type-product","3":"status-publish","6":"product_brand-carimbras","7":"product_cat-psicomotricidade-jogos-e-brinquedos","9":"first","10":"instock","11":"shipping-taxable","12":"purchasable","13":"product-type-simple"},"_links":{"self":[{"href":"https:\/\/educaredigital.online\/loja\/wp-json\/wp\/v2\/product\/7628","targetHints":{"allow":["GET"]}}],"collection":[{"href":"https:\/\/educaredigital.online\/loja\/wp-json\/wp\/v2\/product"}],"about":[{"href":"https:\/\/educaredigital.online\/loja\/wp-json\/wp\/v2\/types\/product"}],"replies":[{"embeddable":true,"href":"https:\/\/educaredigital.online\/loja\/wp-json\/wp\/v2\/comments?post=7628"}],"wp:featuredmedia":[{"embeddable":true,"href":"https:\/\/educaredigital.online\/loja\/wp-json\/wp\/v2\/media\/7627"}],"wp:attachment":[{"href":"https:\/\/educaredigital.online\/loja\/wp-json\/wp\/v2\/media?parent=7628"}],"wp:term":[{"taxonomy":"product_brand","embeddable":true,"href":"https:\/\/educaredigital.online\/loja\/wp-json\/wp\/v2\/product_brand?post=7628"},{"taxonomy":"product_cat","embeddable":true,"href":"https:\/\/educaredigital.online\/loja\/wp-json\/wp\/v2\/product_cat?post=7628"},{"taxonomy":"product_tag","embeddable":true,"href":"https:\/\/educaredigital.online\/loja\/wp-json\/wp\/v2\/product_tag?post=7628"}],"curies":[{"name":"wp","href":"https:\/\/api.w.org\/{rel}","templated":true}]}}