{"id":7624,"date":"2026-04-08T20:42:46","date_gmt":"2026-04-08T20:42:46","guid":{"rendered":"https:\/\/educaredigital.online\/loja\/produto\/produto-37\/"},"modified":"2026-04-24T17:47:40","modified_gmt":"2026-04-24T17:47:40","slug":"produto-37","status":"publish","type":"product","link":"https:\/\/educaredigital.online\/loja\/produto\/produto-37\/","title":{"rendered":"Pegs e Jokers"},"content":{"rendered":"<div class=\"ds-message _63c77b1\">\n<div class=\"ds-markdown\">\n<p class=\"ds-markdown-paragraph\"><strong>Pegs e Jokers<\/strong>\u00a0da\u00a0<strong>Carimbras<\/strong> \u00e9 uma vers\u00e3o nacional do cl\u00e1ssico jogo americano que mistura elementos de Ludo, estrat\u00e9gia e sorte com o uso de cartas de baralho . O objetivo \u00e9 ser o primeiro a levar todas as suas 5 pe\u00e7as do ponto de partida at\u00e9 a chegada, movendo-as no sentido hor\u00e1rio pelo tabuleiro de acordo com os comandos das cartas \u2014 por exemplo, o \u00c1s permite sair da \u00e1rea inicial, cartas de figuras (J, Q, K) avan\u00e7am 10 casas, o 8 anda 8 casas para tr\u00e1s e o\u00a0<strong>Coringa (Joker)<\/strong> \u00e9 a carta mais poderosa, permitindo mover uma pe\u00e7a diretamente para a sa\u00edda ou trocar de posi\u00e7\u00e3o com outra pe\u00e7a do tabuleiro, inclusive de advers\u00e1rios\u00a0.<\/p>\n<div class=\"details-table-wrapper\">\n<table class=\"product-details-table\">\n<tbody>\n<tr>\n<td>Marca<\/td>\n<td>Carimbras<\/td>\n<\/tr>\n<tr>\n<td>Material<\/td>\n<td>MDF<\/td>\n<\/tr>\n<tr>\n<td>Faixa Et\u00e1ria<\/td>\n<td>A partir de 3 Anos<\/td>\n<\/tr>\n<tr>\n<td>Quantidade De Jogadores<\/td>\n<td>2 a 8 Jogadores<\/td>\n<\/tr>\n<\/tbody>\n<\/table>\n<\/div>\n<\/div>\n<\/div>\n","protected":false},"excerpt":{"rendered":"<p>Pegs e Jokers\u00a0da\u00a0Carimbras \u00e9 uma vers\u00e3o nacional do cl\u00e1ssico jogo americano que mistura elementos de Ludo, estrat\u00e9gia e sorte com o uso de cartas de baralho . O objetivo \u00e9 ser o primeiro a levar todas as suas 5 pe\u00e7as<\/p>\n","protected":false},"featured_media":7623,"comment_status":"open","ping_status":"closed","template":"","meta":[],"product_brand":[227],"product_cat":[212],"product_tag":[],"class_list":{"0":"post-7624","1":"product","2":"type-product","3":"status-publish","6":"product_brand-carimbras","7":"product_cat-tabuleiros-jogos-e-brinquedos","9":"first","10":"instock","11":"shipping-taxable","12":"purchasable","13":"product-type-simple"},"_links":{"self":[{"href":"https:\/\/educaredigital.online\/loja\/wp-json\/wp\/v2\/product\/7624","targetHints":{"allow":["GET"]}}],"collection":[{"href":"https:\/\/educaredigital.online\/loja\/wp-json\/wp\/v2\/product"}],"about":[{"href":"https:\/\/educaredigital.online\/loja\/wp-json\/wp\/v2\/types\/product"}],"replies":[{"embeddable":true,"href":"https:\/\/educaredigital.online\/loja\/wp-json\/wp\/v2\/comments?post=7624"}],"wp:featuredmedia":[{"embeddable":true,"href":"https:\/\/educaredigital.online\/loja\/wp-json\/wp\/v2\/media\/7623"}],"wp:attachment":[{"href":"https:\/\/educaredigital.online\/loja\/wp-json\/wp\/v2\/media?parent=7624"}],"wp:term":[{"taxonomy":"product_brand","embeddable":true,"href":"https:\/\/educaredigital.online\/loja\/wp-json\/wp\/v2\/product_brand?post=7624"},{"taxonomy":"product_cat","embeddable":true,"href":"https:\/\/educaredigital.online\/loja\/wp-json\/wp\/v2\/product_cat?post=7624"},{"taxonomy":"product_tag","embeddable":true,"href":"https:\/\/educaredigital.online\/loja\/wp-json\/wp\/v2\/product_tag?post=7624"}],"curies":[{"name":"wp","href":"https:\/\/api.w.org\/{rel}","templated":true}]}}