{"id":7620,"date":"2026-04-08T20:42:44","date_gmt":"2026-04-08T20:42:44","guid":{"rendered":"https:\/\/educaredigital.online\/loja\/produto\/produto-35\/"},"modified":"2026-04-24T17:37:17","modified_gmt":"2026-04-24T17:37:17","slug":"produto-35","status":"publish","type":"product","link":"https:\/\/educaredigital.online\/loja\/produto\/produto-35\/","title":{"rendered":"Labirinto Magn\u00e9tico"},"content":{"rendered":"<div class=\"ds-message _63c77b1\">\n<div class=\"ds-markdown\">\n<p class=\"ds-markdown-paragraph\"><strong>Labirinto Magn\u00e9tico<\/strong> \u00a0\u00e9 um jogo educativo que geralmente utiliza uma caneta com \u00edm\u00e3 para conduzir bolinhas met\u00e1licas atrav\u00e9s de um labirinto sob uma superf\u00edcie transparente. A proposta \u00e9 guiar as esferas pelos caminhos at\u00e9 os pontos de destino, trabalhando habilidades como coordena\u00e7\u00e3o motora fina, controle de movimentos e concentra\u00e7\u00e3o. Indicado para a educa\u00e7\u00e3o infantil, este tipo de brinquedo tamb\u00e9m contribui para o desenvolvimento da percep\u00e7\u00e3o visual e da no\u00e7\u00e3o espacial.<\/p>\n<div class=\"details-table-wrapper\">\n<table class=\"product-details-table\">\n<tbody>\n<tr>\n<td>Marca<\/td>\n<td>Carimbras<\/td>\n<\/tr>\n<tr>\n<td>Material<\/td>\n<td>MDF<\/td>\n<\/tr>\n<tr>\n<td>Faixa Et\u00e1ria<\/td>\n<td>A partir de 3 Anos<\/td>\n<\/tr>\n<\/tbody>\n<\/table>\n<\/div>\n<\/div>\n<\/div>\n","protected":false},"excerpt":{"rendered":"<p>Labirinto Magn\u00e9tico \u00a0\u00e9 um jogo educativo que geralmente utiliza uma caneta com \u00edm\u00e3 para conduzir bolinhas met\u00e1licas atrav\u00e9s de um labirinto sob uma superf\u00edcie transparente. A proposta \u00e9 guiar as esferas pelos caminhos at\u00e9 os pontos de destino, trabalhando habilidades<\/p>\n","protected":false},"featured_media":7619,"comment_status":"open","ping_status":"closed","template":"","meta":[],"product_brand":[227],"product_cat":[211],"product_tag":[],"class_list":{"0":"post-7620","1":"product","2":"type-product","3":"status-publish","6":"product_brand-carimbras","7":"product_cat-psicomotricidade-jogos-e-brinquedos","9":"first","10":"instock","11":"shipping-taxable","12":"purchasable","13":"product-type-simple"},"_links":{"self":[{"href":"https:\/\/educaredigital.online\/loja\/wp-json\/wp\/v2\/product\/7620","targetHints":{"allow":["GET"]}}],"collection":[{"href":"https:\/\/educaredigital.online\/loja\/wp-json\/wp\/v2\/product"}],"about":[{"href":"https:\/\/educaredigital.online\/loja\/wp-json\/wp\/v2\/types\/product"}],"replies":[{"embeddable":true,"href":"https:\/\/educaredigital.online\/loja\/wp-json\/wp\/v2\/comments?post=7620"}],"wp:featuredmedia":[{"embeddable":true,"href":"https:\/\/educaredigital.online\/loja\/wp-json\/wp\/v2\/media\/7619"}],"wp:attachment":[{"href":"https:\/\/educaredigital.online\/loja\/wp-json\/wp\/v2\/media?parent=7620"}],"wp:term":[{"taxonomy":"product_brand","embeddable":true,"href":"https:\/\/educaredigital.online\/loja\/wp-json\/wp\/v2\/product_brand?post=7620"},{"taxonomy":"product_cat","embeddable":true,"href":"https:\/\/educaredigital.online\/loja\/wp-json\/wp\/v2\/product_cat?post=7620"},{"taxonomy":"product_tag","embeddable":true,"href":"https:\/\/educaredigital.online\/loja\/wp-json\/wp\/v2\/product_tag?post=7620"}],"curies":[{"name":"wp","href":"https:\/\/api.w.org\/{rel}","templated":true}]}}